{"id":4809,"date":"2020-05-19T14:34:42","date_gmt":"2020-05-19T12:34:42","guid":{"rendered":"https:\/\/lyckseledjurpark.se\/?page_id=4809"},"modified":"2024-10-22T10:58:29","modified_gmt":"2024-10-22T08:58:29","slug":"utbildning","status":"publish","type":"page","link":"https:\/\/lyckseledjurpark.se\/en\/utbildning\/","title":{"rendered":"Education"},"content":{"rendered":"<div data-elementor-type=\"wp-page\" data-elementor-id=\"4809\" class=\"elementor elementor-4809\" data-elementor-post-type=\"page\">\n\t\t\t\t\t\t<section class=\"elementor-section elementor-top-section elementor-element elementor-element-68c939c6 elementor-section-stretched elementor-reverse-tablet elementor-reverse-mobile elementor-section-boxed elementor-section-height-default elementor-section-height-default\" data-id=\"68c939c6\" data-element_type=\"section\" data-e-type=\"section\" data-settings=\"{&quot;stretch_section&quot;:&quot;section-stretched&quot;}\">\n\t\t\t\t\t\t<div class=\"elementor-container elementor-column-gap-no\">\n\t\t\t\t\t<div class=\"elementor-column elementor-col-100 elementor-top-column elementor-element elementor-element-347c7824\" data-id=\"347c7824\" data-element_type=\"column\" data-e-type=\"column\">\n\t\t\t<div class=\"elementor-widget-wrap elementor-element-populated\">\n\t\t\t\t\t\t<div class=\"elementor-element elementor-element-48722859 elementor-widget elementor-widget-heading\" data-id=\"48722859\" data-element_type=\"widget\" data-e-type=\"widget\" data-widget_type=\"heading.default\">\n\t\t\t\t<div class=\"elementor-widget-container\">\n\t\t\t\t\t<h2 class=\"elementor-heading-title elementor-size-default\">Education<\/h2>\t\t\t\t<\/div>\n\t\t\t\t<\/div>\n\t\t\t\t<div class=\"elementor-element elementor-element-18bcba0 elementor-widget elementor-widget-text-editor\" data-id=\"18bcba0\" data-element_type=\"widget\" data-e-type=\"widget\" data-widget_type=\"text-editor.default\">\n\t\t\t\t<div class=\"elementor-widget-container\">\n\t\t\t\t\t\t\t\t\t<h3>At our place, children, teenagers, and adults can learn to see the value of biodiversity and how everyone can take responsibility for preserving it for the future.<\/h3><p><span style=\"color: var( --e-global-color-text );\">We work for a lifelong commitment to animals and nature, and we aim to inspire children and adults to take care of the planet we live on and preserve biodiversity.\u00a0<\/span><span style=\"color: var( --e-global-color-text );\">Education is conducted through curriculum-based educational programs, as well as through information signs, talks, and guided tours in the zoo. Talks are led by animal keepers who provide information about the natural behavior of our animals, their situation in nature, and the threat to biodiversity.<\/span><\/p><p><span style=\"color: var( --e-global-color-text );\">\u00a0<\/span><\/p><p>We offer education for schools and the general public with a focus on biodiversity, sustainable development, conservation of endangered species, and the role of zoos in this work. We target a broad audience where the general public, primary and secondary schools, universities, and individual researchers are important components.<\/p><h3>Education programs<\/h3><p><span style=\"color: var( --e-global-color-text );\">T<\/span><span style=\"color: var( --e-global-color-text );\">he formal education program is mainly aimed at groups from preschool age to university students, for whom there are various bookable educational programs. These educational programs are curriculum-based and address topics such as ethology, biodiversity, and sustainability. The educational programs are always carried out with respect for both animals and humans and are based on scientifically grounded knowledge. The programs should offer everyone, especially children and young people with special needs, the opportunity to experience nature and wildlife.<\/span><\/p><p><strong>\u00a0<\/strong><\/p><p><strong>University level education<\/strong><br \/>Bachelor's and master's degree theses are carried out at Lycksele Zoo in collaboration with the Swedish University of Agricultural Sciences (SLU).<\/p><p><span style=\"font-weight: bold;\">\u00a0<\/span><\/p><p><span style=\"font-weight: bold;\">Education at high school level<\/span><\/p><p><span style=\"color: var( --e-global-color-text );\">We collaborate with several agricultural high schools in the country, where we receive students from the animal care program for workplace learning (APL). We also offer theoretical and practical education that relates to the central content of courses within the agricultural program.\u00a0<\/span><span style=\"color: var( --e-global-color-text );\">Teaching in subjects such as ethology, zoo animals, feeding of exotic animals, and environmental enrichment is also offered to other high schools outside of the agricultural program.<\/span><\/p><p><strong style=\"color: var( --e-global-color-text );\">\u00a0<\/strong><\/p><p><strong style=\"color: var( --e-global-color-text );\">Education for primary school<\/strong><\/p><p>Formell utbildning erbjuds via l\u00e4roplansanpassade utbildningsprogram knutna till skolv\u00e4sendet med fokus p\u00e5 biologisk m\u00e5ngfald och bevarande av hotade arter uppdelat p\u00e5 f\u00f6ljande \u00e5ldersgrupper:<\/p><p>Grade F-3<br \/>Grade 4-6<br \/>Grade 7-9<\/p>\t\t\t\t\t\t\t\t<\/div>\n\t\t\t\t<\/div>\n\t\t\t\t<section class=\"elementor-section elementor-inner-section elementor-element elementor-element-e92e9a5 custom-shadow elementor-section-boxed elementor-section-height-default elementor-section-height-default\" data-id=\"e92e9a5\" data-element_type=\"section\" data-e-type=\"section\">\n\t\t\t\t\t\t<div class=\"elementor-container elementor-column-gap-default\">\n\t\t\t\t\t<div class=\"elementor-column elementor-col-33 elementor-inner-column elementor-element elementor-element-fe27008\" data-id=\"fe27008\" data-element_type=\"column\" data-e-type=\"column\">\n\t\t\t<div class=\"elementor-widget-wrap elementor-element-populated\">\n\t\t\t\t\t\t<div class=\"elementor-element elementor-element-9c768e5 elementor-position-top elementor-widget elementor-widget-image-box\" data-id=\"9c768e5\" data-element_type=\"widget\" data-e-type=\"widget\" data-widget_type=\"image-box.default\">\n\t\t\t\t<div class=\"elementor-widget-container\">\n\t\t\t\t\t<div class=\"elementor-image-box-wrapper\"><figure class=\"elementor-image-box-img\"><a href=\"https:\/\/lyckseledjurpark.se\/en\/vart-uppdrag\/\" tabindex=\"-1\"><img fetchpriority=\"high\" decoding=\"async\" width=\"2560\" height=\"1707\" src=\"https:\/\/lyckseledjurpark.se\/wp-content\/uploads\/2023\/02\/lsedjurpark-host_tryck_76-scaled.jpg\" class=\"attachment-full size-full wp-image-4973\" alt=\"\" srcset=\"https:\/\/lyckseledjurpark.se\/wp-content\/uploads\/2023\/02\/lsedjurpark-host_tryck_76-scaled.jpg 2560w, https:\/\/lyckseledjurpark.se\/wp-content\/uploads\/2023\/02\/lsedjurpark-host_tryck_76-300x200.jpg 300w, https:\/\/lyckseledjurpark.se\/wp-content\/uploads\/2023\/02\/lsedjurpark-host_tryck_76-1024x683.jpg 1024w, https:\/\/lyckseledjurpark.se\/wp-content\/uploads\/2023\/02\/lsedjurpark-host_tryck_76-768x512.jpg 768w, https:\/\/lyckseledjurpark.se\/wp-content\/uploads\/2023\/02\/lsedjurpark-host_tryck_76-1536x1024.jpg 1536w, https:\/\/lyckseledjurpark.se\/wp-content\/uploads\/2023\/02\/lsedjurpark-host_tryck_76-2048x1365.jpg 2048w, https:\/\/lyckseledjurpark.se\/wp-content\/uploads\/2023\/02\/lsedjurpark-host_tryck_76-18x12.jpg 18w\" sizes=\"(max-width: 2560px) 100vw, 2560px\" \/><\/a><\/figure><div class=\"elementor-image-box-content\"><h3 class=\"elementor-image-box-title\"><a href=\"https:\/\/lyckseledjurpark.se\/en\/vart-uppdrag\/\">Our mission<\/a><\/h3><p class=\"elementor-image-box-description\">More and more animal species in the world are threatened with extinction today, and the list of species at risk of dying out is only getting longer and longer. We can do a lot to help and ensure their survival.<\/p><\/div><\/div>\t\t\t\t<\/div>\n\t\t\t\t<\/div>\n\t\t\t\t<div class=\"elementor-element elementor-element-d6ec517 elementor-button-info elementor-align-center elementor-widget elementor-widget-button\" data-id=\"d6ec517\" data-element_type=\"widget\" data-e-type=\"widget\" data-widget_type=\"button.default\">\n\t\t\t\t<div class=\"elementor-widget-container\">\n\t\t\t\t\t        <div class=\"elementor-button-wrapper\">\n            <a href=\"https:\/\/lyckseledjurpark.se\/en\/vart-uppdrag\/%20\/\" class=\"elementor-button-link elementor-button elementor-size-lg\" role=\"button\">\n                        <span class=\"elementor-button-content-wrapper\">\n\t\t\t            <span class=\"elementor-button-text\">Read More<\/span>\n\t\t<\/span>\n                    <\/a>\n        <\/div>\n        \t\t\t\t<\/div>\n\t\t\t\t<\/div>\n\t\t\t\t\t<\/div>\n\t\t<\/div>\n\t\t\t\t<div class=\"elementor-column elementor-col-33 elementor-inner-column elementor-element elementor-element-5a9c557\" data-id=\"5a9c557\" data-element_type=\"column\" data-e-type=\"column\">\n\t\t\t<div class=\"elementor-widget-wrap elementor-element-populated\">\n\t\t\t\t\t\t<div class=\"elementor-element elementor-element-be12d22 elementor-position-top elementor-widget elementor-widget-image-box\" data-id=\"be12d22\" data-element_type=\"widget\" data-e-type=\"widget\" data-widget_type=\"image-box.default\">\n\t\t\t\t<div class=\"elementor-widget-container\">\n\t\t\t\t\t<div class=\"elementor-image-box-wrapper\"><figure class=\"elementor-image-box-img\"><a href=\"https:\/\/lyckseledjurpark.se\/en\/bevarande\/\" tabindex=\"-1\"><img decoding=\"async\" width=\"2560\" height=\"1707\" src=\"https:\/\/lyckseledjurpark.se\/wp-content\/uploads\/2023\/02\/17463_lyckseledjurpark_119-scaled.jpg\" class=\"attachment-full size-full wp-image-5000\" alt=\"\" srcset=\"https:\/\/lyckseledjurpark.se\/wp-content\/uploads\/2023\/02\/17463_lyckseledjurpark_119-scaled.jpg 2560w, https:\/\/lyckseledjurpark.se\/wp-content\/uploads\/2023\/02\/17463_lyckseledjurpark_119-300x200.jpg 300w, https:\/\/lyckseledjurpark.se\/wp-content\/uploads\/2023\/02\/17463_lyckseledjurpark_119-1024x683.jpg 1024w, https:\/\/lyckseledjurpark.se\/wp-content\/uploads\/2023\/02\/17463_lyckseledjurpark_119-768x512.jpg 768w, https:\/\/lyckseledjurpark.se\/wp-content\/uploads\/2023\/02\/17463_lyckseledjurpark_119-1536x1024.jpg 1536w, https:\/\/lyckseledjurpark.se\/wp-content\/uploads\/2023\/02\/17463_lyckseledjurpark_119-2048x1365.jpg 2048w, https:\/\/lyckseledjurpark.se\/wp-content\/uploads\/2023\/02\/17463_lyckseledjurpark_119-18x12.jpg 18w\" sizes=\"(max-width: 2560px) 100vw, 2560px\" \/><\/a><\/figure><div class=\"elementor-image-box-content\"><h3 class=\"elementor-image-box-title\"><a href=\"https:\/\/lyckseledjurpark.se\/en\/bevarande\/\">Conservation<\/a><\/h3><p class=\"elementor-image-box-description\">The increased threat to both animals and their natural habitats makes the work of zoos more important than ever.<\/p><\/div><\/div>\t\t\t\t<\/div>\n\t\t\t\t<\/div>\n\t\t\t\t<div class=\"elementor-element elementor-element-98b3fbd elementor-button-info elementor-align-center elementor-widget elementor-widget-button\" data-id=\"98b3fbd\" data-element_type=\"widget\" data-e-type=\"widget\" data-widget_type=\"button.default\">\n\t\t\t\t<div class=\"elementor-widget-container\">\n\t\t\t\t\t        <div class=\"elementor-button-wrapper\">\n            <a href=\"https:\/\/lyckseledjurpark.se\/en\/bevarande\/\" class=\"elementor-button-link elementor-button elementor-size-lg\" role=\"button\">\n                        <span class=\"elementor-button-content-wrapper\">\n\t\t\t            <span class=\"elementor-button-text\">Read More<\/span>\n\t\t<\/span>\n                    <\/a>\n        <\/div>\n        \t\t\t\t<\/div>\n\t\t\t\t<\/div>\n\t\t\t\t\t<\/div>\n\t\t<\/div>\n\t\t\t\t<div class=\"elementor-column elementor-col-33 elementor-inner-column elementor-element elementor-element-c5949e7\" data-id=\"c5949e7\" data-element_type=\"column\" data-e-type=\"column\">\n\t\t\t<div class=\"elementor-widget-wrap elementor-element-populated\">\n\t\t\t\t\t\t<div class=\"elementor-element elementor-element-b43897b elementor-position-top elementor-widget elementor-widget-image-box\" data-id=\"b43897b\" data-element_type=\"widget\" data-e-type=\"widget\" data-widget_type=\"image-box.default\">\n\t\t\t\t<div class=\"elementor-widget-container\">\n\t\t\t\t\t<div class=\"elementor-image-box-wrapper\"><figure class=\"elementor-image-box-img\"><a href=\"https:\/\/lyckseledjurpark.se\/en\/forskning\/\" tabindex=\"-1\"><img decoding=\"async\" width=\"2560\" height=\"1707\" src=\"https:\/\/lyckseledjurpark.se\/wp-content\/uploads\/2023\/02\/17558_lycksele_285-scaled.jpg\" class=\"attachment-full size-full wp-image-4971\" alt=\"\" srcset=\"https:\/\/lyckseledjurpark.se\/wp-content\/uploads\/2023\/02\/17558_lycksele_285-scaled.jpg 2560w, https:\/\/lyckseledjurpark.se\/wp-content\/uploads\/2023\/02\/17558_lycksele_285-300x200.jpg 300w, https:\/\/lyckseledjurpark.se\/wp-content\/uploads\/2023\/02\/17558_lycksele_285-1024x683.jpg 1024w, https:\/\/lyckseledjurpark.se\/wp-content\/uploads\/2023\/02\/17558_lycksele_285-768x512.jpg 768w, https:\/\/lyckseledjurpark.se\/wp-content\/uploads\/2023\/02\/17558_lycksele_285-1536x1024.jpg 1536w, https:\/\/lyckseledjurpark.se\/wp-content\/uploads\/2023\/02\/17558_lycksele_285-2048x1365.jpg 2048w, https:\/\/lyckseledjurpark.se\/wp-content\/uploads\/2023\/02\/17558_lycksele_285-18x12.jpg 18w\" sizes=\"(max-width: 2560px) 100vw, 2560px\" \/><\/a><\/figure><div class=\"elementor-image-box-content\"><h3 class=\"elementor-image-box-title\"><a href=\"https:\/\/lyckseledjurpark.se\/en\/forskning\/\">Research<\/a><\/h3><p class=\"elementor-image-box-description\">To take care of animals and nature in the future, knowledge is required - that's why we participate in research projects to better understand the animals.<\/p><\/div><\/div>\t\t\t\t<\/div>\n\t\t\t\t<\/div>\n\t\t\t\t<div class=\"elementor-element elementor-element-c81843f elementor-button-info elementor-align-center elementor-widget elementor-widget-button\" data-id=\"c81843f\" data-element_type=\"widget\" data-e-type=\"widget\" data-widget_type=\"button.default\">\n\t\t\t\t<div class=\"elementor-widget-container\">\n\t\t\t\t\t        <div class=\"elementor-button-wrapper\">\n            <a href=\"https:\/\/lyckseledjurpark.se\/en\/forskning\/\" class=\"elementor-button-link elementor-button elementor-size-lg\" role=\"button\">\n                        <span class=\"elementor-button-content-wrapper\">\n\t\t\t            <span class=\"elementor-button-text\">Read More<\/span>\n\t\t<\/span>\n                    <\/a>\n        <\/div>\n        \t\t\t\t<\/div>\n\t\t\t\t<\/div>\n\t\t\t\t\t<\/div>\n\t\t<\/div>\n\t\t\t\t\t<\/div>\n\t\t<\/section>\n\t\t\t\t\t<\/div>\n\t\t<\/div>\n\t\t\t\t\t<\/div>\n\t\t<\/section>\n\t\t\t\t<section class=\"elementor-section elementor-top-section elementor-element elementor-element-86f15c2 elementor-section-full_width elementor-section-stretched elementor-section-height-default elementor-section-height-default\" data-id=\"86f15c2\" data-element_type=\"section\" data-e-type=\"section\" data-settings=\"{&quot;background_background&quot;:&quot;classic&quot;,&quot;stretch_section&quot;:&quot;section-stretched&quot;}\">\n\t\t\t\t\t\t\t<div class=\"elementor-background-overlay\"><\/div>\n\t\t\t\t\t\t\t<div class=\"elementor-container elementor-column-gap-default\">\n\t\t\t\t\t<div class=\"elementor-column elementor-col-100 elementor-top-column elementor-element elementor-element-63dae15\" data-id=\"63dae15\" data-element_type=\"column\" data-e-type=\"column\" data-settings=\"{&quot;background_background&quot;:&quot;classic&quot;}\">\n\t\t\t<div class=\"elementor-widget-wrap elementor-element-populated\">\n\t\t\t\t\t\t<section class=\"elementor-section elementor-inner-section elementor-element elementor-element-1de21a1 elementor-section-boxed elementor-section-height-default elementor-section-height-default\" data-id=\"1de21a1\" data-element_type=\"section\" data-e-type=\"section\">\n\t\t\t\t\t\t<div class=\"elementor-container elementor-column-gap-default\">\n\t\t\t\t\t<div class=\"elementor-column elementor-col-100 elementor-inner-column elementor-element elementor-element-09ae06d\" data-id=\"09ae06d\" data-element_type=\"column\" data-e-type=\"column\">\n\t\t\t<div class=\"elementor-widget-wrap elementor-element-populated\">\n\t\t\t\t\t\t<div class=\"elementor-element elementor-element-bd26fb8 elementor-widget elementor-widget-text-editor\" data-id=\"bd26fb8\" data-element_type=\"widget\" data-e-type=\"widget\" data-widget_type=\"text-editor.default\">\n\t\t\t\t<div class=\"elementor-widget-container\">\n\t\t\t\t\t\t\t\t\t<h2 style=\"color: yellow !important;\">You help us with our mission.<\/h2><p>Every time you visit us, buy something in the park, or sponsor us, you help us with our mission. Together, we can make a big difference!<\/p><h4 style=\"color: white !important;\">Thank you!<\/h4>\t\t\t\t\t\t\t\t<\/div>\n\t\t\t\t<\/div>\n\t\t\t\t\t<\/div>\n\t\t<\/div>\n\t\t\t\t\t<\/div>\n\t\t<\/section>\n\t\t\t\t\t<\/div>\n\t\t<\/div>\n\t\t\t\t\t<\/div>\n\t\t<\/section>\n\t\t\t\t<\/div>","protected":false},"excerpt":{"rendered":"<p>Utbildning Hos oss f\u00e5r barn, ungdomar och vuxna l\u00e4ra sig att se v\u00e4rdet i biologisk m\u00e5ngfald och hur alla kan ta ett ansvar f\u00f6r att bevara den f\u00f6r framtiden Vi arbetar f\u00f6r ett livsl\u00e5ngt engagemang f\u00f6r djur och natur och vi vill inspirera barn och vuxna till att ta hand om planeten vi bor p\u00e5 [&hellip;]<\/p>\n","protected":false},"author":1,"featured_media":0,"parent":0,"menu_order":0,"comment_status":"closed","ping_status":"closed","template":"elementor_header_footer","meta":{"inline_featured_image":false,"footnotes":""},"class_list":["post-4809","page","type-page","status-publish","hentry"],"yoast_head":"<!-- This site is optimized with the Yoast SEO plugin v27.3 - https:\/\/yoast.com\/product\/yoast-seo-wordpress\/ -->\n<title>Utbildning p\u00e5 Lycksele Djurpark - L\u00e4r dig om djur och natur<\/title>\n<meta name=\"description\" content=\"Utbildningsprogram och aktiviteter p\u00e5 Lycksele Djurpark fokuserar p\u00e5 biologisk m\u00e5ngfald och h\u00e5llbar utveckling f\u00f6r alla \u00e5ldrar.\" \/>\n<meta name=\"robots\" content=\"index, follow, max-snippet:-1, max-image-preview:large, max-video-preview:-1\" \/>\n<link rel=\"canonical\" href=\"https:\/\/lyckseledjurpark.se\/en\/utbildning\/\" \/>\n<meta property=\"og:locale\" content=\"en_GB\" \/>\n<meta property=\"og:type\" content=\"article\" \/>\n<meta property=\"og:title\" content=\"Utbildning p\u00e5 Lycksele Djurpark - L\u00e4r dig om djur och natur\" \/>\n<meta property=\"og:description\" content=\"Utbildningsprogram och aktiviteter p\u00e5 Lycksele Djurpark fokuserar p\u00e5 biologisk m\u00e5ngfald och h\u00e5llbar utveckling f\u00f6r alla \u00e5ldrar.\" \/>\n<meta property=\"og:url\" content=\"https:\/\/lyckseledjurpark.se\/en\/utbildning\/\" \/>\n<meta property=\"og:site_name\" content=\"Lycksele Djurpark\" \/>\n<meta property=\"article:publisher\" content=\"https:\/\/www.facebook.com\/LyckseleDjurparkAB\/\" \/>\n<meta property=\"article:modified_time\" content=\"2024-10-22T08:58:29+00:00\" \/>\n<meta property=\"og:image\" content=\"https:\/\/lyckseledjurpark.se\/wp-content\/uploads\/2023\/02\/lsedjurpark-host_tryck_76-scaled.jpg\" \/>\n<meta name=\"twitter:card\" content=\"summary_large_image\" \/>\n<meta name=\"twitter:label1\" content=\"Estimated reading time\" \/>\n\t<meta name=\"twitter:data1\" content=\"3 minutes\" \/>\n<script type=\"application\/ld+json\" class=\"yoast-schema-graph\">{\"@context\":\"https:\\\/\\\/schema.org\",\"@graph\":[{\"@type\":\"WebPage\",\"@id\":\"https:\\\/\\\/lyckseledjurpark.se\\\/utbildning\\\/\",\"url\":\"https:\\\/\\\/lyckseledjurpark.se\\\/utbildning\\\/\",\"name\":\"Utbildning p\u00e5 Lycksele Djurpark - L\u00e4r dig om djur och natur\",\"isPartOf\":{\"@id\":\"https:\\\/\\\/lyckseledjurpark.se\\\/en\\\/#website\"},\"primaryImageOfPage\":{\"@id\":\"https:\\\/\\\/lyckseledjurpark.se\\\/utbildning\\\/#primaryimage\"},\"image\":{\"@id\":\"https:\\\/\\\/lyckseledjurpark.se\\\/utbildning\\\/#primaryimage\"},\"thumbnailUrl\":\"https:\\\/\\\/lyckseledjurpark.se\\\/wp-content\\\/uploads\\\/2023\\\/02\\\/lsedjurpark-host_tryck_76-scaled.jpg\",\"datePublished\":\"2020-05-19T12:34:42+00:00\",\"dateModified\":\"2024-10-22T08:58:29+00:00\",\"description\":\"Utbildningsprogram och aktiviteter p\u00e5 Lycksele Djurpark fokuserar p\u00e5 biologisk m\u00e5ngfald och h\u00e5llbar utveckling f\u00f6r alla \u00e5ldrar.\",\"breadcrumb\":{\"@id\":\"https:\\\/\\\/lyckseledjurpark.se\\\/utbildning\\\/#breadcrumb\"},\"inLanguage\":\"en-GB\",\"potentialAction\":[{\"@type\":\"ReadAction\",\"target\":[\"https:\\\/\\\/lyckseledjurpark.se\\\/utbildning\\\/\"]}]},{\"@type\":\"ImageObject\",\"inLanguage\":\"en-GB\",\"@id\":\"https:\\\/\\\/lyckseledjurpark.se\\\/utbildning\\\/#primaryimage\",\"url\":\"https:\\\/\\\/lyckseledjurpark.se\\\/wp-content\\\/uploads\\\/2023\\\/02\\\/lsedjurpark-host_tryck_76-scaled.jpg\",\"contentUrl\":\"https:\\\/\\\/lyckseledjurpark.se\\\/wp-content\\\/uploads\\\/2023\\\/02\\\/lsedjurpark-host_tryck_76-scaled.jpg\"},{\"@type\":\"BreadcrumbList\",\"@id\":\"https:\\\/\\\/lyckseledjurpark.se\\\/utbildning\\\/#breadcrumb\",\"itemListElement\":[{\"@type\":\"ListItem\",\"position\":1,\"name\":\"Hem\",\"item\":\"https:\\\/\\\/lyckseledjurpark.se\\\/\"},{\"@type\":\"ListItem\",\"position\":2,\"name\":\"Utbildning\"}]},{\"@type\":\"WebSite\",\"@id\":\"https:\\\/\\\/lyckseledjurpark.se\\\/en\\\/#website\",\"url\":\"https:\\\/\\\/lyckseledjurpark.se\\\/en\\\/\",\"name\":\"Lycksele Djurpark\",\"description\":\" Sveriges Nordligaste Djurpark\",\"potentialAction\":[{\"@type\":\"SearchAction\",\"target\":{\"@type\":\"EntryPoint\",\"urlTemplate\":\"https:\\\/\\\/lyckseledjurpark.se\\\/en\\\/?s={search_term_string}\"},\"query-input\":{\"@type\":\"PropertyValueSpecification\",\"valueRequired\":true,\"valueName\":\"search_term_string\"}}],\"inLanguage\":\"en-GB\"}]}<\/script>\n<!-- \/ Yoast SEO plugin. -->","yoast_head_json":{"title":"Utbildning p\u00e5 Lycksele Djurpark - L\u00e4r dig om djur och natur","description":"Utbildningsprogram och aktiviteter p\u00e5 Lycksele Djurpark fokuserar p\u00e5 biologisk m\u00e5ngfald och h\u00e5llbar utveckling f\u00f6r alla \u00e5ldrar.","robots":{"index":"index","follow":"follow","max-snippet":"max-snippet:-1","max-image-preview":"max-image-preview:large","max-video-preview":"max-video-preview:-1"},"canonical":"https:\/\/lyckseledjurpark.se\/en\/utbildning\/","og_locale":"en_GB","og_type":"article","og_title":"Utbildning p\u00e5 Lycksele Djurpark - L\u00e4r dig om djur och natur","og_description":"Utbildningsprogram och aktiviteter p\u00e5 Lycksele Djurpark fokuserar p\u00e5 biologisk m\u00e5ngfald och h\u00e5llbar utveckling f\u00f6r alla \u00e5ldrar.","og_url":"https:\/\/lyckseledjurpark.se\/en\/utbildning\/","og_site_name":"Lycksele Djurpark","article_publisher":"https:\/\/www.facebook.com\/LyckseleDjurparkAB\/","article_modified_time":"2024-10-22T08:58:29+00:00","og_image":[{"url":"https:\/\/lyckseledjurpark.se\/wp-content\/uploads\/2023\/02\/lsedjurpark-host_tryck_76-scaled.jpg","type":"","width":"","height":""}],"twitter_card":"summary_large_image","twitter_misc":{"Estimated reading time":"3 minutes"},"schema":{"@context":"https:\/\/schema.org","@graph":[{"@type":"WebPage","@id":"https:\/\/lyckseledjurpark.se\/utbildning\/","url":"https:\/\/lyckseledjurpark.se\/utbildning\/","name":"Utbildning p\u00e5 Lycksele Djurpark - L\u00e4r dig om djur och natur","isPartOf":{"@id":"https:\/\/lyckseledjurpark.se\/en\/#website"},"primaryImageOfPage":{"@id":"https:\/\/lyckseledjurpark.se\/utbildning\/#primaryimage"},"image":{"@id":"https:\/\/lyckseledjurpark.se\/utbildning\/#primaryimage"},"thumbnailUrl":"https:\/\/lyckseledjurpark.se\/wp-content\/uploads\/2023\/02\/lsedjurpark-host_tryck_76-scaled.jpg","datePublished":"2020-05-19T12:34:42+00:00","dateModified":"2024-10-22T08:58:29+00:00","description":"Utbildningsprogram och aktiviteter p\u00e5 Lycksele Djurpark fokuserar p\u00e5 biologisk m\u00e5ngfald och h\u00e5llbar utveckling f\u00f6r alla \u00e5ldrar.","breadcrumb":{"@id":"https:\/\/lyckseledjurpark.se\/utbildning\/#breadcrumb"},"inLanguage":"en-GB","potentialAction":[{"@type":"ReadAction","target":["https:\/\/lyckseledjurpark.se\/utbildning\/"]}]},{"@type":"ImageObject","inLanguage":"en-GB","@id":"https:\/\/lyckseledjurpark.se\/utbildning\/#primaryimage","url":"https:\/\/lyckseledjurpark.se\/wp-content\/uploads\/2023\/02\/lsedjurpark-host_tryck_76-scaled.jpg","contentUrl":"https:\/\/lyckseledjurpark.se\/wp-content\/uploads\/2023\/02\/lsedjurpark-host_tryck_76-scaled.jpg"},{"@type":"BreadcrumbList","@id":"https:\/\/lyckseledjurpark.se\/utbildning\/#breadcrumb","itemListElement":[{"@type":"ListItem","position":1,"name":"Hem","item":"https:\/\/lyckseledjurpark.se\/"},{"@type":"ListItem","position":2,"name":"Utbildning"}]},{"@type":"WebSite","@id":"https:\/\/lyckseledjurpark.se\/en\/#website","url":"https:\/\/lyckseledjurpark.se\/en\/","name":"Lycksele Zoo","description":"Sveriges Nordligaste Djurpark","potentialAction":[{"@type":"SearchAction","target":{"@type":"EntryPoint","urlTemplate":"https:\/\/lyckseledjurpark.se\/en\/?s={search_term_string}"},"query-input":{"@type":"PropertyValueSpecification","valueRequired":true,"valueName":"search_term_string"}}],"inLanguage":"en-GB"}]}},"_links":{"self":[{"href":"https:\/\/lyckseledjurpark.se\/en\/wp-json\/wp\/v2\/pages\/4809","targetHints":{"allow":["GET"]}}],"collection":[{"href":"https:\/\/lyckseledjurpark.se\/en\/wp-json\/wp\/v2\/pages"}],"about":[{"href":"https:\/\/lyckseledjurpark.se\/en\/wp-json\/wp\/v2\/types\/page"}],"author":[{"embeddable":true,"href":"https:\/\/lyckseledjurpark.se\/en\/wp-json\/wp\/v2\/users\/1"}],"replies":[{"embeddable":true,"href":"https:\/\/lyckseledjurpark.se\/en\/wp-json\/wp\/v2\/comments?post=4809"}],"version-history":[{"count":122,"href":"https:\/\/lyckseledjurpark.se\/en\/wp-json\/wp\/v2\/pages\/4809\/revisions"}],"predecessor-version":[{"id":6699,"href":"https:\/\/lyckseledjurpark.se\/en\/wp-json\/wp\/v2\/pages\/4809\/revisions\/6699"}],"wp:attachment":[{"href":"https:\/\/lyckseledjurpark.se\/en\/wp-json\/wp\/v2\/media?parent=4809"}],"curies":[{"name":"wp","href":"https:\/\/api.w.org\/{rel}","templated":true}]}}