{"id":3178,"date":"2020-05-19T14:51:30","date_gmt":"2020-05-19T12:51:30","guid":{"rendered":"https:\/\/lyckseledjurpark.chillimedia.se\/?page_id=3178"},"modified":"2024-10-22T11:08:11","modified_gmt":"2024-10-22T09:08:11","slug":"zoo-skola","status":"publish","type":"page","link":"https:\/\/lyckseledjurpark.se\/en\/zoo-skola\/","title":{"rendered":"Zoo school"},"content":{"rendered":"<div data-elementor-type=\"wp-page\" data-elementor-id=\"3178\" class=\"elementor elementor-3178\" data-elementor-post-type=\"page\">\n\t\t\t\t\t\t<section class=\"elementor-section elementor-top-section elementor-element elementor-element-6985b27 elementor-section-stretched elementor-reverse-tablet elementor-reverse-mobile elementor-section-boxed elementor-section-height-default elementor-section-height-default\" data-id=\"6985b27\" data-element_type=\"section\" data-e-type=\"section\" data-settings=\"{&quot;stretch_section&quot;:&quot;section-stretched&quot;}\">\n\t\t\t\t\t\t<div class=\"elementor-container elementor-column-gap-no\">\n\t\t\t\t\t<div class=\"elementor-column elementor-col-33 elementor-top-column elementor-element elementor-element-6af15e17\" data-id=\"6af15e17\" data-element_type=\"column\" data-e-type=\"column\">\n\t\t\t<div class=\"elementor-widget-wrap elementor-element-populated\">\n\t\t\t\t\t\t<div class=\"elementor-element elementor-element-13b40d2d img-mask elementor-invisible elementor-widget elementor-widget-image\" data-id=\"13b40d2d\" data-element_type=\"widget\" data-e-type=\"widget\" data-settings=\"{&quot;_animation&quot;:&quot;rollIn&quot;}\" data-widget_type=\"image.default\">\n\t\t\t\t<div class=\"elementor-widget-container\">\n\t\t\t\t\t\t\t\t\t\t\t\t\t\t\t<img fetchpriority=\"high\" decoding=\"async\" width=\"630\" height=\"630\" src=\"https:\/\/lyckseledjurpark.se\/wp-content\/uploads\/2020\/06\/zoo-skola.png\" class=\"attachment-full size-full wp-image-3189\" alt=\"Zoo skola\" srcset=\"https:\/\/lyckseledjurpark.se\/wp-content\/uploads\/2020\/06\/zoo-skola.png 630w, https:\/\/lyckseledjurpark.se\/wp-content\/uploads\/2020\/06\/zoo-skola-300x300.png 300w, https:\/\/lyckseledjurpark.se\/wp-content\/uploads\/2020\/06\/zoo-skola-150x150.png 150w\" sizes=\"(max-width: 630px) 100vw, 630px\" \/>\t\t\t\t\t\t\t\t\t\t\t\t\t\t\t<\/div>\n\t\t\t\t<\/div>\n\t\t\t\t\t<\/div>\n\t\t<\/div>\n\t\t\t\t<div class=\"elementor-column elementor-col-66 elementor-top-column elementor-element elementor-element-6c568754\" data-id=\"6c568754\" data-element_type=\"column\" data-e-type=\"column\">\n\t\t\t<div class=\"elementor-widget-wrap elementor-element-populated\">\n\t\t\t\t\t\t<div class=\"elementor-element elementor-element-4b8bf5e7 elementor-widget elementor-widget-heading\" data-id=\"4b8bf5e7\" data-element_type=\"widget\" data-e-type=\"widget\" data-widget_type=\"heading.default\">\n\t\t\t\t<div class=\"elementor-widget-container\">\n\t\t\t\t\t<h2 class=\"elementor-heading-title elementor-size-default\">Participate \"behind the scenes\"! <\/h2>\t\t\t\t<\/div>\n\t\t\t\t<\/div>\n\t\t\t\t<div class=\"elementor-element elementor-element-5bf22c1 elementor-widget elementor-widget-html\" data-id=\"5bf22c1\" data-element_type=\"widget\" data-e-type=\"widget\" data-widget_type=\"html.default\">\n\t\t\t\t<div class=\"elementor-widget-container\">\n\t\t\t\t\t<p>In our zoo school, you can get to know our animals at the level that suits you best. You can learn more about our seals and about the four large predators. You can be with us one day \"behind the scenes\" and see what happens or you can follow us and feed our sheep, goats and rabbits.<\/p>\n<h3>Get to know our seals<\/h3>\n<h5>2 levels - Elementary school and Gymnasium<\/h5>\n<p>We get together - show pictures of and tell about the seals around our Swedish coasts. Then we go out and meet the seals up close.<\/p>\n\n<p><span class=\"clear-blue\" style=\"color:#8AC2E8\">Elementary school ex:<\/span>\nHow long can the seals hold their breath? How fast do they swim? When are their pups born and why are they white? etc. You can get answers to your questions about seals.<\/p>\n\n<p><span class=\"clear-blue\" style=\"color:#8AC2E8\">High school \/ Gymnasium ex:<\/span>\nHow can seals dive so deep and for so long? We are talking about adaptations to cold climate and great depths.<\/p>\n<h3>Get to know the big four - bear, wolf, lynx and wolverine<\/h3>\n\n<h5>2 levels - middle school (years 4-6) and high school (years 7-9) and gymnasium<\/h5>\n<p><span class=\"clear-blue\" style=\"color:#8AC2E8\">Middle School:<\/span>\nWe look at pictures, stuffed animals and skulls etc. What do they look like and why? Why do wolves have big paws and lynx have short tails? We tell about the animals and answer questions. Then we go out into the park and look at them.<\/p>\n\n<p><span class=\"clear-blue\" style=\"color:#8AC2E8\">High school \/ gymnasium ex:<\/span> We are talking about endangered species, the importance of conserving animal species, the animals' adaptations to a cold climate, etc.<\/p>\n\n<h3>Behind the scenes<\/h3>\n<p>Experience the animals \"behind the scenes\". Accompany an animal caretaker, for example at predator feeding, cloven-hoofed feeding or when feeding and cleaning the children's zoo.<\/p>\n\n<h3>Pat the animals<\/h3>\n<h5>Level 1 - Preschool and primary school<\/h5>\n<p>Pet goats, sheep and rabbits. Come along and see what they eat. Help us with raking and feeding. Our veterinarians tell children of all ages and answer their questions and concerns.<\/p>\t\t\t\t<\/div>\n\t\t\t\t<\/div>\n\t\t\t\t\t<\/div>\n\t\t<\/div>\n\t\t\t\t\t<\/div>\n\t\t<\/section>\n\t\t\t\t<\/div>","protected":false},"excerpt":{"rendered":"<p>Var med &#8220;bakom kulisserna&#8221;! I v\u00e5r zoo skola kan du bekanta dig med v\u00e5ra djur p\u00e5 just den niv\u00e5 som passar dig b\u00e4st. Du kan l\u00e4ra dig mer om v\u00e5ra s\u00e4lar och om de fyra stora rovdjuren. Du kan vara med oss en dag &#8220;bakom kulisserna&#8221; och se vad som h\u00e4nder eller s\u00e5 f\u00f6ljer du [&hellip;]<\/p>\n","protected":false},"author":1,"featured_media":0,"parent":0,"menu_order":0,"comment_status":"closed","ping_status":"closed","template":"elementor_header_footer","meta":{"inline_featured_image":false,"footnotes":""},"class_list":["post-3178","page","type-page","status-publish","hentry"],"yoast_head":"<!-- This site is optimized with the Yoast SEO plugin v27.3 - https:\/\/yoast.com\/product\/yoast-seo-wordpress\/ -->\n<title>Zoo skola - L\u00e4rande och n\u00f6je p\u00e5 Lycksele Djurpark<\/title>\n<meta name=\"description\" content=\"Uppt\u00e4ck sp\u00e4nnande djurupplevelser p\u00e5 v\u00e5r zoo skola i Lycksele, med aktiviteter f\u00f6r alla \u00e5ldrar, fr\u00e5n att l\u00e4ra om s\u00e4lar till klappa djur.\" \/>\n<meta name=\"robots\" content=\"index, follow, max-snippet:-1, max-image-preview:large, max-video-preview:-1\" \/>\n<link rel=\"canonical\" href=\"https:\/\/lyckseledjurpark.se\/en\/zoo-skola\/\" \/>\n<meta property=\"og:locale\" content=\"en_GB\" \/>\n<meta property=\"og:type\" content=\"article\" \/>\n<meta property=\"og:title\" content=\"Zoo skola - L\u00e4rande och n\u00f6je p\u00e5 Lycksele Djurpark\" \/>\n<meta property=\"og:description\" content=\"Uppt\u00e4ck sp\u00e4nnande djurupplevelser p\u00e5 v\u00e5r zoo skola i Lycksele, med aktiviteter f\u00f6r alla \u00e5ldrar, fr\u00e5n att l\u00e4ra om s\u00e4lar till klappa djur.\" \/>\n<meta property=\"og:url\" content=\"https:\/\/lyckseledjurpark.se\/en\/zoo-skola\/\" \/>\n<meta property=\"og:site_name\" content=\"Lycksele Djurpark\" \/>\n<meta property=\"article:publisher\" content=\"https:\/\/www.facebook.com\/LyckseleDjurparkAB\/\" \/>\n<meta property=\"article:modified_time\" content=\"2024-10-22T09:08:11+00:00\" \/>\n<meta property=\"og:image\" content=\"https:\/\/lyckseledjurpark.se\/wp-content\/uploads\/2020\/06\/zoo-skola.png\" \/>\n<meta name=\"twitter:card\" content=\"summary_large_image\" \/>\n<meta name=\"twitter:label1\" content=\"Estimated reading time\" \/>\n\t<meta name=\"twitter:data1\" content=\"2 minutes\" \/>\n<script type=\"application\/ld+json\" class=\"yoast-schema-graph\">{\"@context\":\"https:\\\/\\\/schema.org\",\"@graph\":[{\"@type\":\"WebPage\",\"@id\":\"https:\\\/\\\/lyckseledjurpark.se\\\/zoo-skola\\\/\",\"url\":\"https:\\\/\\\/lyckseledjurpark.se\\\/zoo-skola\\\/\",\"name\":\"Zoo skola - L\u00e4rande och n\u00f6je p\u00e5 Lycksele Djurpark\",\"isPartOf\":{\"@id\":\"https:\\\/\\\/lyckseledjurpark.se\\\/en\\\/#website\"},\"primaryImageOfPage\":{\"@id\":\"https:\\\/\\\/lyckseledjurpark.se\\\/zoo-skola\\\/#primaryimage\"},\"image\":{\"@id\":\"https:\\\/\\\/lyckseledjurpark.se\\\/zoo-skola\\\/#primaryimage\"},\"thumbnailUrl\":\"https:\\\/\\\/lyckseledjurpark.se\\\/wp-content\\\/uploads\\\/2020\\\/06\\\/zoo-skola.png\",\"datePublished\":\"2020-05-19T12:51:30+00:00\",\"dateModified\":\"2024-10-22T09:08:11+00:00\",\"description\":\"Uppt\u00e4ck sp\u00e4nnande djurupplevelser p\u00e5 v\u00e5r zoo skola i Lycksele, med aktiviteter f\u00f6r alla \u00e5ldrar, fr\u00e5n att l\u00e4ra om s\u00e4lar till klappa djur.\",\"breadcrumb\":{\"@id\":\"https:\\\/\\\/lyckseledjurpark.se\\\/zoo-skola\\\/#breadcrumb\"},\"inLanguage\":\"en-GB\",\"potentialAction\":[{\"@type\":\"ReadAction\",\"target\":[\"https:\\\/\\\/lyckseledjurpark.se\\\/zoo-skola\\\/\"]}]},{\"@type\":\"ImageObject\",\"inLanguage\":\"en-GB\",\"@id\":\"https:\\\/\\\/lyckseledjurpark.se\\\/zoo-skola\\\/#primaryimage\",\"url\":\"https:\\\/\\\/lyckseledjurpark.se\\\/wp-content\\\/uploads\\\/2020\\\/06\\\/zoo-skola.png\",\"contentUrl\":\"https:\\\/\\\/lyckseledjurpark.se\\\/wp-content\\\/uploads\\\/2020\\\/06\\\/zoo-skola.png\"},{\"@type\":\"BreadcrumbList\",\"@id\":\"https:\\\/\\\/lyckseledjurpark.se\\\/zoo-skola\\\/#breadcrumb\",\"itemListElement\":[{\"@type\":\"ListItem\",\"position\":1,\"name\":\"Hem\",\"item\":\"https:\\\/\\\/lyckseledjurpark.se\\\/\"},{\"@type\":\"ListItem\",\"position\":2,\"name\":\"Zoo skola\"}]},{\"@type\":\"WebSite\",\"@id\":\"https:\\\/\\\/lyckseledjurpark.se\\\/en\\\/#website\",\"url\":\"https:\\\/\\\/lyckseledjurpark.se\\\/en\\\/\",\"name\":\"Lycksele Djurpark\",\"description\":\" Sveriges Nordligaste Djurpark\",\"potentialAction\":[{\"@type\":\"SearchAction\",\"target\":{\"@type\":\"EntryPoint\",\"urlTemplate\":\"https:\\\/\\\/lyckseledjurpark.se\\\/en\\\/?s={search_term_string}\"},\"query-input\":{\"@type\":\"PropertyValueSpecification\",\"valueRequired\":true,\"valueName\":\"search_term_string\"}}],\"inLanguage\":\"en-GB\"}]}<\/script>\n<!-- \/ Yoast SEO plugin. -->","yoast_head_json":{"title":"Zoo skola - L\u00e4rande och n\u00f6je p\u00e5 Lycksele Djurpark","description":"Uppt\u00e4ck sp\u00e4nnande djurupplevelser p\u00e5 v\u00e5r zoo skola i Lycksele, med aktiviteter f\u00f6r alla \u00e5ldrar, fr\u00e5n att l\u00e4ra om s\u00e4lar till klappa djur.","robots":{"index":"index","follow":"follow","max-snippet":"max-snippet:-1","max-image-preview":"max-image-preview:large","max-video-preview":"max-video-preview:-1"},"canonical":"https:\/\/lyckseledjurpark.se\/en\/zoo-skola\/","og_locale":"en_GB","og_type":"article","og_title":"Zoo skola - L\u00e4rande och n\u00f6je p\u00e5 Lycksele Djurpark","og_description":"Uppt\u00e4ck sp\u00e4nnande djurupplevelser p\u00e5 v\u00e5r zoo skola i Lycksele, med aktiviteter f\u00f6r alla \u00e5ldrar, fr\u00e5n att l\u00e4ra om s\u00e4lar till klappa djur.","og_url":"https:\/\/lyckseledjurpark.se\/en\/zoo-skola\/","og_site_name":"Lycksele Djurpark","article_publisher":"https:\/\/www.facebook.com\/LyckseleDjurparkAB\/","article_modified_time":"2024-10-22T09:08:11+00:00","og_image":[{"url":"https:\/\/lyckseledjurpark.se\/wp-content\/uploads\/2020\/06\/zoo-skola.png","type":"","width":"","height":""}],"twitter_card":"summary_large_image","twitter_misc":{"Estimated reading time":"2 minutes"},"schema":{"@context":"https:\/\/schema.org","@graph":[{"@type":"WebPage","@id":"https:\/\/lyckseledjurpark.se\/zoo-skola\/","url":"https:\/\/lyckseledjurpark.se\/zoo-skola\/","name":"Zoo skola - L\u00e4rande och n\u00f6je p\u00e5 Lycksele Djurpark","isPartOf":{"@id":"https:\/\/lyckseledjurpark.se\/en\/#website"},"primaryImageOfPage":{"@id":"https:\/\/lyckseledjurpark.se\/zoo-skola\/#primaryimage"},"image":{"@id":"https:\/\/lyckseledjurpark.se\/zoo-skola\/#primaryimage"},"thumbnailUrl":"https:\/\/lyckseledjurpark.se\/wp-content\/uploads\/2020\/06\/zoo-skola.png","datePublished":"2020-05-19T12:51:30+00:00","dateModified":"2024-10-22T09:08:11+00:00","description":"Uppt\u00e4ck sp\u00e4nnande djurupplevelser p\u00e5 v\u00e5r zoo skola i Lycksele, med aktiviteter f\u00f6r alla \u00e5ldrar, fr\u00e5n att l\u00e4ra om s\u00e4lar till klappa djur.","breadcrumb":{"@id":"https:\/\/lyckseledjurpark.se\/zoo-skola\/#breadcrumb"},"inLanguage":"en-GB","potentialAction":[{"@type":"ReadAction","target":["https:\/\/lyckseledjurpark.se\/zoo-skola\/"]}]},{"@type":"ImageObject","inLanguage":"en-GB","@id":"https:\/\/lyckseledjurpark.se\/zoo-skola\/#primaryimage","url":"https:\/\/lyckseledjurpark.se\/wp-content\/uploads\/2020\/06\/zoo-skola.png","contentUrl":"https:\/\/lyckseledjurpark.se\/wp-content\/uploads\/2020\/06\/zoo-skola.png"},{"@type":"BreadcrumbList","@id":"https:\/\/lyckseledjurpark.se\/zoo-skola\/#breadcrumb","itemListElement":[{"@type":"ListItem","position":1,"name":"Hem","item":"https:\/\/lyckseledjurpark.se\/"},{"@type":"ListItem","position":2,"name":"Zoo skola"}]},{"@type":"WebSite","@id":"https:\/\/lyckseledjurpark.se\/en\/#website","url":"https:\/\/lyckseledjurpark.se\/en\/","name":"Lycksele Zoo","description":"Sveriges Nordligaste Djurpark","potentialAction":[{"@type":"SearchAction","target":{"@type":"EntryPoint","urlTemplate":"https:\/\/lyckseledjurpark.se\/en\/?s={search_term_string}"},"query-input":{"@type":"PropertyValueSpecification","valueRequired":true,"valueName":"search_term_string"}}],"inLanguage":"en-GB"}]}},"_links":{"self":[{"href":"https:\/\/lyckseledjurpark.se\/en\/wp-json\/wp\/v2\/pages\/3178","targetHints":{"allow":["GET"]}}],"collection":[{"href":"https:\/\/lyckseledjurpark.se\/en\/wp-json\/wp\/v2\/pages"}],"about":[{"href":"https:\/\/lyckseledjurpark.se\/en\/wp-json\/wp\/v2\/types\/page"}],"author":[{"embeddable":true,"href":"https:\/\/lyckseledjurpark.se\/en\/wp-json\/wp\/v2\/users\/1"}],"replies":[{"embeddable":true,"href":"https:\/\/lyckseledjurpark.se\/en\/wp-json\/wp\/v2\/comments?post=3178"}],"version-history":[{"count":16,"href":"https:\/\/lyckseledjurpark.se\/en\/wp-json\/wp\/v2\/pages\/3178\/revisions"}],"predecessor-version":[{"id":6707,"href":"https:\/\/lyckseledjurpark.se\/en\/wp-json\/wp\/v2\/pages\/3178\/revisions\/6707"}],"wp:attachment":[{"href":"https:\/\/lyckseledjurpark.se\/en\/wp-json\/wp\/v2\/media?parent=3178"}],"curies":[{"name":"wp","href":"https:\/\/api.w.org\/{rel}","templated":true}]}}