{"id":3140,"date":"2020-05-19T14:28:07","date_gmt":"2020-05-19T12:28:07","guid":{"rendered":"https:\/\/lyckseledjurpark.chillimedia.se\/?page_id=3140"},"modified":"2023-05-26T14:00:27","modified_gmt":"2023-05-26T12:00:27","slug":"information-gallande-covid-19","status":"publish","type":"page","link":"https:\/\/lyckseledjurpark.se\/en\/information-gallande-covid-19\/","title":{"rendered":"Information about Covid-19"},"content":{"rendered":"<div data-elementor-type=\"wp-page\" data-elementor-id=\"3140\" class=\"elementor elementor-3140\" data-elementor-post-type=\"page\">\n\t\t\t\t\t\t<section class=\"elementor-section elementor-top-section elementor-element elementor-element-76476ada elementor-section-stretched elementor-reverse-tablet elementor-reverse-mobile elementor-section-boxed elementor-section-height-default elementor-section-height-default\" data-id=\"76476ada\" data-element_type=\"section\" data-e-type=\"section\" data-settings=\"{&quot;stretch_section&quot;:&quot;section-stretched&quot;}\">\n\t\t\t\t\t\t<div class=\"elementor-container elementor-column-gap-no\">\n\t\t\t\t\t<div class=\"elementor-column elementor-col-33 elementor-top-column elementor-element elementor-element-2cb002c7\" data-id=\"2cb002c7\" data-element_type=\"column\" data-e-type=\"column\">\n\t\t\t<div class=\"elementor-widget-wrap elementor-element-populated\">\n\t\t\t\t\t\t<div class=\"elementor-element elementor-element-456ffbd7 img-mask animated-slow elementor-invisible elementor-widget elementor-widget-image\" data-id=\"456ffbd7\" data-element_type=\"widget\" data-e-type=\"widget\" data-settings=\"{&quot;_animation&quot;:&quot;fadeIn&quot;}\" data-widget_type=\"image.default\">\n\t\t\t\t<div class=\"elementor-widget-container\">\n\t\t\t\t\t\t\t\t\t\t\t\t\t\t\t<img fetchpriority=\"high\" decoding=\"async\" width=\"630\" height=\"630\" src=\"https:\/\/lyckseledjurpark.se\/wp-content\/uploads\/2020\/06\/covid-19-630x630-1.jpg\" class=\"attachment-full size-full wp-image-3143\" alt=\"Covid-19 information\" srcset=\"https:\/\/lyckseledjurpark.se\/wp-content\/uploads\/2020\/06\/covid-19-630x630-1.jpg 630w, https:\/\/lyckseledjurpark.se\/wp-content\/uploads\/2020\/06\/covid-19-630x630-1-300x300.jpg 300w, https:\/\/lyckseledjurpark.se\/wp-content\/uploads\/2020\/06\/covid-19-630x630-1-150x150.jpg 150w\" sizes=\"(max-width: 630px) 100vw, 630px\" \/>\t\t\t\t\t\t\t\t\t\t\t\t\t\t\t<\/div>\n\t\t\t\t<\/div>\n\t\t\t\t\t<\/div>\n\t\t<\/div>\n\t\t\t\t<div class=\"elementor-column elementor-col-66 elementor-top-column elementor-element elementor-element-37511293\" data-id=\"37511293\" data-element_type=\"column\" data-e-type=\"column\">\n\t\t\t<div class=\"elementor-widget-wrap elementor-element-populated\">\n\t\t\t\t\t\t<div class=\"elementor-element elementor-element-41074e18 elementor-widget elementor-widget-heading\" data-id=\"41074e18\" data-element_type=\"widget\" data-e-type=\"widget\" data-widget_type=\"heading.default\">\n\t\t\t\t<div class=\"elementor-widget-container\">\n\t\t\t\t\t<h2 class=\"elementor-heading-title elementor-size-default\">Information about Covid-19 (coronavirus)<\/h2>\t\t\t\t<\/div>\n\t\t\t\t<\/div>\n\t\t\t\t<div class=\"elementor-element elementor-element-892b631 elementor-widget elementor-widget-html\" data-id=\"892b631\" data-element_type=\"widget\" data-e-type=\"widget\" data-widget_type=\"html.default\">\n\t\t\t\t<div class=\"elementor-widget-container\">\n\t\t\t\t\t\r\n\r\n\r\nVi vill uppmana alla att h\u00e5lla avst\u00e5nd samt tv\u00e4tta h\u00e4nderna ofta och ordentligt. Vi vill skapa en trevlig naturupplevelse f\u00f6r dig samtidigt som vi visar h\u00e4nsyn till varandra och tar ansvar f\u00f6r att inte sprida smittan vidare.\r\n<br><br><strong>We stay continuously updated via the Public Health Agency of Sweden , Region V\u00e4sterbotten and Lycksele Municipality. Our highest priority is always the safety of our guests and employees.<\/strong>\t\t\t\t<\/div>\n\t\t\t\t<\/div>\n\t\t\t\t<div class=\"elementor-element elementor-element-6179c05 elementor-widget elementor-widget-heading\" data-id=\"6179c05\" data-element_type=\"widget\" data-e-type=\"widget\" data-widget_type=\"heading.default\">\n\t\t\t\t<div class=\"elementor-widget-container\">\n\t\t\t\t\t<h3 class=\"elementor-heading-title elementor-size-default\">Read more:<\/h3>\t\t\t\t<\/div>\n\t\t\t\t<\/div>\n\t\t\t\t<div class=\"elementor-element elementor-element-a77d5ca elementor-widget elementor-widget-winwood-button\" data-id=\"a77d5ca\" data-element_type=\"widget\" data-e-type=\"widget\" data-widget_type=\"winwood-button.default\">\n\t\t\t\t<div class=\"elementor-widget-container\">\n\t\t\t\t\t        <div class=\"elementor-button-wrapper\">\n            <a href=\"https:\/\/www.folkhalsomyndigheten.se\/smittskydd-beredskap\/utbrott\/aktuella-utbrott\/covid-19\/\" target=\"_blank\" rel=\"nofollow\" class=\"elementor-button-link elementor-button default\" role=\"button\">\n                Public Health Agency of Sweden            <\/a>\n        <\/div>\n        \t\t\t\t<\/div>\n\t\t\t\t<\/div>\n\t\t\t\t<div class=\"elementor-element elementor-element-afd63f0 elementor-widget elementor-widget-winwood-button\" data-id=\"afd63f0\" data-element_type=\"widget\" data-e-type=\"widget\" data-widget_type=\"winwood-button.default\">\n\t\t\t\t<div class=\"elementor-widget-container\">\n\t\t\t\t\t        <div class=\"elementor-button-wrapper\">\n            <a href=\"https:\/\/www.regionvasterbotten.se\/coronavirus\" target=\"_blank\" rel=\"nofollow\" class=\"elementor-button-link elementor-button default\" role=\"button\">\n                Region V\u00e4sterbotten            <\/a>\n        <\/div>\n        \t\t\t\t<\/div>\n\t\t\t\t<\/div>\n\t\t\t\t<div class=\"elementor-element elementor-element-cfa2eef elementor-widget elementor-widget-winwood-button\" data-id=\"cfa2eef\" data-element_type=\"widget\" data-e-type=\"widget\" data-widget_type=\"winwood-button.default\">\n\t\t\t\t<div class=\"elementor-widget-container\">\n\t\t\t\t\t        <div class=\"elementor-button-wrapper\">\n            <a href=\"https:\/\/www.lycksele.se\/kommun-och-politik\/information-om-coronaviruset-covid-19\/\" target=\"_blank\" rel=\"nofollow\" class=\"elementor-button-link elementor-button default\" role=\"button\">\n                Lycksele Municipality            <\/a>\n        <\/div>\n        \t\t\t\t<\/div>\n\t\t\t\t<\/div>\n\t\t\t\t\t<\/div>\n\t\t<\/div>\n\t\t\t\t\t<\/div>\n\t\t<\/section>\n\t\t\t\t<\/div>","protected":false},"excerpt":{"rendered":"<p>Information g\u00e4llande Covid-19 (Corona-virus) Vi vill uppmana alla att h\u00e5lla avst\u00e5nd samt tv\u00e4tta h\u00e4nderna ofta och ordentligt. Vi vill skapa en trevlig naturupplevelse f\u00f6r dig samtidigt som vi visar h\u00e4nsyn till varandra och tar ansvar f\u00f6r att inte sprida smittan vidare. Vi h\u00e5ller oss kontinuerligt uppdaterade via Folkh\u00e4lsomyndigheten, Region V\u00e4sterbotten och Lycksele Kommun. V\u00e5r h\u00f6gsta [&hellip;]<\/p>\n","protected":false},"author":1,"featured_media":0,"parent":0,"menu_order":0,"comment_status":"closed","ping_status":"closed","template":"elementor_header_footer","meta":{"inline_featured_image":false,"footnotes":""},"class_list":["post-3140","page","type-page","status-publish","hentry"],"yoast_head":"<!-- This site is optimized with the Yoast SEO plugin v27.3 - https:\/\/yoast.com\/product\/yoast-seo-wordpress\/ -->\n<title>Information g\u00e4llande Covid-19 - Lycksele Djurpark<\/title>\n<meta name=\"robots\" content=\"index, follow, max-snippet:-1, max-image-preview:large, max-video-preview:-1\" \/>\n<link rel=\"canonical\" href=\"https:\/\/lyckseledjurpark.se\/en\/information-gallande-covid-19\/\" \/>\n<meta property=\"og:locale\" content=\"en_GB\" \/>\n<meta property=\"og:type\" content=\"article\" \/>\n<meta property=\"og:title\" content=\"Information g\u00e4llande Covid-19 - Lycksele Djurpark\" \/>\n<meta property=\"og:description\" content=\"Information g\u00e4llande Covid-19 (Corona-virus) Vi vill uppmana alla att h\u00e5lla avst\u00e5nd samt tv\u00e4tta h\u00e4nderna ofta och ordentligt. Vi vill skapa en trevlig naturupplevelse f\u00f6r dig samtidigt som vi visar h\u00e4nsyn till varandra och tar ansvar f\u00f6r att inte sprida smittan vidare. Vi h\u00e5ller oss kontinuerligt uppdaterade via Folkh\u00e4lsomyndigheten, Region V\u00e4sterbotten och Lycksele Kommun. V\u00e5r h\u00f6gsta [&hellip;]\" \/>\n<meta property=\"og:url\" content=\"https:\/\/lyckseledjurpark.se\/en\/information-gallande-covid-19\/\" \/>\n<meta property=\"og:site_name\" content=\"Lycksele Djurpark\" \/>\n<meta property=\"article:publisher\" content=\"https:\/\/www.facebook.com\/LyckseleDjurparkAB\/\" \/>\n<meta property=\"article:modified_time\" content=\"2023-05-26T12:00:27+00:00\" \/>\n<meta property=\"og:image\" content=\"https:\/\/lyckseledjurpark.se\/wp-content\/uploads\/2020\/06\/covid-19-630x630-1.jpg\" \/>\n<meta name=\"twitter:card\" content=\"summary_large_image\" \/>\n<script type=\"application\/ld+json\" class=\"yoast-schema-graph\">{\"@context\":\"https:\\\/\\\/schema.org\",\"@graph\":[{\"@type\":\"WebPage\",\"@id\":\"https:\\\/\\\/lyckseledjurpark.se\\\/information-gallande-covid-19\\\/\",\"url\":\"https:\\\/\\\/lyckseledjurpark.se\\\/information-gallande-covid-19\\\/\",\"name\":\"Information g\u00e4llande Covid-19 - Lycksele Djurpark\",\"isPartOf\":{\"@id\":\"https:\\\/\\\/lyckseledjurpark.se\\\/en\\\/#website\"},\"primaryImageOfPage\":{\"@id\":\"https:\\\/\\\/lyckseledjurpark.se\\\/information-gallande-covid-19\\\/#primaryimage\"},\"image\":{\"@id\":\"https:\\\/\\\/lyckseledjurpark.se\\\/information-gallande-covid-19\\\/#primaryimage\"},\"thumbnailUrl\":\"https:\\\/\\\/lyckseledjurpark.se\\\/wp-content\\\/uploads\\\/2020\\\/06\\\/covid-19-630x630-1.jpg\",\"datePublished\":\"2020-05-19T12:28:07+00:00\",\"dateModified\":\"2023-05-26T12:00:27+00:00\",\"breadcrumb\":{\"@id\":\"https:\\\/\\\/lyckseledjurpark.se\\\/information-gallande-covid-19\\\/#breadcrumb\"},\"inLanguage\":\"en-GB\",\"potentialAction\":[{\"@type\":\"ReadAction\",\"target\":[\"https:\\\/\\\/lyckseledjurpark.se\\\/information-gallande-covid-19\\\/\"]}]},{\"@type\":\"ImageObject\",\"inLanguage\":\"en-GB\",\"@id\":\"https:\\\/\\\/lyckseledjurpark.se\\\/information-gallande-covid-19\\\/#primaryimage\",\"url\":\"https:\\\/\\\/lyckseledjurpark.se\\\/wp-content\\\/uploads\\\/2020\\\/06\\\/covid-19-630x630-1.jpg\",\"contentUrl\":\"https:\\\/\\\/lyckseledjurpark.se\\\/wp-content\\\/uploads\\\/2020\\\/06\\\/covid-19-630x630-1.jpg\"},{\"@type\":\"BreadcrumbList\",\"@id\":\"https:\\\/\\\/lyckseledjurpark.se\\\/information-gallande-covid-19\\\/#breadcrumb\",\"itemListElement\":[{\"@type\":\"ListItem\",\"position\":1,\"name\":\"Hem\",\"item\":\"https:\\\/\\\/lyckseledjurpark.se\\\/\"},{\"@type\":\"ListItem\",\"position\":2,\"name\":\"Information g\u00e4llande Covid-19\"}]},{\"@type\":\"WebSite\",\"@id\":\"https:\\\/\\\/lyckseledjurpark.se\\\/en\\\/#website\",\"url\":\"https:\\\/\\\/lyckseledjurpark.se\\\/en\\\/\",\"name\":\"Lycksele Djurpark\",\"description\":\" Sveriges Nordligaste Djurpark\",\"potentialAction\":[{\"@type\":\"SearchAction\",\"target\":{\"@type\":\"EntryPoint\",\"urlTemplate\":\"https:\\\/\\\/lyckseledjurpark.se\\\/en\\\/?s={search_term_string}\"},\"query-input\":{\"@type\":\"PropertyValueSpecification\",\"valueRequired\":true,\"valueName\":\"search_term_string\"}}],\"inLanguage\":\"en-GB\"}]}<\/script>\n<!-- \/ Yoast SEO plugin. -->","yoast_head_json":{"title":"Information g\u00e4llande Covid-19 - Lycksele Djurpark","robots":{"index":"index","follow":"follow","max-snippet":"max-snippet:-1","max-image-preview":"max-image-preview:large","max-video-preview":"max-video-preview:-1"},"canonical":"https:\/\/lyckseledjurpark.se\/en\/information-gallande-covid-19\/","og_locale":"en_GB","og_type":"article","og_title":"Information g\u00e4llande Covid-19 - Lycksele Djurpark","og_description":"Information g\u00e4llande Covid-19 (Corona-virus) Vi vill uppmana alla att h\u00e5lla avst\u00e5nd samt tv\u00e4tta h\u00e4nderna ofta och ordentligt. Vi vill skapa en trevlig naturupplevelse f\u00f6r dig samtidigt som vi visar h\u00e4nsyn till varandra och tar ansvar f\u00f6r att inte sprida smittan vidare. Vi h\u00e5ller oss kontinuerligt uppdaterade via Folkh\u00e4lsomyndigheten, Region V\u00e4sterbotten och Lycksele Kommun. V\u00e5r h\u00f6gsta [&hellip;]","og_url":"https:\/\/lyckseledjurpark.se\/en\/information-gallande-covid-19\/","og_site_name":"Lycksele Djurpark","article_publisher":"https:\/\/www.facebook.com\/LyckseleDjurparkAB\/","article_modified_time":"2023-05-26T12:00:27+00:00","og_image":[{"url":"https:\/\/lyckseledjurpark.se\/wp-content\/uploads\/2020\/06\/covid-19-630x630-1.jpg","type":"","width":"","height":""}],"twitter_card":"summary_large_image","schema":{"@context":"https:\/\/schema.org","@graph":[{"@type":"WebPage","@id":"https:\/\/lyckseledjurpark.se\/information-gallande-covid-19\/","url":"https:\/\/lyckseledjurpark.se\/information-gallande-covid-19\/","name":"Information g\u00e4llande Covid-19 - Lycksele Djurpark","isPartOf":{"@id":"https:\/\/lyckseledjurpark.se\/en\/#website"},"primaryImageOfPage":{"@id":"https:\/\/lyckseledjurpark.se\/information-gallande-covid-19\/#primaryimage"},"image":{"@id":"https:\/\/lyckseledjurpark.se\/information-gallande-covid-19\/#primaryimage"},"thumbnailUrl":"https:\/\/lyckseledjurpark.se\/wp-content\/uploads\/2020\/06\/covid-19-630x630-1.jpg","datePublished":"2020-05-19T12:28:07+00:00","dateModified":"2023-05-26T12:00:27+00:00","breadcrumb":{"@id":"https:\/\/lyckseledjurpark.se\/information-gallande-covid-19\/#breadcrumb"},"inLanguage":"en-GB","potentialAction":[{"@type":"ReadAction","target":["https:\/\/lyckseledjurpark.se\/information-gallande-covid-19\/"]}]},{"@type":"ImageObject","inLanguage":"en-GB","@id":"https:\/\/lyckseledjurpark.se\/information-gallande-covid-19\/#primaryimage","url":"https:\/\/lyckseledjurpark.se\/wp-content\/uploads\/2020\/06\/covid-19-630x630-1.jpg","contentUrl":"https:\/\/lyckseledjurpark.se\/wp-content\/uploads\/2020\/06\/covid-19-630x630-1.jpg"},{"@type":"BreadcrumbList","@id":"https:\/\/lyckseledjurpark.se\/information-gallande-covid-19\/#breadcrumb","itemListElement":[{"@type":"ListItem","position":1,"name":"Hem","item":"https:\/\/lyckseledjurpark.se\/"},{"@type":"ListItem","position":2,"name":"Information g\u00e4llande Covid-19"}]},{"@type":"WebSite","@id":"https:\/\/lyckseledjurpark.se\/en\/#website","url":"https:\/\/lyckseledjurpark.se\/en\/","name":"Lycksele Zoo","description":"Sveriges Nordligaste Djurpark","potentialAction":[{"@type":"SearchAction","target":{"@type":"EntryPoint","urlTemplate":"https:\/\/lyckseledjurpark.se\/en\/?s={search_term_string}"},"query-input":{"@type":"PropertyValueSpecification","valueRequired":true,"valueName":"search_term_string"}}],"inLanguage":"en-GB"}]}},"_links":{"self":[{"href":"https:\/\/lyckseledjurpark.se\/en\/wp-json\/wp\/v2\/pages\/3140","targetHints":{"allow":["GET"]}}],"collection":[{"href":"https:\/\/lyckseledjurpark.se\/en\/wp-json\/wp\/v2\/pages"}],"about":[{"href":"https:\/\/lyckseledjurpark.se\/en\/wp-json\/wp\/v2\/types\/page"}],"author":[{"embeddable":true,"href":"https:\/\/lyckseledjurpark.se\/en\/wp-json\/wp\/v2\/users\/1"}],"replies":[{"embeddable":true,"href":"https:\/\/lyckseledjurpark.se\/en\/wp-json\/wp\/v2\/comments?post=3140"}],"version-history":[{"count":58,"href":"https:\/\/lyckseledjurpark.se\/en\/wp-json\/wp\/v2\/pages\/3140\/revisions"}],"predecessor-version":[{"id":4696,"href":"https:\/\/lyckseledjurpark.se\/en\/wp-json\/wp\/v2\/pages\/3140\/revisions\/4696"}],"wp:attachment":[{"href":"https:\/\/lyckseledjurpark.se\/en\/wp-json\/wp\/v2\/media?parent=3140"}],"curies":[{"name":"wp","href":"https:\/\/api.w.org\/{rel}","templated":true}]}}