{"id":3019,"date":"2020-05-19T11:45:36","date_gmt":"2020-05-19T09:45:36","guid":{"rendered":"https:\/\/lyckseledjurpark.chillimedia.se\/?page_id=3019"},"modified":"2025-05-26T11:26:42","modified_gmt":"2025-05-26T09:26:42","slug":"karta-over-omradet","status":"publish","type":"page","link":"https:\/\/lyckseledjurpark.se\/en\/karta-over-omradet\/","title":{"rendered":"Area map"},"content":{"rendered":"<div data-elementor-type=\"wp-page\" data-elementor-id=\"3019\" class=\"elementor elementor-3019\" data-elementor-post-type=\"page\">\n\t\t\t\t\t\t<section class=\"elementor-section elementor-top-section elementor-element elementor-element-a4817ba elementor-section-stretched map-adj elementor-section-boxed elementor-section-height-default elementor-section-height-default\" data-id=\"a4817ba\" data-element_type=\"section\" data-e-type=\"section\" data-settings=\"{&quot;stretch_section&quot;:&quot;section-stretched&quot;,&quot;background_background&quot;:&quot;classic&quot;}\">\n\t\t\t\t\t\t<div class=\"elementor-container elementor-column-gap-no\">\n\t\t\t\t\t<div class=\"elementor-column elementor-col-100 elementor-top-column elementor-element elementor-element-efb3457\" data-id=\"efb3457\" data-element_type=\"column\" data-e-type=\"column\">\n\t\t\t<div class=\"elementor-widget-wrap elementor-element-populated\">\n\t\t\t\t\t\t<div class=\"elementor-element elementor-element-210fa46 elementor-widget elementor-widget-heading\" data-id=\"210fa46\" data-element_type=\"widget\" data-e-type=\"widget\" data-widget_type=\"heading.default\">\n\t\t\t\t<div class=\"elementor-widget-container\">\n\t\t\t\t\t<h5 class=\"elementor-heading-title elementor-size-default\">Here you'll find our animals<\/h5>\t\t\t\t<\/div>\n\t\t\t\t<\/div>\n\t\t\t\t<div class=\"elementor-element elementor-element-85c7755 elementor-widget elementor-widget-heading\" data-id=\"85c7755\" data-element_type=\"widget\" data-e-type=\"widget\" data-widget_type=\"heading.default\">\n\t\t\t\t<div class=\"elementor-widget-container\">\n\t\t\t\t\t<h2 class=\"elementor-heading-title elementor-size-default\">Location Map<\/h2>\t\t\t\t<\/div>\n\t\t\t\t<\/div>\n\t\t\t\t<div class=\"elementor-element elementor-element-4a52ec1 elementor-view-default elementor-widget elementor-widget-icon\" data-id=\"4a52ec1\" data-element_type=\"widget\" data-e-type=\"widget\" data-widget_type=\"icon.default\">\n\t\t\t\t<div class=\"elementor-widget-container\">\n\t\t\t\t\t\t\t<div class=\"elementor-icon-wrapper\">\n\t\t\t<div class=\"elementor-icon\">\n\t\t\t<i aria-hidden=\"true\" class=\"winwood-icon- winwood-icon-title-decor\"><\/i>\t\t\t<\/div>\n\t\t<\/div>\n\t\t\t\t\t\t<\/div>\n\t\t\t\t<\/div>\n\t\t\t\t<section class=\"elementor-section elementor-inner-section elementor-element elementor-element-68e163a elementor-section-boxed elementor-section-height-default elementor-section-height-default\" data-id=\"68e163a\" data-element_type=\"section\" data-e-type=\"section\" data-settings=\"{&quot;background_background&quot;:&quot;classic&quot;}\">\n\t\t\t\t\t\t<div class=\"elementor-container elementor-column-gap-default\">\n\t\t\t\t\t<div class=\"elementor-column elementor-col-100 elementor-inner-column elementor-element elementor-element-2316a78\" data-id=\"2316a78\" data-element_type=\"column\" data-e-type=\"column\">\n\t\t\t<div class=\"elementor-widget-wrap elementor-element-populated\">\n\t\t\t\t\t\t<div class=\"elementor-element elementor-element-7a87c16 img-mask elementor-widget elementor-widget-image\" data-id=\"7a87c16\" data-element_type=\"widget\" data-e-type=\"widget\" data-widget_type=\"image.default\">\n\t\t\t\t<div class=\"elementor-widget-container\">\n\t\t\t\t\t\t\t\t\t\t\t\t\t\t\t\t<a href=\"https:\/\/lyckseledjurpark.se\/wp-content\/uploads\/2025\/05\/Lycksele_djurpark_webb-scaled.jpg\" data-elementor-open-lightbox=\"yes\" data-elementor-lightbox-title=\"Lycksele_djurpark_webb\" data-e-action-hash=\"#elementor-action%3Aaction%3Dlightbox%26settings%3DeyJpZCI6NjkyMSwidXJsIjoiaHR0cHM6XC9cL2x5Y2tzZWxlZGp1cnBhcmsuc2VcL3dwLWNvbnRlbnRcL3VwbG9hZHNcLzIwMjVcLzA1XC9MeWNrc2VsZV9kanVycGFya193ZWJiLXNjYWxlZC5qcGcifQ%3D%3D\">\n\t\t\t\t\t\t\t<img fetchpriority=\"high\" decoding=\"async\" width=\"2560\" height=\"1502\" src=\"https:\/\/lyckseledjurpark.se\/wp-content\/uploads\/2025\/05\/Lycksele_djurpark_webb-scaled.jpg\" class=\"attachment-full size-full wp-image-6921\" alt=\"\" srcset=\"https:\/\/lyckseledjurpark.se\/wp-content\/uploads\/2025\/05\/Lycksele_djurpark_webb-scaled.jpg 2560w, https:\/\/lyckseledjurpark.se\/wp-content\/uploads\/2025\/05\/Lycksele_djurpark_webb-300x176.jpg 300w, https:\/\/lyckseledjurpark.se\/wp-content\/uploads\/2025\/05\/Lycksele_djurpark_webb-1024x601.jpg 1024w, https:\/\/lyckseledjurpark.se\/wp-content\/uploads\/2025\/05\/Lycksele_djurpark_webb-768x451.jpg 768w, https:\/\/lyckseledjurpark.se\/wp-content\/uploads\/2025\/05\/Lycksele_djurpark_webb-1536x901.jpg 1536w, https:\/\/lyckseledjurpark.se\/wp-content\/uploads\/2025\/05\/Lycksele_djurpark_webb-2048x1202.jpg 2048w, https:\/\/lyckseledjurpark.se\/wp-content\/uploads\/2025\/05\/Lycksele_djurpark_webb-18x12.jpg 18w\" sizes=\"(max-width: 2560px) 100vw, 2560px\" \/>\t\t\t\t\t\t\t\t<\/a>\n\t\t\t\t\t\t\t\t\t\t\t\t\t\t\t<\/div>\n\t\t\t\t<\/div>\n\t\t\t\t\t<\/div>\n\t\t<\/div>\n\t\t\t\t\t<\/div>\n\t\t<\/section>\n\t\t\t\t\t<\/div>\n\t\t<\/div>\n\t\t\t\t\t<\/div>\n\t\t<\/section>\n\t\t\t\t<\/div>","protected":false},"excerpt":{"rendered":"<p>H\u00e4r finner du v\u00e5ra djur Platskarta<\/p>","protected":false},"author":1,"featured_media":0,"parent":0,"menu_order":0,"comment_status":"closed","ping_status":"closed","template":"elementor_header_footer","meta":{"inline_featured_image":false,"footnotes":""},"class_list":["post-3019","page","type-page","status-publish","hentry"],"yoast_head":"<!-- This site is optimized with the Yoast SEO plugin v27.3 - https:\/\/yoast.com\/product\/yoast-seo-wordpress\/ -->\n<title>Karta \u00f6ver omr\u00e5det | Lycksele Djurpark<\/title>\n<meta name=\"description\" content=\"Hitta information om Lycksele Djurpark, inklusive \u00f6ppettider, priser, djur, och kartor. Kontakta oss f\u00f6r fr\u00e5gor och bes\u00f6k oss enkelt.\" \/>\n<meta name=\"robots\" content=\"index, follow, max-snippet:-1, max-image-preview:large, max-video-preview:-1\" \/>\n<link rel=\"canonical\" href=\"https:\/\/lyckseledjurpark.se\/en\/karta-over-omradet\/\" \/>\n<meta property=\"og:locale\" content=\"en_GB\" \/>\n<meta property=\"og:type\" content=\"article\" \/>\n<meta property=\"og:title\" content=\"Karta \u00f6ver omr\u00e5det | Lycksele Djurpark\" \/>\n<meta property=\"og:description\" content=\"Hitta information om Lycksele Djurpark, inklusive \u00f6ppettider, priser, djur, och kartor. Kontakta oss f\u00f6r fr\u00e5gor och bes\u00f6k oss enkelt.\" \/>\n<meta property=\"og:url\" content=\"https:\/\/lyckseledjurpark.se\/en\/karta-over-omradet\/\" \/>\n<meta property=\"og:site_name\" content=\"Lycksele Djurpark\" \/>\n<meta property=\"article:publisher\" content=\"https:\/\/www.facebook.com\/LyckseleDjurparkAB\/\" \/>\n<meta property=\"article:modified_time\" content=\"2025-05-26T09:26:42+00:00\" \/>\n<meta property=\"og:image\" content=\"https:\/\/lyckseledjurpark.se\/wp-content\/uploads\/2025\/05\/Lycksele_djurpark_webb-scaled.jpg\" \/>\n\t<meta property=\"og:image:width\" content=\"2560\" \/>\n\t<meta property=\"og:image:height\" content=\"1502\" \/>\n\t<meta property=\"og:image:type\" content=\"image\/jpeg\" \/>\n<meta name=\"twitter:card\" content=\"summary_large_image\" \/>\n<meta name=\"twitter:label1\" content=\"Estimated reading time\" \/>\n\t<meta name=\"twitter:data1\" content=\"1 minute\" \/>\n<script type=\"application\/ld+json\" class=\"yoast-schema-graph\">{\"@context\":\"https:\\\/\\\/schema.org\",\"@graph\":[{\"@type\":\"WebPage\",\"@id\":\"https:\\\/\\\/lyckseledjurpark.se\\\/karta-over-omradet\\\/\",\"url\":\"https:\\\/\\\/lyckseledjurpark.se\\\/karta-over-omradet\\\/\",\"name\":\"Karta \u00f6ver omr\u00e5det | Lycksele Djurpark\",\"isPartOf\":{\"@id\":\"https:\\\/\\\/lyckseledjurpark.se\\\/en\\\/#website\"},\"primaryImageOfPage\":{\"@id\":\"https:\\\/\\\/lyckseledjurpark.se\\\/karta-over-omradet\\\/#primaryimage\"},\"image\":{\"@id\":\"https:\\\/\\\/lyckseledjurpark.se\\\/karta-over-omradet\\\/#primaryimage\"},\"thumbnailUrl\":\"https:\\\/\\\/lyckseledjurpark.se\\\/wp-content\\\/uploads\\\/2025\\\/05\\\/Lycksele_djurpark_webb-scaled.jpg\",\"datePublished\":\"2020-05-19T09:45:36+00:00\",\"dateModified\":\"2025-05-26T09:26:42+00:00\",\"description\":\"Hitta information om Lycksele Djurpark, inklusive \u00f6ppettider, priser, djur, och kartor. Kontakta oss f\u00f6r fr\u00e5gor och bes\u00f6k oss enkelt.\",\"breadcrumb\":{\"@id\":\"https:\\\/\\\/lyckseledjurpark.se\\\/karta-over-omradet\\\/#breadcrumb\"},\"inLanguage\":\"en-GB\",\"potentialAction\":[{\"@type\":\"ReadAction\",\"target\":[\"https:\\\/\\\/lyckseledjurpark.se\\\/karta-over-omradet\\\/\"]}]},{\"@type\":\"ImageObject\",\"inLanguage\":\"en-GB\",\"@id\":\"https:\\\/\\\/lyckseledjurpark.se\\\/karta-over-omradet\\\/#primaryimage\",\"url\":\"https:\\\/\\\/lyckseledjurpark.se\\\/wp-content\\\/uploads\\\/2025\\\/05\\\/Lycksele_djurpark_webb-scaled.jpg\",\"contentUrl\":\"https:\\\/\\\/lyckseledjurpark.se\\\/wp-content\\\/uploads\\\/2025\\\/05\\\/Lycksele_djurpark_webb-scaled.jpg\"},{\"@type\":\"BreadcrumbList\",\"@id\":\"https:\\\/\\\/lyckseledjurpark.se\\\/karta-over-omradet\\\/#breadcrumb\",\"itemListElement\":[{\"@type\":\"ListItem\",\"position\":1,\"name\":\"Hem\",\"item\":\"https:\\\/\\\/lyckseledjurpark.se\\\/\"},{\"@type\":\"ListItem\",\"position\":2,\"name\":\"Karta \u00f6ver omr\u00e5det\"}]},{\"@type\":\"WebSite\",\"@id\":\"https:\\\/\\\/lyckseledjurpark.se\\\/en\\\/#website\",\"url\":\"https:\\\/\\\/lyckseledjurpark.se\\\/en\\\/\",\"name\":\"Lycksele Djurpark\",\"description\":\" Sveriges Nordligaste Djurpark\",\"potentialAction\":[{\"@type\":\"SearchAction\",\"target\":{\"@type\":\"EntryPoint\",\"urlTemplate\":\"https:\\\/\\\/lyckseledjurpark.se\\\/en\\\/?s={search_term_string}\"},\"query-input\":{\"@type\":\"PropertyValueSpecification\",\"valueRequired\":true,\"valueName\":\"search_term_string\"}}],\"inLanguage\":\"en-GB\"}]}<\/script>\n<!-- \/ Yoast SEO plugin. -->","yoast_head_json":{"title":"Karta \u00f6ver omr\u00e5det | Lycksele Djurpark","description":"Hitta information om Lycksele Djurpark, inklusive \u00f6ppettider, priser, djur, och kartor. Kontakta oss f\u00f6r fr\u00e5gor och bes\u00f6k oss enkelt.","robots":{"index":"index","follow":"follow","max-snippet":"max-snippet:-1","max-image-preview":"max-image-preview:large","max-video-preview":"max-video-preview:-1"},"canonical":"https:\/\/lyckseledjurpark.se\/en\/karta-over-omradet\/","og_locale":"en_GB","og_type":"article","og_title":"Karta \u00f6ver omr\u00e5det | Lycksele Djurpark","og_description":"Hitta information om Lycksele Djurpark, inklusive \u00f6ppettider, priser, djur, och kartor. Kontakta oss f\u00f6r fr\u00e5gor och bes\u00f6k oss enkelt.","og_url":"https:\/\/lyckseledjurpark.se\/en\/karta-over-omradet\/","og_site_name":"Lycksele Djurpark","article_publisher":"https:\/\/www.facebook.com\/LyckseleDjurparkAB\/","article_modified_time":"2025-05-26T09:26:42+00:00","og_image":[{"width":2560,"height":1502,"url":"https:\/\/lyckseledjurpark.se\/wp-content\/uploads\/2025\/05\/Lycksele_djurpark_webb-scaled.jpg","type":"image\/jpeg"}],"twitter_card":"summary_large_image","twitter_misc":{"Estimated reading time":"1 minute"},"schema":{"@context":"https:\/\/schema.org","@graph":[{"@type":"WebPage","@id":"https:\/\/lyckseledjurpark.se\/karta-over-omradet\/","url":"https:\/\/lyckseledjurpark.se\/karta-over-omradet\/","name":"Karta \u00f6ver omr\u00e5det | Lycksele Djurpark","isPartOf":{"@id":"https:\/\/lyckseledjurpark.se\/en\/#website"},"primaryImageOfPage":{"@id":"https:\/\/lyckseledjurpark.se\/karta-over-omradet\/#primaryimage"},"image":{"@id":"https:\/\/lyckseledjurpark.se\/karta-over-omradet\/#primaryimage"},"thumbnailUrl":"https:\/\/lyckseledjurpark.se\/wp-content\/uploads\/2025\/05\/Lycksele_djurpark_webb-scaled.jpg","datePublished":"2020-05-19T09:45:36+00:00","dateModified":"2025-05-26T09:26:42+00:00","description":"Hitta information om Lycksele Djurpark, inklusive \u00f6ppettider, priser, djur, och kartor. Kontakta oss f\u00f6r fr\u00e5gor och bes\u00f6k oss enkelt.","breadcrumb":{"@id":"https:\/\/lyckseledjurpark.se\/karta-over-omradet\/#breadcrumb"},"inLanguage":"en-GB","potentialAction":[{"@type":"ReadAction","target":["https:\/\/lyckseledjurpark.se\/karta-over-omradet\/"]}]},{"@type":"ImageObject","inLanguage":"en-GB","@id":"https:\/\/lyckseledjurpark.se\/karta-over-omradet\/#primaryimage","url":"https:\/\/lyckseledjurpark.se\/wp-content\/uploads\/2025\/05\/Lycksele_djurpark_webb-scaled.jpg","contentUrl":"https:\/\/lyckseledjurpark.se\/wp-content\/uploads\/2025\/05\/Lycksele_djurpark_webb-scaled.jpg"},{"@type":"BreadcrumbList","@id":"https:\/\/lyckseledjurpark.se\/karta-over-omradet\/#breadcrumb","itemListElement":[{"@type":"ListItem","position":1,"name":"Hem","item":"https:\/\/lyckseledjurpark.se\/"},{"@type":"ListItem","position":2,"name":"Karta \u00f6ver omr\u00e5det"}]},{"@type":"WebSite","@id":"https:\/\/lyckseledjurpark.se\/en\/#website","url":"https:\/\/lyckseledjurpark.se\/en\/","name":"Lycksele Zoo","description":"Sveriges Nordligaste Djurpark","potentialAction":[{"@type":"SearchAction","target":{"@type":"EntryPoint","urlTemplate":"https:\/\/lyckseledjurpark.se\/en\/?s={search_term_string}"},"query-input":{"@type":"PropertyValueSpecification","valueRequired":true,"valueName":"search_term_string"}}],"inLanguage":"en-GB"}]}},"_links":{"self":[{"href":"https:\/\/lyckseledjurpark.se\/en\/wp-json\/wp\/v2\/pages\/3019","targetHints":{"allow":["GET"]}}],"collection":[{"href":"https:\/\/lyckseledjurpark.se\/en\/wp-json\/wp\/v2\/pages"}],"about":[{"href":"https:\/\/lyckseledjurpark.se\/en\/wp-json\/wp\/v2\/types\/page"}],"author":[{"embeddable":true,"href":"https:\/\/lyckseledjurpark.se\/en\/wp-json\/wp\/v2\/users\/1"}],"replies":[{"embeddable":true,"href":"https:\/\/lyckseledjurpark.se\/en\/wp-json\/wp\/v2\/comments?post=3019"}],"version-history":[{"count":19,"href":"https:\/\/lyckseledjurpark.se\/en\/wp-json\/wp\/v2\/pages\/3019\/revisions"}],"predecessor-version":[{"id":6927,"href":"https:\/\/lyckseledjurpark.se\/en\/wp-json\/wp\/v2\/pages\/3019\/revisions\/6927"}],"wp:attachment":[{"href":"https:\/\/lyckseledjurpark.se\/en\/wp-json\/wp\/v2\/media?parent=3019"}],"curies":[{"name":"wp","href":"https:\/\/api.w.org\/{rel}","templated":true}]}}