{"id":3002,"date":"2020-05-19T14:28:07","date_gmt":"2020-05-19T12:28:07","guid":{"rendered":"https:\/\/lyckseledjurpark.chillimedia.se\/?page_id=3002"},"modified":"2024-10-21T16:14:28","modified_gmt":"2024-10-21T14:14:28","slug":"arrangemang","status":"publish","type":"page","link":"https:\/\/lyckseledjurpark.se\/en\/arrangemang\/","title":{"rendered":"Arrangemang"},"content":{"rendered":"<div data-elementor-type=\"wp-page\" data-elementor-id=\"3002\" class=\"elementor elementor-3002\" data-elementor-post-type=\"page\">\n\t\t\t\t\t\t<section class=\"elementor-section elementor-top-section elementor-element elementor-element-76476ada elementor-section-stretched elementor-reverse-tablet elementor-reverse-mobile elementor-section-boxed elementor-section-height-default elementor-section-height-default\" data-id=\"76476ada\" data-element_type=\"section\" data-e-type=\"section\" data-settings=\"{&quot;stretch_section&quot;:&quot;section-stretched&quot;}\">\n\t\t\t\t\t\t<div class=\"elementor-container elementor-column-gap-no\">\n\t\t\t\t\t<div class=\"elementor-column elementor-col-33 elementor-top-column elementor-element elementor-element-2cb002c7\" data-id=\"2cb002c7\" data-element_type=\"column\" data-e-type=\"column\">\n\t\t\t<div class=\"elementor-widget-wrap elementor-element-populated\">\n\t\t\t\t\t\t<div class=\"elementor-element elementor-element-456ffbd7 img-mask animated-slow elementor-invisible elementor-widget elementor-widget-image\" data-id=\"456ffbd7\" data-element_type=\"widget\" data-e-type=\"widget\" data-settings=\"{&quot;_animation&quot;:&quot;fadeIn&quot;}\" data-widget_type=\"image.default\">\n\t\t\t\t<div class=\"elementor-widget-container\">\n\t\t\t\t\t\t\t\t\t\t\t\t\t\t\t<img fetchpriority=\"high\" decoding=\"async\" width=\"630\" height=\"630\" src=\"https:\/\/lyckseledjurpark.se\/wp-content\/uploads\/2020\/06\/arrangemang-630x630-1.jpg\" class=\"attachment-full size-full wp-image-3007\" alt=\"Arrangemang - Lycksele Djurpark\" srcset=\"https:\/\/lyckseledjurpark.se\/wp-content\/uploads\/2020\/06\/arrangemang-630x630-1.jpg 630w, https:\/\/lyckseledjurpark.se\/wp-content\/uploads\/2020\/06\/arrangemang-630x630-1-300x300.jpg 300w, https:\/\/lyckseledjurpark.se\/wp-content\/uploads\/2020\/06\/arrangemang-630x630-1-150x150.jpg 150w\" sizes=\"(max-width: 630px) 100vw, 630px\" \/>\t\t\t\t\t\t\t\t\t\t\t\t\t\t\t<\/div>\n\t\t\t\t<\/div>\n\t\t\t\t\t<\/div>\n\t\t<\/div>\n\t\t\t\t<div class=\"elementor-column elementor-col-66 elementor-top-column elementor-element elementor-element-37511293\" data-id=\"37511293\" data-element_type=\"column\" data-e-type=\"column\">\n\t\t\t<div class=\"elementor-widget-wrap elementor-element-populated\">\n\t\t\t\t\t\t<div class=\"elementor-element elementor-element-41074e18 elementor-widget elementor-widget-heading\" data-id=\"41074e18\" data-element_type=\"widget\" data-e-type=\"widget\" data-widget_type=\"heading.default\">\n\t\t\t\t<div class=\"elementor-widget-container\">\n\t\t\t\t\t<h2 class=\"elementor-heading-title elementor-size-default\">Kick off, representation, personalfest eller en familjedag?<\/h2>\t\t\t\t<\/div>\n\t\t\t\t<\/div>\n\t\t\t\t<div class=\"elementor-element elementor-element-8da7ff8 elementor-widget elementor-widget-html\" data-id=\"8da7ff8\" data-element_type=\"widget\" data-e-type=\"widget\" data-widget_type=\"html.default\">\n\t\t\t\t<div class=\"elementor-widget-container\">\n\t\t\t\t\tLycksele djurpark har stora m\u00f6jligheter f\u00f6r dig som vill hitta p\u00e5 n\u00e5got annorlunda f\u00f6r kick off, representation, personalfest eller en familjedag. Allt fr\u00e5n grupper p\u00e5 10 personer till 7 000. M\u00e5nga av arrangemangen fungerar utm\u00e4rkt n\u00e4r parken \u00e4r \u00f6ppen f\u00f6r allm\u00e4nheten, eller kanske ni vill boka parken en kv\u00e4ll f\u00f6r er sj\u00e4lv.\r\n<br><br>\r\nVarf\u00f6r inte arrangera er konferens i exotisk milj\u00f6. I direkt anslutning till bj\u00f6rnberget har vi en konferenslokal med plats f\u00f6r cirka 12 personer.\r\n<br><br>\r\nVi ordnar allt f\u00f6r er - fika, mat samt guidade rundturer bland v\u00e5ra nordiska djur.\r\n<br>\t\t\t\t<\/div>\n\t\t\t\t<\/div>\n\t\t\t\t<div class=\"elementor-element elementor-element-da8bc49 elementor-widget elementor-widget-heading\" data-id=\"da8bc49\" data-element_type=\"widget\" data-e-type=\"widget\" data-widget_type=\"heading.default\">\n\t\t\t\t<div class=\"elementor-widget-container\">\n\t\t\t\t\t<h2 class=\"elementor-heading-title elementor-size-default\">Ring f\u00f6r offert: <span class=\"clear-blue-normal\">0950 - 167 10<\/span><\/h2>\t\t\t\t<\/div>\n\t\t\t\t<\/div>\n\t\t\t\t\t<\/div>\n\t\t<\/div>\n\t\t\t\t\t<\/div>\n\t\t<\/section>\n\t\t\t\t<\/div>","protected":false},"excerpt":{"rendered":"<p>Kick off, representation, personalfest eller en familjedag? Lycksele djurpark har stora m\u00f6jligheter f\u00f6r dig som vill hitta p\u00e5 n\u00e5got annorlunda f\u00f6r kick off, representation, personalfest eller en familjedag. Allt fr\u00e5n grupper p\u00e5 10 personer till 7 000. M\u00e5nga av arrangemangen fungerar utm\u00e4rkt n\u00e4r parken \u00e4r \u00f6ppen f\u00f6r allm\u00e4nheten, eller kanske ni vill boka parken en [&hellip;]<\/p>\n","protected":false},"author":1,"featured_media":0,"parent":0,"menu_order":0,"comment_status":"closed","ping_status":"closed","template":"elementor_header_footer","meta":{"inline_featured_image":false,"footnotes":""},"class_list":["post-3002","page","type-page","status-publish","hentry"],"yoast_head":"<!-- This site is optimized with the Yoast SEO plugin v27.3 - https:\/\/yoast.com\/product\/yoast-seo-wordpress\/ -->\n<title>Kick off, kalas och personalfest | Vi hj\u00e4lper dig p\u00e5 Lycksele Djurpark<\/title>\n<meta name=\"description\" content=\"Uppt\u00e4ck unika arrangemang p\u00e5 Lycksele djurpark f\u00f6r kick off, kalas, eller personalfest. Boka en exotisk konferens s\u00e5 hj\u00e4lper vi dig hela v\u00e4gen!\" \/>\n<meta name=\"robots\" content=\"index, follow, max-snippet:-1, max-image-preview:large, max-video-preview:-1\" \/>\n<link rel=\"canonical\" href=\"https:\/\/lyckseledjurpark.se\/en\/arrangemang\/\" \/>\n<meta property=\"og:locale\" content=\"en_GB\" \/>\n<meta property=\"og:type\" content=\"article\" \/>\n<meta property=\"og:title\" content=\"Kick off, kalas och personalfest | Vi hj\u00e4lper dig p\u00e5 Lycksele Djurpark\" \/>\n<meta property=\"og:description\" content=\"Uppt\u00e4ck unika arrangemang p\u00e5 Lycksele djurpark f\u00f6r kick off, kalas, eller personalfest. Boka en exotisk konferens s\u00e5 hj\u00e4lper vi dig hela v\u00e4gen!\" \/>\n<meta property=\"og:url\" content=\"https:\/\/lyckseledjurpark.se\/en\/arrangemang\/\" \/>\n<meta property=\"og:site_name\" content=\"Lycksele Djurpark\" \/>\n<meta property=\"article:publisher\" content=\"https:\/\/www.facebook.com\/LyckseleDjurparkAB\/\" \/>\n<meta property=\"article:modified_time\" content=\"2024-10-21T14:14:28+00:00\" \/>\n<meta property=\"og:image\" content=\"http:\/\/media.lyckseledjurpark.se\/2020\/06\/arrangemang-630x630-1.jpg\" \/>\n<meta name=\"twitter:card\" content=\"summary_large_image\" \/>\n<meta name=\"twitter:label1\" content=\"Estimated reading time\" \/>\n\t<meta name=\"twitter:data1\" content=\"1 minute\" \/>\n<script type=\"application\/ld+json\" class=\"yoast-schema-graph\">{\"@context\":\"https:\\\/\\\/schema.org\",\"@graph\":[{\"@type\":\"WebPage\",\"@id\":\"https:\\\/\\\/lyckseledjurpark.se\\\/arrangemang\\\/\",\"url\":\"https:\\\/\\\/lyckseledjurpark.se\\\/arrangemang\\\/\",\"name\":\"Kick off, kalas och personalfest | Vi hj\u00e4lper dig p\u00e5 Lycksele Djurpark\",\"isPartOf\":{\"@id\":\"https:\\\/\\\/lyckseledjurpark.se\\\/en\\\/#website\"},\"primaryImageOfPage\":{\"@id\":\"https:\\\/\\\/lyckseledjurpark.se\\\/arrangemang\\\/#primaryimage\"},\"image\":{\"@id\":\"https:\\\/\\\/lyckseledjurpark.se\\\/arrangemang\\\/#primaryimage\"},\"thumbnailUrl\":\"http:\\\/\\\/media.lyckseledjurpark.se\\\/2020\\\/06\\\/arrangemang-630x630-1.jpg\",\"datePublished\":\"2020-05-19T12:28:07+00:00\",\"dateModified\":\"2024-10-21T14:14:28+00:00\",\"description\":\"Uppt\u00e4ck unika arrangemang p\u00e5 Lycksele djurpark f\u00f6r kick off, kalas, eller personalfest. Boka en exotisk konferens s\u00e5 hj\u00e4lper vi dig hela v\u00e4gen!\",\"breadcrumb\":{\"@id\":\"https:\\\/\\\/lyckseledjurpark.se\\\/arrangemang\\\/#breadcrumb\"},\"inLanguage\":\"en-GB\",\"potentialAction\":[{\"@type\":\"ReadAction\",\"target\":[\"https:\\\/\\\/lyckseledjurpark.se\\\/arrangemang\\\/\"]}]},{\"@type\":\"ImageObject\",\"inLanguage\":\"en-GB\",\"@id\":\"https:\\\/\\\/lyckseledjurpark.se\\\/arrangemang\\\/#primaryimage\",\"url\":\"http:\\\/\\\/media.lyckseledjurpark.se\\\/2020\\\/06\\\/arrangemang-630x630-1.jpg\",\"contentUrl\":\"http:\\\/\\\/media.lyckseledjurpark.se\\\/2020\\\/06\\\/arrangemang-630x630-1.jpg\"},{\"@type\":\"BreadcrumbList\",\"@id\":\"https:\\\/\\\/lyckseledjurpark.se\\\/arrangemang\\\/#breadcrumb\",\"itemListElement\":[{\"@type\":\"ListItem\",\"position\":1,\"name\":\"Hem\",\"item\":\"https:\\\/\\\/lyckseledjurpark.se\\\/\"},{\"@type\":\"ListItem\",\"position\":2,\"name\":\"Arrangemang\"}]},{\"@type\":\"WebSite\",\"@id\":\"https:\\\/\\\/lyckseledjurpark.se\\\/en\\\/#website\",\"url\":\"https:\\\/\\\/lyckseledjurpark.se\\\/en\\\/\",\"name\":\"Lycksele Djurpark\",\"description\":\" Sveriges Nordligaste Djurpark\",\"potentialAction\":[{\"@type\":\"SearchAction\",\"target\":{\"@type\":\"EntryPoint\",\"urlTemplate\":\"https:\\\/\\\/lyckseledjurpark.se\\\/en\\\/?s={search_term_string}\"},\"query-input\":{\"@type\":\"PropertyValueSpecification\",\"valueRequired\":true,\"valueName\":\"search_term_string\"}}],\"inLanguage\":\"en-GB\"}]}<\/script>\n<!-- \/ Yoast SEO plugin. -->","yoast_head_json":{"title":"Kick off, kalas och personalfest | Vi hj\u00e4lper dig p\u00e5 Lycksele Djurpark","description":"Uppt\u00e4ck unika arrangemang p\u00e5 Lycksele djurpark f\u00f6r kick off, kalas, eller personalfest. Boka en exotisk konferens s\u00e5 hj\u00e4lper vi dig hela v\u00e4gen!","robots":{"index":"index","follow":"follow","max-snippet":"max-snippet:-1","max-image-preview":"max-image-preview:large","max-video-preview":"max-video-preview:-1"},"canonical":"https:\/\/lyckseledjurpark.se\/en\/arrangemang\/","og_locale":"en_GB","og_type":"article","og_title":"Kick off, kalas och personalfest | Vi hj\u00e4lper dig p\u00e5 Lycksele Djurpark","og_description":"Uppt\u00e4ck unika arrangemang p\u00e5 Lycksele djurpark f\u00f6r kick off, kalas, eller personalfest. Boka en exotisk konferens s\u00e5 hj\u00e4lper vi dig hela v\u00e4gen!","og_url":"https:\/\/lyckseledjurpark.se\/en\/arrangemang\/","og_site_name":"Lycksele Djurpark","article_publisher":"https:\/\/www.facebook.com\/LyckseleDjurparkAB\/","article_modified_time":"2024-10-21T14:14:28+00:00","og_image":[{"url":"http:\/\/media.lyckseledjurpark.se\/2020\/06\/arrangemang-630x630-1.jpg","type":"","width":"","height":""}],"twitter_card":"summary_large_image","twitter_misc":{"Estimated reading time":"1 minute"},"schema":{"@context":"https:\/\/schema.org","@graph":[{"@type":"WebPage","@id":"https:\/\/lyckseledjurpark.se\/arrangemang\/","url":"https:\/\/lyckseledjurpark.se\/arrangemang\/","name":"Kick off, kalas och personalfest | Vi hj\u00e4lper dig p\u00e5 Lycksele Djurpark","isPartOf":{"@id":"https:\/\/lyckseledjurpark.se\/en\/#website"},"primaryImageOfPage":{"@id":"https:\/\/lyckseledjurpark.se\/arrangemang\/#primaryimage"},"image":{"@id":"https:\/\/lyckseledjurpark.se\/arrangemang\/#primaryimage"},"thumbnailUrl":"http:\/\/media.lyckseledjurpark.se\/2020\/06\/arrangemang-630x630-1.jpg","datePublished":"2020-05-19T12:28:07+00:00","dateModified":"2024-10-21T14:14:28+00:00","description":"Uppt\u00e4ck unika arrangemang p\u00e5 Lycksele djurpark f\u00f6r kick off, kalas, eller personalfest. Boka en exotisk konferens s\u00e5 hj\u00e4lper vi dig hela v\u00e4gen!","breadcrumb":{"@id":"https:\/\/lyckseledjurpark.se\/arrangemang\/#breadcrumb"},"inLanguage":"en-GB","potentialAction":[{"@type":"ReadAction","target":["https:\/\/lyckseledjurpark.se\/arrangemang\/"]}]},{"@type":"ImageObject","inLanguage":"en-GB","@id":"https:\/\/lyckseledjurpark.se\/arrangemang\/#primaryimage","url":"http:\/\/media.lyckseledjurpark.se\/2020\/06\/arrangemang-630x630-1.jpg","contentUrl":"http:\/\/media.lyckseledjurpark.se\/2020\/06\/arrangemang-630x630-1.jpg"},{"@type":"BreadcrumbList","@id":"https:\/\/lyckseledjurpark.se\/arrangemang\/#breadcrumb","itemListElement":[{"@type":"ListItem","position":1,"name":"Hem","item":"https:\/\/lyckseledjurpark.se\/"},{"@type":"ListItem","position":2,"name":"Arrangemang"}]},{"@type":"WebSite","@id":"https:\/\/lyckseledjurpark.se\/en\/#website","url":"https:\/\/lyckseledjurpark.se\/en\/","name":"Lycksele Zoo","description":"Sveriges Nordligaste Djurpark","potentialAction":[{"@type":"SearchAction","target":{"@type":"EntryPoint","urlTemplate":"https:\/\/lyckseledjurpark.se\/en\/?s={search_term_string}"},"query-input":{"@type":"PropertyValueSpecification","valueRequired":true,"valueName":"search_term_string"}}],"inLanguage":"en-GB"}]}},"_links":{"self":[{"href":"https:\/\/lyckseledjurpark.se\/en\/wp-json\/wp\/v2\/pages\/3002","targetHints":{"allow":["GET"]}}],"collection":[{"href":"https:\/\/lyckseledjurpark.se\/en\/wp-json\/wp\/v2\/pages"}],"about":[{"href":"https:\/\/lyckseledjurpark.se\/en\/wp-json\/wp\/v2\/types\/page"}],"author":[{"embeddable":true,"href":"https:\/\/lyckseledjurpark.se\/en\/wp-json\/wp\/v2\/users\/1"}],"replies":[{"embeddable":true,"href":"https:\/\/lyckseledjurpark.se\/en\/wp-json\/wp\/v2\/comments?post=3002"}],"version-history":[{"count":5,"href":"https:\/\/lyckseledjurpark.se\/en\/wp-json\/wp\/v2\/pages\/3002\/revisions"}],"predecessor-version":[{"id":6664,"href":"https:\/\/lyckseledjurpark.se\/en\/wp-json\/wp\/v2\/pages\/3002\/revisions\/6664"}],"wp:attachment":[{"href":"https:\/\/lyckseledjurpark.se\/en\/wp-json\/wp\/v2\/media?parent=3002"}],"curies":[{"name":"wp","href":"https:\/\/api.w.org\/{rel}","templated":true}]}}