{"id":2993,"date":"2020-05-19T14:28:07","date_gmt":"2020-05-19T12:28:07","guid":{"rendered":"https:\/\/lyckseledjurpark.chillimedia.se\/?page_id=2993"},"modified":"2024-10-22T10:34:16","modified_gmt":"2024-10-22T08:34:16","slug":"infor-besoket","status":"publish","type":"page","link":"https:\/\/lyckseledjurpark.se\/en\/infor-besoket\/","title":{"rendered":"Before the visit"},"content":{"rendered":"<div data-elementor-type=\"wp-page\" data-elementor-id=\"2993\" class=\"elementor elementor-2993\" data-elementor-post-type=\"page\">\n\t\t\t\t\t\t<section class=\"elementor-section elementor-top-section elementor-element elementor-element-76476ada elementor-section-stretched elementor-reverse-tablet elementor-reverse-mobile elementor-section-boxed elementor-section-height-default elementor-section-height-default\" data-id=\"76476ada\" data-element_type=\"section\" data-e-type=\"section\" data-settings=\"{&quot;stretch_section&quot;:&quot;section-stretched&quot;}\">\n\t\t\t\t\t\t<div class=\"elementor-container elementor-column-gap-no\">\n\t\t\t\t\t<div class=\"elementor-column elementor-col-33 elementor-top-column elementor-element elementor-element-2cb002c7\" data-id=\"2cb002c7\" data-element_type=\"column\" data-e-type=\"column\">\n\t\t\t<div class=\"elementor-widget-wrap elementor-element-populated\">\n\t\t\t\t\t\t<div class=\"elementor-element elementor-element-456ffbd7 img-mask animated-slow elementor-invisible elementor-widget elementor-widget-image\" data-id=\"456ffbd7\" data-element_type=\"widget\" data-e-type=\"widget\" data-settings=\"{&quot;_animation&quot;:&quot;zoomIn&quot;}\" data-widget_type=\"image.default\">\n\t\t\t\t<div class=\"elementor-widget-container\">\n\t\t\t\t\t\t\t\t\t\t\t\t\t\t\t<img fetchpriority=\"high\" decoding=\"async\" width=\"630\" height=\"630\" src=\"https:\/\/lyckseledjurpark.se\/wp-content\/uploads\/2020\/06\/info-630x630-1.png\" class=\"attachment-full size-full wp-image-3314\" alt=\"\" srcset=\"https:\/\/lyckseledjurpark.se\/wp-content\/uploads\/2020\/06\/info-630x630-1.png 630w, https:\/\/lyckseledjurpark.se\/wp-content\/uploads\/2020\/06\/info-630x630-1-300x300.png 300w, https:\/\/lyckseledjurpark.se\/wp-content\/uploads\/2020\/06\/info-630x630-1-150x150.png 150w\" sizes=\"(max-width: 630px) 100vw, 630px\" \/>\t\t\t\t\t\t\t\t\t\t\t\t\t\t\t<\/div>\n\t\t\t\t<\/div>\n\t\t\t\t\t<\/div>\n\t\t<\/div>\n\t\t\t\t<div class=\"elementor-column elementor-col-66 elementor-top-column elementor-element elementor-element-37511293\" data-id=\"37511293\" data-element_type=\"column\" data-e-type=\"column\">\n\t\t\t<div class=\"elementor-widget-wrap elementor-element-populated\">\n\t\t\t\t\t\t<div class=\"elementor-element elementor-element-41074e18 elementor-widget elementor-widget-heading\" data-id=\"41074e18\" data-element_type=\"widget\" data-e-type=\"widget\" data-widget_type=\"heading.default\">\n\t\t\t\t<div class=\"elementor-widget-container\">\n\t\t\t\t\t<h2 class=\"elementor-heading-title elementor-size-default\">For you that visit Lycksele Djurpark with children<\/h2>\t\t\t\t<\/div>\n\t\t\t\t<\/div>\n\t\t\t\t<div class=\"elementor-element elementor-element-9367c43 elementor-widget elementor-widget-text-editor\" data-id=\"9367c43\" data-element_type=\"widget\" data-e-type=\"widget\" data-widget_type=\"text-editor.default\">\n\t\t\t\t<div class=\"elementor-widget-container\">\n\t\t\t\t\t\t\t\t\t<p>To make your stay with us at the zoo enjoyable and rewarding for both you and our other guests, we have a few things we would like for you to think about during your visit:<\/p><ul><li>You as a parent or leader is always responsible for the safety of accompanying children!<\/li><li>Talk to the children about what to do if you get separated. Possibly decide on a meeting point or similar.<\/li><li>We have some places where it is okay to play, run and climb, such as the playground and at Brum-Brums farm, but nearby our animal enclosures we do not want you to climb on walls or fences. It is absolutely forbidden!<\/li><li>If there is a fence, it is there for a reason and you should not cross it.<\/li><li>Our animals are fed by the keepers who know what food is best for each animal. We therefore do not want them to receive any food from our visitors.\u00a0<strong>So don't feed the animals, please!<\/strong><\/li><\/ul>\t\t\t\t\t\t\t\t<\/div>\n\t\t\t\t<\/div>\n\t\t\t\t<div class=\"elementor-element elementor-element-da8bc49 elementor-widget elementor-widget-heading\" data-id=\"da8bc49\" data-element_type=\"widget\" data-e-type=\"widget\" data-widget_type=\"heading.default\">\n\t\t\t\t<div class=\"elementor-widget-container\">\n\t\t\t\t\t<h2 class=\"elementor-heading-title elementor-size-default\">General rules<\/h2>\t\t\t\t<\/div>\n\t\t\t\t<\/div>\n\t\t\t\t<div class=\"elementor-element elementor-element-d9fe6b4 elementor-widget elementor-widget-text-editor\" data-id=\"d9fe6b4\" data-element_type=\"widget\" data-e-type=\"widget\" data-widget_type=\"text-editor.default\">\n\t\t\t\t<div class=\"elementor-widget-container\">\n\t\t\t\t\t\t\t\t\t<p><strong>Out of respect for both animals and people and for everyone's safety, we ask you to observe the following:<\/strong><\/p><ul><li>Barbecues and fires are prohibited throughout the zoo except for in designated areas.<\/li><li>Pets are not allowed inside the zoo.<\/li><li>Sound systems, rollerblades, skateboards, kickboards and bicycles are not allowed in the zoo.<\/li><\/ul><p><span class=\"clear-blue\">We hope you enjoy your stay with us!<\/span><\/p>\t\t\t\t\t\t\t\t<\/div>\n\t\t\t\t<\/div>\n\t\t\t\t\t<\/div>\n\t\t<\/div>\n\t\t\t\t\t<\/div>\n\t\t<\/section>\n\t\t\t\t<\/div>","protected":false},"excerpt":{"rendered":"<p>F\u00f6r dig som bes\u00f6ker Lycksele Djurpark med barn F\u00f6r att vistelsen hos oss i djurparken ska bli trevlig och givande f\u00f6r b\u00e5de er och v\u00e5ra \u00f6vriga g\u00e4ster, har vi n\u00e5gra saker vi skulle vilja att ni t\u00e4nker p\u00e5 under bes\u00f6ket: Du\/Ni som f\u00f6r\u00e4lder eller ledare \u00e4r alltid ansvarig f\u00f6r medf\u00f6ljande barns s\u00e4kerhet! Prata med barnen [&hellip;]<\/p>\n","protected":false},"author":1,"featured_media":0,"parent":0,"menu_order":0,"comment_status":"closed","ping_status":"closed","template":"elementor_header_footer","meta":{"inline_featured_image":false,"footnotes":""},"class_list":["post-2993","page","type-page","status-publish","hentry"],"yoast_head":"<!-- This site is optimized with the Yoast SEO plugin v27.3 - https:\/\/yoast.com\/product\/yoast-seo-wordpress\/ -->\n<title>Inf\u00f6r bes\u00f6ket - vad du beh\u00f6ver veta f\u00f6r Lycksele Djurpark<\/title>\n<meta name=\"description\" content=\"Planera ditt bes\u00f6k p\u00e5 Lycksele Djurpark. Viktiga s\u00e4kerhetsr\u00e5d, aktiviteter f\u00f6r barn och parkregler f\u00f6r en trevlig och s\u00e4ker upplevelse tillsammans.\" \/>\n<meta name=\"robots\" content=\"index, follow, max-snippet:-1, max-image-preview:large, max-video-preview:-1\" \/>\n<link rel=\"canonical\" href=\"https:\/\/lyckseledjurpark.se\/en\/infor-besoket\/\" \/>\n<meta property=\"og:locale\" content=\"en_GB\" \/>\n<meta property=\"og:type\" content=\"article\" \/>\n<meta property=\"og:title\" content=\"Inf\u00f6r bes\u00f6ket - vad du beh\u00f6ver veta f\u00f6r Lycksele Djurpark\" \/>\n<meta property=\"og:description\" content=\"Planera ditt bes\u00f6k p\u00e5 Lycksele Djurpark. Viktiga s\u00e4kerhetsr\u00e5d, aktiviteter f\u00f6r barn och parkregler f\u00f6r en trevlig och s\u00e4ker upplevelse tillsammans.\" \/>\n<meta property=\"og:url\" content=\"https:\/\/lyckseledjurpark.se\/en\/infor-besoket\/\" \/>\n<meta property=\"og:site_name\" content=\"Lycksele Djurpark\" \/>\n<meta property=\"article:publisher\" content=\"https:\/\/www.facebook.com\/LyckseleDjurparkAB\/\" \/>\n<meta property=\"article:modified_time\" content=\"2024-10-22T08:34:16+00:00\" \/>\n<meta property=\"og:image\" content=\"https:\/\/lyckseledjurpark.se\/wp-content\/uploads\/2020\/06\/info-630x630-1.png\" \/>\n<meta name=\"twitter:card\" content=\"summary_large_image\" \/>\n<meta name=\"twitter:label1\" content=\"Estimated reading time\" \/>\n\t<meta name=\"twitter:data1\" content=\"2 minutes\" \/>\n<script type=\"application\/ld+json\" class=\"yoast-schema-graph\">{\"@context\":\"https:\\\/\\\/schema.org\",\"@graph\":[{\"@type\":\"WebPage\",\"@id\":\"https:\\\/\\\/lyckseledjurpark.se\\\/infor-besoket\\\/\",\"url\":\"https:\\\/\\\/lyckseledjurpark.se\\\/infor-besoket\\\/\",\"name\":\"Inf\u00f6r bes\u00f6ket - vad du beh\u00f6ver veta f\u00f6r Lycksele Djurpark\",\"isPartOf\":{\"@id\":\"https:\\\/\\\/lyckseledjurpark.se\\\/en\\\/#website\"},\"primaryImageOfPage\":{\"@id\":\"https:\\\/\\\/lyckseledjurpark.se\\\/infor-besoket\\\/#primaryimage\"},\"image\":{\"@id\":\"https:\\\/\\\/lyckseledjurpark.se\\\/infor-besoket\\\/#primaryimage\"},\"thumbnailUrl\":\"https:\\\/\\\/lyckseledjurpark.se\\\/wp-content\\\/uploads\\\/2020\\\/06\\\/info-630x630-1.png\",\"datePublished\":\"2020-05-19T12:28:07+00:00\",\"dateModified\":\"2024-10-22T08:34:16+00:00\",\"description\":\"Planera ditt bes\u00f6k p\u00e5 Lycksele Djurpark. Viktiga s\u00e4kerhetsr\u00e5d, aktiviteter f\u00f6r barn och parkregler f\u00f6r en trevlig och s\u00e4ker upplevelse tillsammans.\",\"breadcrumb\":{\"@id\":\"https:\\\/\\\/lyckseledjurpark.se\\\/infor-besoket\\\/#breadcrumb\"},\"inLanguage\":\"en-GB\",\"potentialAction\":[{\"@type\":\"ReadAction\",\"target\":[\"https:\\\/\\\/lyckseledjurpark.se\\\/infor-besoket\\\/\"]}]},{\"@type\":\"ImageObject\",\"inLanguage\":\"en-GB\",\"@id\":\"https:\\\/\\\/lyckseledjurpark.se\\\/infor-besoket\\\/#primaryimage\",\"url\":\"https:\\\/\\\/lyckseledjurpark.se\\\/wp-content\\\/uploads\\\/2020\\\/06\\\/info-630x630-1.png\",\"contentUrl\":\"https:\\\/\\\/lyckseledjurpark.se\\\/wp-content\\\/uploads\\\/2020\\\/06\\\/info-630x630-1.png\"},{\"@type\":\"BreadcrumbList\",\"@id\":\"https:\\\/\\\/lyckseledjurpark.se\\\/infor-besoket\\\/#breadcrumb\",\"itemListElement\":[{\"@type\":\"ListItem\",\"position\":1,\"name\":\"Hem\",\"item\":\"https:\\\/\\\/lyckseledjurpark.se\\\/\"},{\"@type\":\"ListItem\",\"position\":2,\"name\":\"Inf\u00f6r bes\u00f6ket\"}]},{\"@type\":\"WebSite\",\"@id\":\"https:\\\/\\\/lyckseledjurpark.se\\\/en\\\/#website\",\"url\":\"https:\\\/\\\/lyckseledjurpark.se\\\/en\\\/\",\"name\":\"Lycksele Djurpark\",\"description\":\" Sveriges Nordligaste Djurpark\",\"potentialAction\":[{\"@type\":\"SearchAction\",\"target\":{\"@type\":\"EntryPoint\",\"urlTemplate\":\"https:\\\/\\\/lyckseledjurpark.se\\\/en\\\/?s={search_term_string}\"},\"query-input\":{\"@type\":\"PropertyValueSpecification\",\"valueRequired\":true,\"valueName\":\"search_term_string\"}}],\"inLanguage\":\"en-GB\"}]}<\/script>\n<!-- \/ Yoast SEO plugin. -->","yoast_head_json":{"title":"Inf\u00f6r bes\u00f6ket - vad du beh\u00f6ver veta f\u00f6r Lycksele Djurpark","description":"Planera ditt bes\u00f6k p\u00e5 Lycksele Djurpark. Viktiga s\u00e4kerhetsr\u00e5d, aktiviteter f\u00f6r barn och parkregler f\u00f6r en trevlig och s\u00e4ker upplevelse tillsammans.","robots":{"index":"index","follow":"follow","max-snippet":"max-snippet:-1","max-image-preview":"max-image-preview:large","max-video-preview":"max-video-preview:-1"},"canonical":"https:\/\/lyckseledjurpark.se\/en\/infor-besoket\/","og_locale":"en_GB","og_type":"article","og_title":"Inf\u00f6r bes\u00f6ket - vad du beh\u00f6ver veta f\u00f6r Lycksele Djurpark","og_description":"Planera ditt bes\u00f6k p\u00e5 Lycksele Djurpark. Viktiga s\u00e4kerhetsr\u00e5d, aktiviteter f\u00f6r barn och parkregler f\u00f6r en trevlig och s\u00e4ker upplevelse tillsammans.","og_url":"https:\/\/lyckseledjurpark.se\/en\/infor-besoket\/","og_site_name":"Lycksele Djurpark","article_publisher":"https:\/\/www.facebook.com\/LyckseleDjurparkAB\/","article_modified_time":"2024-10-22T08:34:16+00:00","og_image":[{"url":"https:\/\/lyckseledjurpark.se\/wp-content\/uploads\/2020\/06\/info-630x630-1.png","type":"","width":"","height":""}],"twitter_card":"summary_large_image","twitter_misc":{"Estimated reading time":"2 minutes"},"schema":{"@context":"https:\/\/schema.org","@graph":[{"@type":"WebPage","@id":"https:\/\/lyckseledjurpark.se\/infor-besoket\/","url":"https:\/\/lyckseledjurpark.se\/infor-besoket\/","name":"Inf\u00f6r bes\u00f6ket - vad du beh\u00f6ver veta f\u00f6r Lycksele Djurpark","isPartOf":{"@id":"https:\/\/lyckseledjurpark.se\/en\/#website"},"primaryImageOfPage":{"@id":"https:\/\/lyckseledjurpark.se\/infor-besoket\/#primaryimage"},"image":{"@id":"https:\/\/lyckseledjurpark.se\/infor-besoket\/#primaryimage"},"thumbnailUrl":"https:\/\/lyckseledjurpark.se\/wp-content\/uploads\/2020\/06\/info-630x630-1.png","datePublished":"2020-05-19T12:28:07+00:00","dateModified":"2024-10-22T08:34:16+00:00","description":"Planera ditt bes\u00f6k p\u00e5 Lycksele Djurpark. Viktiga s\u00e4kerhetsr\u00e5d, aktiviteter f\u00f6r barn och parkregler f\u00f6r en trevlig och s\u00e4ker upplevelse tillsammans.","breadcrumb":{"@id":"https:\/\/lyckseledjurpark.se\/infor-besoket\/#breadcrumb"},"inLanguage":"en-GB","potentialAction":[{"@type":"ReadAction","target":["https:\/\/lyckseledjurpark.se\/infor-besoket\/"]}]},{"@type":"ImageObject","inLanguage":"en-GB","@id":"https:\/\/lyckseledjurpark.se\/infor-besoket\/#primaryimage","url":"https:\/\/lyckseledjurpark.se\/wp-content\/uploads\/2020\/06\/info-630x630-1.png","contentUrl":"https:\/\/lyckseledjurpark.se\/wp-content\/uploads\/2020\/06\/info-630x630-1.png"},{"@type":"BreadcrumbList","@id":"https:\/\/lyckseledjurpark.se\/infor-besoket\/#breadcrumb","itemListElement":[{"@type":"ListItem","position":1,"name":"Hem","item":"https:\/\/lyckseledjurpark.se\/"},{"@type":"ListItem","position":2,"name":"Inf\u00f6r bes\u00f6ket"}]},{"@type":"WebSite","@id":"https:\/\/lyckseledjurpark.se\/en\/#website","url":"https:\/\/lyckseledjurpark.se\/en\/","name":"Lycksele Zoo","description":"Sveriges Nordligaste Djurpark","potentialAction":[{"@type":"SearchAction","target":{"@type":"EntryPoint","urlTemplate":"https:\/\/lyckseledjurpark.se\/en\/?s={search_term_string}"},"query-input":{"@type":"PropertyValueSpecification","valueRequired":true,"valueName":"search_term_string"}}],"inLanguage":"en-GB"}]}},"_links":{"self":[{"href":"https:\/\/lyckseledjurpark.se\/en\/wp-json\/wp\/v2\/pages\/2993","targetHints":{"allow":["GET"]}}],"collection":[{"href":"https:\/\/lyckseledjurpark.se\/en\/wp-json\/wp\/v2\/pages"}],"about":[{"href":"https:\/\/lyckseledjurpark.se\/en\/wp-json\/wp\/v2\/types\/page"}],"author":[{"embeddable":true,"href":"https:\/\/lyckseledjurpark.se\/en\/wp-json\/wp\/v2\/users\/1"}],"replies":[{"embeddable":true,"href":"https:\/\/lyckseledjurpark.se\/en\/wp-json\/wp\/v2\/comments?post=2993"}],"version-history":[{"count":13,"href":"https:\/\/lyckseledjurpark.se\/en\/wp-json\/wp\/v2\/pages\/2993\/revisions"}],"predecessor-version":[{"id":6678,"href":"https:\/\/lyckseledjurpark.se\/en\/wp-json\/wp\/v2\/pages\/2993\/revisions\/6678"}],"wp:attachment":[{"href":"https:\/\/lyckseledjurpark.se\/en\/wp-json\/wp\/v2\/media?parent=2993"}],"curies":[{"name":"wp","href":"https:\/\/api.w.org\/{rel}","templated":true}]}}