{"id":2937,"date":"2020-05-19T11:45:36","date_gmt":"2020-05-19T09:45:36","guid":{"rendered":"https:\/\/lyckseledjurpark.chillimedia.se\/?page_id=2937"},"modified":"2024-10-22T10:32:18","modified_gmt":"2024-10-22T08:32:18","slug":"hitta-till-lycksele-djurpark","status":"publish","type":"page","link":"https:\/\/lyckseledjurpark.se\/en\/hitta-till-lycksele-djurpark\/","title":{"rendered":"Finding Lycksele Zoo"},"content":{"rendered":"<div data-elementor-type=\"wp-page\" data-elementor-id=\"2937\" class=\"elementor elementor-2937\" data-elementor-post-type=\"page\">\n\t\t\t\t\t\t<section class=\"elementor-section elementor-top-section elementor-element elementor-element-10d3e80 elementor-section-stretched elementor-section-content-middle elementor-section-boxed elementor-section-height-default elementor-section-height-default\" data-id=\"10d3e80\" data-element_type=\"section\" data-e-type=\"section\" data-settings=\"{&quot;stretch_section&quot;:&quot;section-stretched&quot;,&quot;background_background&quot;:&quot;classic&quot;}\">\n\t\t\t\t\t\t<div class=\"elementor-container elementor-column-gap-no\">\n\t\t\t\t\t<div class=\"elementor-column elementor-col-50 elementor-top-column elementor-element elementor-element-e7e05ce\" data-id=\"e7e05ce\" data-element_type=\"column\" data-e-type=\"column\">\n\t\t\t<div class=\"elementor-widget-wrap elementor-element-populated\">\n\t\t\t\t\t\t<div class=\"elementor-element elementor-element-ffe5521 elementor-widget elementor-widget-heading\" data-id=\"ffe5521\" data-element_type=\"widget\" data-e-type=\"widget\" data-widget_type=\"heading.default\">\n\t\t\t\t<div class=\"elementor-widget-container\">\n\t\t\t\t\t<h5 class=\"elementor-heading-title elementor-size-default\">Welcome to Lycksele Djurpark<\/h5>\t\t\t\t<\/div>\n\t\t\t\t<\/div>\n\t\t\t\t<div class=\"elementor-element elementor-element-2832786 elementor-widget elementor-widget-heading\" data-id=\"2832786\" data-element_type=\"widget\" data-e-type=\"widget\" data-widget_type=\"heading.default\">\n\t\t\t\t<div class=\"elementor-widget-container\">\n\t\t\t\t\t<h2 class=\"elementor-heading-title elementor-size-default\">How to get here <\/h2>\t\t\t\t<\/div>\n\t\t\t\t<\/div>\n\t\t\t\t<div class=\"elementor-element elementor-element-6c670d7 elementor-view-default elementor-widget elementor-widget-icon\" data-id=\"6c670d7\" data-element_type=\"widget\" data-e-type=\"widget\" data-widget_type=\"icon.default\">\n\t\t\t\t<div class=\"elementor-widget-container\">\n\t\t\t\t\t\t\t<div class=\"elementor-icon-wrapper\">\n\t\t\t<div class=\"elementor-icon\">\n\t\t\t<i aria-hidden=\"true\" class=\"winwood-icon- winwood-icon-title-decor\"><\/i>\t\t\t<\/div>\n\t\t<\/div>\n\t\t\t\t\t\t<\/div>\n\t\t\t\t<\/div>\n\t\t\t\t<div class=\"elementor-element elementor-element-f4c9c96 elementor-widget elementor-widget-text-editor\" data-id=\"f4c9c96\" data-element_type=\"widget\" data-e-type=\"widget\" data-widget_type=\"text-editor.default\">\n\t\t\t\t<div class=\"elementor-widget-container\">\n\t\t\t\t\t\t\t\t\t<p>Lycksele Zoo is located in the inland of V\u00e4sterbotten - about 126 km from Ume\u00e5 via road E12, about 103 km from Storuman (also road E12) or 155 km from Skellefte\u00e5 via road 370 and road 365. Do not hesitate to contact us if you need help finding us.<\/p>\t\t\t\t\t\t\t\t<\/div>\n\t\t\t\t<\/div>\n\t\t\t\t<div class=\"elementor-element elementor-element-e512fcf elementor-position-inline-start elementor-widget__width-auto elementor-widget-mobile__width-inherit elementor-view-default elementor-mobile-position-block-start elementor-widget elementor-widget-icon-box\" data-id=\"e512fcf\" data-element_type=\"widget\" data-e-type=\"widget\" data-widget_type=\"icon-box.default\">\n\t\t\t\t<div class=\"elementor-widget-container\">\n\t\t\t\t\t\t\t<div class=\"elementor-icon-box-wrapper\">\n\n\t\t\t\t\t\t<div class=\"elementor-icon-box-icon\">\n\t\t\t\t<span  class=\"elementor-icon\">\n\t\t\t\t<i aria-hidden=\"true\" class=\"winwood-icon- winwood-icon-phone\"><\/i>\t\t\t\t<\/span>\n\t\t\t<\/div>\n\t\t\t\n\t\t\t\t\t\t<div class=\"elementor-icon-box-content\">\n\n\t\t\t\t\t\t\t\t\t<div class=\"elementor-icon-box-title\">\n\t\t\t\t\t\t<span  >\n\t\t\t\t\t\t\tCall us\t\t\t\t\t\t<\/span>\n\t\t\t\t\t<\/div>\n\t\t\t\t\n\t\t\t\t\t\t\t\t\t<p class=\"elementor-icon-box-description\">\n\t\t\t\t\t\t0950 167 11\t\t\t\t\t<\/p>\n\t\t\t\t\n\t\t\t<\/div>\n\t\t\t\n\t\t<\/div>\n\t\t\t\t\t\t<\/div>\n\t\t\t\t<\/div>\n\t\t\t\t<div class=\"elementor-element elementor-element-ca31dbb elementor-widget__width-auto elementor-mobile-align-center elementor-widget-mobile__width-inherit elementor-widget elementor-widget-winwood-button\" data-id=\"ca31dbb\" data-element_type=\"widget\" data-e-type=\"widget\" data-widget_type=\"winwood-button.default\">\n\t\t\t\t<div class=\"elementor-widget-container\">\n\t\t\t\t\t        <div class=\"elementor-button-wrapper\">\n            <a href=\"https:\/\/goo.gl\/maps\/HvkzmJ9su7yusfPB9\" target=\"_blank\" rel=\"nofollow\" class=\"elementor-button-link elementor-button default\" role=\"button\">\n                See map            <\/a>\n        <\/div>\n        \t\t\t\t<\/div>\n\t\t\t\t<\/div>\n\t\t\t\t\t<\/div>\n\t\t<\/div>\n\t\t\t\t<div class=\"elementor-column elementor-col-50 elementor-top-column elementor-element elementor-element-2baae20\" data-id=\"2baae20\" data-element_type=\"column\" data-e-type=\"column\">\n\t\t\t<div class=\"elementor-widget-wrap elementor-element-populated\">\n\t\t\t\t\t\t<div class=\"elementor-element elementor-element-47eb539 elementor-widget elementor-widget-google_maps\" data-id=\"47eb539\" data-element_type=\"widget\" data-e-type=\"widget\" data-widget_type=\"google_maps.default\">\n\t\t\t\t<div class=\"elementor-widget-container\">\n\t\t\t\t\t\t\t<div class=\"elementor-custom-embed\">\n\t\t\t<iframe loading=\"lazy\"\n\t\t\t\t\tsrc=\"https:\/\/maps.google.com\/maps?q=lycksele%20djurpark&#038;t=m&#038;z=6&#038;output=embed&#038;iwloc=near\"\n\t\t\t\t\ttitle=\"lycksele djurpark\"\n\t\t\t\t\taria-label=\"lycksele djurpark\"\n\t\t\t><\/iframe>\n\t\t<\/div>\n\t\t\t\t\t\t<\/div>\n\t\t\t\t<\/div>\n\t\t\t\t\t<\/div>\n\t\t<\/div>\n\t\t\t\t\t<\/div>\n\t\t<\/section>\n\t\t\t\t<section class=\"elementor-section elementor-top-section elementor-element elementor-element-a4817ba elementor-section-stretched elementor-section-full_width elementor-section-height-default elementor-section-height-default\" data-id=\"a4817ba\" data-element_type=\"section\" data-e-type=\"section\" id=\"area-map\" data-settings=\"{&quot;stretch_section&quot;:&quot;section-stretched&quot;,&quot;background_background&quot;:&quot;classic&quot;}\">\n\t\t\t\t\t\t<div class=\"elementor-container elementor-column-gap-no\">\n\t\t\t\t\t<div class=\"elementor-column elementor-col-100 elementor-top-column elementor-element elementor-element-efb3457\" data-id=\"efb3457\" data-element_type=\"column\" data-e-type=\"column\">\n\t\t\t<div class=\"elementor-widget-wrap elementor-element-populated\">\n\t\t\t\t\t\t<div class=\"elementor-element elementor-element-210fa46 elementor-widget elementor-widget-heading\" data-id=\"210fa46\" data-element_type=\"widget\" data-e-type=\"widget\" data-widget_type=\"heading.default\">\n\t\t\t\t<div class=\"elementor-widget-container\">\n\t\t\t\t\t<h5 class=\"elementor-heading-title elementor-size-default\">Location map<\/h5>\t\t\t\t<\/div>\n\t\t\t\t<\/div>\n\t\t\t\t<div class=\"elementor-element elementor-element-85c7755 elementor-widget elementor-widget-heading\" data-id=\"85c7755\" data-element_type=\"widget\" data-e-type=\"widget\" data-widget_type=\"heading.default\">\n\t\t\t\t<div class=\"elementor-widget-container\">\n\t\t\t\t\t<h2 class=\"elementor-heading-title elementor-size-default\">Area map<\/h2>\t\t\t\t<\/div>\n\t\t\t\t<\/div>\n\t\t\t\t<div class=\"elementor-element elementor-element-4a52ec1 elementor-view-default elementor-widget elementor-widget-icon\" data-id=\"4a52ec1\" data-element_type=\"widget\" data-e-type=\"widget\" data-widget_type=\"icon.default\">\n\t\t\t\t<div class=\"elementor-widget-container\">\n\t\t\t\t\t\t\t<div class=\"elementor-icon-wrapper\">\n\t\t\t<div class=\"elementor-icon\">\n\t\t\t<i aria-hidden=\"true\" class=\"winwood-icon- winwood-icon-title-decor\"><\/i>\t\t\t<\/div>\n\t\t<\/div>\n\t\t\t\t\t\t<\/div>\n\t\t\t\t<\/div>\n\t\t\t\t<section class=\"elementor-section elementor-inner-section elementor-element elementor-element-68e163a elementor-section-boxed elementor-section-height-default elementor-section-height-default\" data-id=\"68e163a\" data-element_type=\"section\" data-e-type=\"section\" data-settings=\"{&quot;background_background&quot;:&quot;classic&quot;}\">\n\t\t\t\t\t\t<div class=\"elementor-container elementor-column-gap-default\">\n\t\t\t\t\t<div class=\"elementor-column elementor-col-100 elementor-inner-column elementor-element elementor-element-2316a78\" data-id=\"2316a78\" data-element_type=\"column\" data-e-type=\"column\">\n\t\t\t<div class=\"elementor-widget-wrap elementor-element-populated\">\n\t\t\t\t\t\t<div class=\"elementor-element elementor-element-7a87c16 img-mask elementor-widget elementor-widget-image\" data-id=\"7a87c16\" data-element_type=\"widget\" data-e-type=\"widget\" data-widget_type=\"image.default\">\n\t\t\t\t<div class=\"elementor-widget-container\">\n\t\t\t\t\t\t\t\t\t\t\t\t\t\t\t\t<a href=\"https:\/\/lyckseledjurpark.se\/wp-content\/uploads\/2024\/08\/karta-over-omradet-ej-matningstider.png\" data-elementor-open-lightbox=\"yes\" data-elementor-lightbox-title=\"karta-over-omradet\" data-e-action-hash=\"#elementor-action%3Aaction%3Dlightbox%26settings%3DeyJpZCI6NjQ4MywidXJsIjoiaHR0cHM6XC9cL2x5Y2tzZWxlZGp1cnBhcmsuc2VcL3dwLWNvbnRlbnRcL3VwbG9hZHNcLzIwMjRcLzA4XC9rYXJ0YS1vdmVyLW9tcmFkZXQtZWotbWF0bmluZ3N0aWRlci5wbmcifQ%3D%3D\">\n\t\t\t\t\t\t\t<img fetchpriority=\"high\" decoding=\"async\" width=\"1600\" height=\"1132\" src=\"https:\/\/lyckseledjurpark.se\/wp-content\/uploads\/2024\/08\/karta-over-omradet-ej-matningstider.png\" class=\"attachment-full size-full wp-image-6483\" alt=\"Karta \u00f6ver omr\u00e5det - Lycksele Djurpark\" srcset=\"https:\/\/lyckseledjurpark.se\/wp-content\/uploads\/2024\/08\/karta-over-omradet-ej-matningstider.png 1600w, https:\/\/lyckseledjurpark.se\/wp-content\/uploads\/2024\/08\/karta-over-omradet-ej-matningstider-300x212.png 300w, https:\/\/lyckseledjurpark.se\/wp-content\/uploads\/2024\/08\/karta-over-omradet-ej-matningstider-1024x724.png 1024w, https:\/\/lyckseledjurpark.se\/wp-content\/uploads\/2024\/08\/karta-over-omradet-ej-matningstider-768x543.png 768w, https:\/\/lyckseledjurpark.se\/wp-content\/uploads\/2024\/08\/karta-over-omradet-ej-matningstider-1536x1087.png 1536w, https:\/\/lyckseledjurpark.se\/wp-content\/uploads\/2024\/08\/karta-over-omradet-ej-matningstider-18x12.png 18w\" sizes=\"(max-width: 1600px) 100vw, 1600px\" \/>\t\t\t\t\t\t\t\t<\/a>\n\t\t\t\t\t\t\t\t\t\t\t\t\t\t\t<\/div>\n\t\t\t\t<\/div>\n\t\t\t\t\t<\/div>\n\t\t<\/div>\n\t\t\t\t\t<\/div>\n\t\t<\/section>\n\t\t\t\t\t<\/div>\n\t\t<\/div>\n\t\t\t\t\t<\/div>\n\t\t<\/section>\n\t\t\t\t<\/div>","protected":false},"excerpt":{"rendered":"<p>V\u00e4lkommen till Lycksele Djurpark S\u00e5 hittar du hit Lycksele Djurpark finns i V\u00e4sterbottens inland &#8211; ca 12,6 mil fr\u00e5n Ume\u00e5 via v\u00e4g E12, ca 10,3 mil fr\u00e5n Storuman (ocks\u00e5 v\u00e4g E12) eller 15,5 mil fr\u00e5n Skellefte\u00e5 via v\u00e4g 370 och v\u00e4g 365. Tveka inte att h\u00f6ra av dig om du beh\u00f6ver hj\u00e4lp att hitta oss. [&hellip;]<\/p>\n","protected":false},"author":1,"featured_media":0,"parent":0,"menu_order":0,"comment_status":"closed","ping_status":"closed","template":"elementor_header_footer","meta":{"inline_featured_image":false,"footnotes":""},"class_list":["post-2937","page","type-page","status-publish","hentry"],"yoast_head":"<!-- This site is optimized with the Yoast SEO plugin v27.3 - https:\/\/yoast.com\/product\/yoast-seo-wordpress\/ -->\n<title>Hitta till Lycksele Djurpark - Ditt \u00e4ventyr v\u00e4ntar<\/title>\n<meta name=\"description\" content=\"V\u00e4lkommen till Lycksele Djurpark! Uppt\u00e4ck hur du hittar hit, kontakta oss, och se v\u00e5r omr\u00e5deskarta f\u00f6r en of\u00f6rgl\u00f6mlig upplevelse.\" \/>\n<meta name=\"robots\" content=\"index, follow, max-snippet:-1, max-image-preview:large, max-video-preview:-1\" \/>\n<link rel=\"canonical\" href=\"https:\/\/lyckseledjurpark.se\/en\/hitta-till-lycksele-djurpark\/\" \/>\n<meta property=\"og:locale\" content=\"en_GB\" \/>\n<meta property=\"og:type\" content=\"article\" \/>\n<meta property=\"og:title\" content=\"Hitta till Lycksele Djurpark - Ditt \u00e4ventyr v\u00e4ntar\" \/>\n<meta property=\"og:description\" content=\"V\u00e4lkommen till Lycksele Djurpark! Uppt\u00e4ck hur du hittar hit, kontakta oss, och se v\u00e5r omr\u00e5deskarta f\u00f6r en of\u00f6rgl\u00f6mlig upplevelse.\" \/>\n<meta property=\"og:url\" content=\"https:\/\/lyckseledjurpark.se\/en\/hitta-till-lycksele-djurpark\/\" \/>\n<meta property=\"og:site_name\" content=\"Lycksele Djurpark\" \/>\n<meta property=\"article:publisher\" content=\"https:\/\/www.facebook.com\/LyckseleDjurparkAB\/\" \/>\n<meta property=\"article:modified_time\" content=\"2024-10-22T08:32:18+00:00\" \/>\n<meta property=\"og:image\" content=\"https:\/\/lyckseledjurpark.se\/wp-content\/uploads\/2024\/08\/karta-over-omradet-ej-matningstider.png\" \/>\n<meta name=\"twitter:card\" content=\"summary_large_image\" \/>\n<meta name=\"twitter:label1\" content=\"Estimated reading time\" \/>\n\t<meta name=\"twitter:data1\" content=\"1 minute\" \/>\n<script type=\"application\/ld+json\" class=\"yoast-schema-graph\">{\"@context\":\"https:\\\/\\\/schema.org\",\"@graph\":[{\"@type\":\"WebPage\",\"@id\":\"https:\\\/\\\/lyckseledjurpark.se\\\/hitta-till-lycksele-djurpark\\\/\",\"url\":\"https:\\\/\\\/lyckseledjurpark.se\\\/hitta-till-lycksele-djurpark\\\/\",\"name\":\"Hitta till Lycksele Djurpark - Ditt \u00e4ventyr v\u00e4ntar\",\"isPartOf\":{\"@id\":\"https:\\\/\\\/lyckseledjurpark.se\\\/en\\\/#website\"},\"primaryImageOfPage\":{\"@id\":\"https:\\\/\\\/lyckseledjurpark.se\\\/hitta-till-lycksele-djurpark\\\/#primaryimage\"},\"image\":{\"@id\":\"https:\\\/\\\/lyckseledjurpark.se\\\/hitta-till-lycksele-djurpark\\\/#primaryimage\"},\"thumbnailUrl\":\"https:\\\/\\\/lyckseledjurpark.se\\\/wp-content\\\/uploads\\\/2024\\\/08\\\/karta-over-omradet-ej-matningstider.png\",\"datePublished\":\"2020-05-19T09:45:36+00:00\",\"dateModified\":\"2024-10-22T08:32:18+00:00\",\"description\":\"V\u00e4lkommen till Lycksele Djurpark! Uppt\u00e4ck hur du hittar hit, kontakta oss, och se v\u00e5r omr\u00e5deskarta f\u00f6r en of\u00f6rgl\u00f6mlig upplevelse.\",\"breadcrumb\":{\"@id\":\"https:\\\/\\\/lyckseledjurpark.se\\\/hitta-till-lycksele-djurpark\\\/#breadcrumb\"},\"inLanguage\":\"en-GB\",\"potentialAction\":[{\"@type\":\"ReadAction\",\"target\":[\"https:\\\/\\\/lyckseledjurpark.se\\\/hitta-till-lycksele-djurpark\\\/\"]}]},{\"@type\":\"ImageObject\",\"inLanguage\":\"en-GB\",\"@id\":\"https:\\\/\\\/lyckseledjurpark.se\\\/hitta-till-lycksele-djurpark\\\/#primaryimage\",\"url\":\"https:\\\/\\\/lyckseledjurpark.se\\\/wp-content\\\/uploads\\\/2024\\\/08\\\/karta-over-omradet-ej-matningstider.png\",\"contentUrl\":\"https:\\\/\\\/lyckseledjurpark.se\\\/wp-content\\\/uploads\\\/2024\\\/08\\\/karta-over-omradet-ej-matningstider.png\"},{\"@type\":\"BreadcrumbList\",\"@id\":\"https:\\\/\\\/lyckseledjurpark.se\\\/hitta-till-lycksele-djurpark\\\/#breadcrumb\",\"itemListElement\":[{\"@type\":\"ListItem\",\"position\":1,\"name\":\"Hem\",\"item\":\"https:\\\/\\\/lyckseledjurpark.se\\\/\"},{\"@type\":\"ListItem\",\"position\":2,\"name\":\"Hitta till lycksele djurpark\"}]},{\"@type\":\"WebSite\",\"@id\":\"https:\\\/\\\/lyckseledjurpark.se\\\/en\\\/#website\",\"url\":\"https:\\\/\\\/lyckseledjurpark.se\\\/en\\\/\",\"name\":\"Lycksele Djurpark\",\"description\":\" Sveriges Nordligaste Djurpark\",\"potentialAction\":[{\"@type\":\"SearchAction\",\"target\":{\"@type\":\"EntryPoint\",\"urlTemplate\":\"https:\\\/\\\/lyckseledjurpark.se\\\/en\\\/?s={search_term_string}\"},\"query-input\":{\"@type\":\"PropertyValueSpecification\",\"valueRequired\":true,\"valueName\":\"search_term_string\"}}],\"inLanguage\":\"en-GB\"}]}<\/script>\n<!-- \/ Yoast SEO plugin. -->","yoast_head_json":{"title":"Hitta till Lycksele Djurpark - Ditt \u00e4ventyr v\u00e4ntar","description":"V\u00e4lkommen till Lycksele Djurpark! Uppt\u00e4ck hur du hittar hit, kontakta oss, och se v\u00e5r omr\u00e5deskarta f\u00f6r en of\u00f6rgl\u00f6mlig upplevelse.","robots":{"index":"index","follow":"follow","max-snippet":"max-snippet:-1","max-image-preview":"max-image-preview:large","max-video-preview":"max-video-preview:-1"},"canonical":"https:\/\/lyckseledjurpark.se\/en\/hitta-till-lycksele-djurpark\/","og_locale":"en_GB","og_type":"article","og_title":"Hitta till Lycksele Djurpark - Ditt \u00e4ventyr v\u00e4ntar","og_description":"V\u00e4lkommen till Lycksele Djurpark! Uppt\u00e4ck hur du hittar hit, kontakta oss, och se v\u00e5r omr\u00e5deskarta f\u00f6r en of\u00f6rgl\u00f6mlig upplevelse.","og_url":"https:\/\/lyckseledjurpark.se\/en\/hitta-till-lycksele-djurpark\/","og_site_name":"Lycksele Djurpark","article_publisher":"https:\/\/www.facebook.com\/LyckseleDjurparkAB\/","article_modified_time":"2024-10-22T08:32:18+00:00","og_image":[{"url":"https:\/\/lyckseledjurpark.se\/wp-content\/uploads\/2024\/08\/karta-over-omradet-ej-matningstider.png","type":"","width":"","height":""}],"twitter_card":"summary_large_image","twitter_misc":{"Estimated reading time":"1 minute"},"schema":{"@context":"https:\/\/schema.org","@graph":[{"@type":"WebPage","@id":"https:\/\/lyckseledjurpark.se\/hitta-till-lycksele-djurpark\/","url":"https:\/\/lyckseledjurpark.se\/hitta-till-lycksele-djurpark\/","name":"Hitta till Lycksele Djurpark - Ditt \u00e4ventyr v\u00e4ntar","isPartOf":{"@id":"https:\/\/lyckseledjurpark.se\/en\/#website"},"primaryImageOfPage":{"@id":"https:\/\/lyckseledjurpark.se\/hitta-till-lycksele-djurpark\/#primaryimage"},"image":{"@id":"https:\/\/lyckseledjurpark.se\/hitta-till-lycksele-djurpark\/#primaryimage"},"thumbnailUrl":"https:\/\/lyckseledjurpark.se\/wp-content\/uploads\/2024\/08\/karta-over-omradet-ej-matningstider.png","datePublished":"2020-05-19T09:45:36+00:00","dateModified":"2024-10-22T08:32:18+00:00","description":"V\u00e4lkommen till Lycksele Djurpark! Uppt\u00e4ck hur du hittar hit, kontakta oss, och se v\u00e5r omr\u00e5deskarta f\u00f6r en of\u00f6rgl\u00f6mlig upplevelse.","breadcrumb":{"@id":"https:\/\/lyckseledjurpark.se\/hitta-till-lycksele-djurpark\/#breadcrumb"},"inLanguage":"en-GB","potentialAction":[{"@type":"ReadAction","target":["https:\/\/lyckseledjurpark.se\/hitta-till-lycksele-djurpark\/"]}]},{"@type":"ImageObject","inLanguage":"en-GB","@id":"https:\/\/lyckseledjurpark.se\/hitta-till-lycksele-djurpark\/#primaryimage","url":"https:\/\/lyckseledjurpark.se\/wp-content\/uploads\/2024\/08\/karta-over-omradet-ej-matningstider.png","contentUrl":"https:\/\/lyckseledjurpark.se\/wp-content\/uploads\/2024\/08\/karta-over-omradet-ej-matningstider.png"},{"@type":"BreadcrumbList","@id":"https:\/\/lyckseledjurpark.se\/hitta-till-lycksele-djurpark\/#breadcrumb","itemListElement":[{"@type":"ListItem","position":1,"name":"Hem","item":"https:\/\/lyckseledjurpark.se\/"},{"@type":"ListItem","position":2,"name":"Hitta till lycksele djurpark"}]},{"@type":"WebSite","@id":"https:\/\/lyckseledjurpark.se\/en\/#website","url":"https:\/\/lyckseledjurpark.se\/en\/","name":"Lycksele Zoo","description":"Sveriges Nordligaste Djurpark","potentialAction":[{"@type":"SearchAction","target":{"@type":"EntryPoint","urlTemplate":"https:\/\/lyckseledjurpark.se\/en\/?s={search_term_string}"},"query-input":{"@type":"PropertyValueSpecification","valueRequired":true,"valueName":"search_term_string"}}],"inLanguage":"en-GB"}]}},"_links":{"self":[{"href":"https:\/\/lyckseledjurpark.se\/en\/wp-json\/wp\/v2\/pages\/2937","targetHints":{"allow":["GET"]}}],"collection":[{"href":"https:\/\/lyckseledjurpark.se\/en\/wp-json\/wp\/v2\/pages"}],"about":[{"href":"https:\/\/lyckseledjurpark.se\/en\/wp-json\/wp\/v2\/types\/page"}],"author":[{"embeddable":true,"href":"https:\/\/lyckseledjurpark.se\/en\/wp-json\/wp\/v2\/users\/1"}],"replies":[{"embeddable":true,"href":"https:\/\/lyckseledjurpark.se\/en\/wp-json\/wp\/v2\/comments?post=2937"}],"version-history":[{"count":61,"href":"https:\/\/lyckseledjurpark.se\/en\/wp-json\/wp\/v2\/pages\/2937\/revisions"}],"predecessor-version":[{"id":6677,"href":"https:\/\/lyckseledjurpark.se\/en\/wp-json\/wp\/v2\/pages\/2937\/revisions\/6677"}],"wp:attachment":[{"href":"https:\/\/lyckseledjurpark.se\/en\/wp-json\/wp\/v2\/media?parent=2937"}],"curies":[{"name":"wp","href":"https:\/\/api.w.org\/{rel}","templated":true}]}}