{"id":2631,"date":"2020-05-19T14:34:42","date_gmt":"2020-05-19T12:34:42","guid":{"rendered":"https:\/\/lyckseledjurpark.chillimedia.se\/?page_id=2631"},"modified":"2024-10-22T10:46:01","modified_gmt":"2024-10-22T08:46:01","slug":"lediga-jobb","status":"publish","type":"page","link":"https:\/\/lyckseledjurpark.se\/en\/lediga-jobb\/","title":{"rendered":"Job opportunities"},"content":{"rendered":"<div data-elementor-type=\"wp-page\" data-elementor-id=\"2631\" class=\"elementor elementor-2631\" data-elementor-post-type=\"page\">\n\t\t\t\t\t\t<section class=\"elementor-section elementor-top-section elementor-element elementor-element-754028d elementor-section-boxed elementor-section-height-default elementor-section-height-default\" data-id=\"754028d\" data-element_type=\"section\" data-e-type=\"section\">\n\t\t\t\t\t\t<div class=\"elementor-container elementor-column-gap-default\">\n\t\t\t\t\t<div class=\"elementor-column elementor-col-66 elementor-top-column elementor-element elementor-element-c6143eb\" data-id=\"c6143eb\" data-element_type=\"column\" data-e-type=\"column\">\n\t\t\t<div class=\"elementor-widget-wrap elementor-element-populated\">\n\t\t\t\t\t\t<div class=\"elementor-element elementor-element-221492d elementor-widget elementor-widget-html\" data-id=\"221492d\" data-element_type=\"widget\" data-e-type=\"widget\" data-widget_type=\"html.default\">\n\t\t\t\t<div class=\"elementor-widget-container\">\n\t\t\t\t\t<div id=\"iframeContainer\" class=\"container\">\r\n  <iframe class=\"responsive-iframe\" onload=\"resizeIframe(this)\" src=\"https:\/\/web103.reachmee.com\/ext\/I021\/1795\/main?site=9&validator=d212adcaece1a37af9e3090be1012741&lang=SE\"><\/iframe>\r\n<\/div> \r\n\r\n<div class=\"clear\"><\/div>\t\t\t\t<\/div>\n\t\t\t\t<\/div>\n\t\t\t\t\t<\/div>\n\t\t<\/div>\n\t\t\t\t<div class=\"elementor-column elementor-col-33 elementor-top-column elementor-element elementor-element-9b64aa5 elementor-hidden-tablet elementor-hidden-phone\" data-id=\"9b64aa5\" data-element_type=\"column\" data-e-type=\"column\">\n\t\t\t<div class=\"elementor-widget-wrap elementor-element-populated\">\n\t\t\t\t\t\t<div class=\"elementor-element elementor-element-1edc7a0 animated-fast elementor-invisible elementor-widget elementor-widget-image\" data-id=\"1edc7a0\" data-element_type=\"widget\" data-e-type=\"widget\" data-settings=\"{&quot;_animation&quot;:&quot;fadeIn&quot;}\" data-widget_type=\"image.default\">\n\t\t\t\t<div class=\"elementor-widget-container\">\n\t\t\t\t\t\t\t\t\t\t\t\t\t\t\t<img fetchpriority=\"high\" decoding=\"async\" width=\"500\" height=\"330\" src=\"https:\/\/lyckseledjurpark.se\/wp-content\/uploads\/2020\/05\/lediga-jobb-500x330.jpg\" class=\"attachment-winwood-post-grid size-winwood-post-grid wp-image-2635\" alt=\"\" \/>\t\t\t\t\t\t\t\t\t\t\t\t\t\t\t<\/div>\n\t\t\t\t<\/div>\n\t\t\t\t\t<\/div>\n\t\t<\/div>\n\t\t\t\t\t<\/div>\n\t\t<\/section>\n\t\t\t\t<\/div>","protected":false},"excerpt":{"rendered":"","protected":false},"author":1,"featured_media":0,"parent":0,"menu_order":0,"comment_status":"closed","ping_status":"closed","template":"","meta":{"inline_featured_image":false,"footnotes":""},"class_list":["post-2631","page","type-page","status-publish","hentry"],"yoast_head":"<!-- This site is optimized with the Yoast SEO plugin v27.3 - https:\/\/yoast.com\/product\/yoast-seo-wordpress\/ -->\n<title>Lediga jobb | Jobba hos oss | Lycksele Djurpark<\/title>\n<meta name=\"description\" content=\"Bli en del av v\u00e5rat team och jobba p\u00e5 v\u00e4rldens roligaste och mest sp\u00e4nnande arbetsplats med oss p\u00e5 Lycksele Djurpark. S\u00f6k idag!\" \/>\n<meta name=\"robots\" content=\"index, follow, max-snippet:-1, max-image-preview:large, max-video-preview:-1\" \/>\n<link rel=\"canonical\" href=\"https:\/\/lyckseledjurpark.se\/en\/lediga-jobb\/\" \/>\n<meta property=\"og:locale\" content=\"en_GB\" \/>\n<meta property=\"og:type\" content=\"article\" \/>\n<meta property=\"og:title\" content=\"Lediga jobb | Jobba hos oss | Lycksele Djurpark\" \/>\n<meta property=\"og:description\" content=\"Bli en del av v\u00e5rat team och jobba p\u00e5 v\u00e4rldens roligaste och mest sp\u00e4nnande arbetsplats med oss p\u00e5 Lycksele Djurpark. S\u00f6k idag!\" \/>\n<meta property=\"og:url\" content=\"https:\/\/lyckseledjurpark.se\/en\/lediga-jobb\/\" \/>\n<meta property=\"og:site_name\" content=\"Lycksele Djurpark\" \/>\n<meta property=\"article:publisher\" content=\"https:\/\/www.facebook.com\/LyckseleDjurparkAB\/\" \/>\n<meta property=\"article:modified_time\" content=\"2024-10-22T08:46:01+00:00\" \/>\n<meta property=\"og:image\" content=\"https:\/\/lyckseledjurpark.se\/wp-content\/uploads\/2020\/05\/lediga-jobb-500x330.jpg\" \/>\n<meta name=\"twitter:card\" content=\"summary_large_image\" \/>\n<meta name=\"twitter:label1\" content=\"Estimated reading time\" \/>\n\t<meta name=\"twitter:data1\" content=\"1 minute\" \/>\n<script type=\"application\/ld+json\" class=\"yoast-schema-graph\">{\"@context\":\"https:\\\/\\\/schema.org\",\"@graph\":[{\"@type\":\"WebPage\",\"@id\":\"https:\\\/\\\/lyckseledjurpark.se\\\/lediga-jobb\\\/\",\"url\":\"https:\\\/\\\/lyckseledjurpark.se\\\/lediga-jobb\\\/\",\"name\":\"Lediga jobb | Jobba hos oss | Lycksele Djurpark\",\"isPartOf\":{\"@id\":\"https:\\\/\\\/lyckseledjurpark.se\\\/en\\\/#website\"},\"primaryImageOfPage\":{\"@id\":\"https:\\\/\\\/lyckseledjurpark.se\\\/lediga-jobb\\\/#primaryimage\"},\"image\":{\"@id\":\"https:\\\/\\\/lyckseledjurpark.se\\\/lediga-jobb\\\/#primaryimage\"},\"thumbnailUrl\":\"https:\\\/\\\/lyckseledjurpark.se\\\/wp-content\\\/uploads\\\/2020\\\/05\\\/lediga-jobb-500x330.jpg\",\"datePublished\":\"2020-05-19T12:34:42+00:00\",\"dateModified\":\"2024-10-22T08:46:01+00:00\",\"description\":\"Bli en del av v\u00e5rat team och jobba p\u00e5 v\u00e4rldens roligaste och mest sp\u00e4nnande arbetsplats med oss p\u00e5 Lycksele Djurpark. S\u00f6k idag!\",\"breadcrumb\":{\"@id\":\"https:\\\/\\\/lyckseledjurpark.se\\\/lediga-jobb\\\/#breadcrumb\"},\"inLanguage\":\"en-GB\",\"potentialAction\":[{\"@type\":\"ReadAction\",\"target\":[\"https:\\\/\\\/lyckseledjurpark.se\\\/lediga-jobb\\\/\"]}]},{\"@type\":\"ImageObject\",\"inLanguage\":\"en-GB\",\"@id\":\"https:\\\/\\\/lyckseledjurpark.se\\\/lediga-jobb\\\/#primaryimage\",\"url\":\"https:\\\/\\\/lyckseledjurpark.se\\\/wp-content\\\/uploads\\\/2020\\\/05\\\/lediga-jobb-500x330.jpg\",\"contentUrl\":\"https:\\\/\\\/lyckseledjurpark.se\\\/wp-content\\\/uploads\\\/2020\\\/05\\\/lediga-jobb-500x330.jpg\"},{\"@type\":\"BreadcrumbList\",\"@id\":\"https:\\\/\\\/lyckseledjurpark.se\\\/lediga-jobb\\\/#breadcrumb\",\"itemListElement\":[{\"@type\":\"ListItem\",\"position\":1,\"name\":\"Hem\",\"item\":\"https:\\\/\\\/lyckseledjurpark.se\\\/\"},{\"@type\":\"ListItem\",\"position\":2,\"name\":\"Lediga jobb\"}]},{\"@type\":\"WebSite\",\"@id\":\"https:\\\/\\\/lyckseledjurpark.se\\\/en\\\/#website\",\"url\":\"https:\\\/\\\/lyckseledjurpark.se\\\/en\\\/\",\"name\":\"Lycksele Djurpark\",\"description\":\" Sveriges Nordligaste Djurpark\",\"potentialAction\":[{\"@type\":\"SearchAction\",\"target\":{\"@type\":\"EntryPoint\",\"urlTemplate\":\"https:\\\/\\\/lyckseledjurpark.se\\\/en\\\/?s={search_term_string}\"},\"query-input\":{\"@type\":\"PropertyValueSpecification\",\"valueRequired\":true,\"valueName\":\"search_term_string\"}}],\"inLanguage\":\"en-GB\"}]}<\/script>\n<!-- \/ Yoast SEO plugin. -->","yoast_head_json":{"title":"Lediga jobb | Jobba hos oss | Lycksele Djurpark","description":"Bli en del av v\u00e5rat team och jobba p\u00e5 v\u00e4rldens roligaste och mest sp\u00e4nnande arbetsplats med oss p\u00e5 Lycksele Djurpark. S\u00f6k idag!","robots":{"index":"index","follow":"follow","max-snippet":"max-snippet:-1","max-image-preview":"max-image-preview:large","max-video-preview":"max-video-preview:-1"},"canonical":"https:\/\/lyckseledjurpark.se\/en\/lediga-jobb\/","og_locale":"en_GB","og_type":"article","og_title":"Lediga jobb | Jobba hos oss | Lycksele Djurpark","og_description":"Bli en del av v\u00e5rat team och jobba p\u00e5 v\u00e4rldens roligaste och mest sp\u00e4nnande arbetsplats med oss p\u00e5 Lycksele Djurpark. S\u00f6k idag!","og_url":"https:\/\/lyckseledjurpark.se\/en\/lediga-jobb\/","og_site_name":"Lycksele Djurpark","article_publisher":"https:\/\/www.facebook.com\/LyckseleDjurparkAB\/","article_modified_time":"2024-10-22T08:46:01+00:00","og_image":[{"url":"https:\/\/lyckseledjurpark.se\/wp-content\/uploads\/2020\/05\/lediga-jobb-500x330.jpg","type":"","width":"","height":""}],"twitter_card":"summary_large_image","twitter_misc":{"Estimated reading time":"1 minute"},"schema":{"@context":"https:\/\/schema.org","@graph":[{"@type":"WebPage","@id":"https:\/\/lyckseledjurpark.se\/lediga-jobb\/","url":"https:\/\/lyckseledjurpark.se\/lediga-jobb\/","name":"Lediga jobb | Jobba hos oss | Lycksele Djurpark","isPartOf":{"@id":"https:\/\/lyckseledjurpark.se\/en\/#website"},"primaryImageOfPage":{"@id":"https:\/\/lyckseledjurpark.se\/lediga-jobb\/#primaryimage"},"image":{"@id":"https:\/\/lyckseledjurpark.se\/lediga-jobb\/#primaryimage"},"thumbnailUrl":"https:\/\/lyckseledjurpark.se\/wp-content\/uploads\/2020\/05\/lediga-jobb-500x330.jpg","datePublished":"2020-05-19T12:34:42+00:00","dateModified":"2024-10-22T08:46:01+00:00","description":"Bli en del av v\u00e5rat team och jobba p\u00e5 v\u00e4rldens roligaste och mest sp\u00e4nnande arbetsplats med oss p\u00e5 Lycksele Djurpark. S\u00f6k idag!","breadcrumb":{"@id":"https:\/\/lyckseledjurpark.se\/lediga-jobb\/#breadcrumb"},"inLanguage":"en-GB","potentialAction":[{"@type":"ReadAction","target":["https:\/\/lyckseledjurpark.se\/lediga-jobb\/"]}]},{"@type":"ImageObject","inLanguage":"en-GB","@id":"https:\/\/lyckseledjurpark.se\/lediga-jobb\/#primaryimage","url":"https:\/\/lyckseledjurpark.se\/wp-content\/uploads\/2020\/05\/lediga-jobb-500x330.jpg","contentUrl":"https:\/\/lyckseledjurpark.se\/wp-content\/uploads\/2020\/05\/lediga-jobb-500x330.jpg"},{"@type":"BreadcrumbList","@id":"https:\/\/lyckseledjurpark.se\/lediga-jobb\/#breadcrumb","itemListElement":[{"@type":"ListItem","position":1,"name":"Hem","item":"https:\/\/lyckseledjurpark.se\/"},{"@type":"ListItem","position":2,"name":"Lediga jobb"}]},{"@type":"WebSite","@id":"https:\/\/lyckseledjurpark.se\/en\/#website","url":"https:\/\/lyckseledjurpark.se\/en\/","name":"Lycksele Zoo","description":"Sveriges Nordligaste Djurpark","potentialAction":[{"@type":"SearchAction","target":{"@type":"EntryPoint","urlTemplate":"https:\/\/lyckseledjurpark.se\/en\/?s={search_term_string}"},"query-input":{"@type":"PropertyValueSpecification","valueRequired":true,"valueName":"search_term_string"}}],"inLanguage":"en-GB"}]}},"_links":{"self":[{"href":"https:\/\/lyckseledjurpark.se\/en\/wp-json\/wp\/v2\/pages\/2631","targetHints":{"allow":["GET"]}}],"collection":[{"href":"https:\/\/lyckseledjurpark.se\/en\/wp-json\/wp\/v2\/pages"}],"about":[{"href":"https:\/\/lyckseledjurpark.se\/en\/wp-json\/wp\/v2\/types\/page"}],"author":[{"embeddable":true,"href":"https:\/\/lyckseledjurpark.se\/en\/wp-json\/wp\/v2\/users\/1"}],"replies":[{"embeddable":true,"href":"https:\/\/lyckseledjurpark.se\/en\/wp-json\/wp\/v2\/comments?post=2631"}],"version-history":[{"count":18,"href":"https:\/\/lyckseledjurpark.se\/en\/wp-json\/wp\/v2\/pages\/2631\/revisions"}],"predecessor-version":[{"id":6686,"href":"https:\/\/lyckseledjurpark.se\/en\/wp-json\/wp\/v2\/pages\/2631\/revisions\/6686"}],"wp:attachment":[{"href":"https:\/\/lyckseledjurpark.se\/en\/wp-json\/wp\/v2\/media?parent=2631"}],"curies":[{"name":"wp","href":"https:\/\/api.w.org\/{rel}","templated":true}]}}