{"id":2502,"date":"2020-03-06T07:15:00","date_gmt":"2020-03-06T06:15:00","guid":{"rendered":"https:\/\/lyckseledjurpark.chillimedia.se\/?page_id=2502"},"modified":"2024-10-22T10:51:26","modified_gmt":"2024-10-22T08:51:26","slug":"nyheter","status":"publish","type":"page","link":"https:\/\/lyckseledjurpark.se\/en\/nyheter\/","title":{"rendered":"News"},"content":{"rendered":"<div data-elementor-type=\"wp-page\" data-elementor-id=\"2502\" class=\"elementor elementor-2502\" data-elementor-post-type=\"page\">\n\t\t\t\t\t\t<section class=\"elementor-section elementor-top-section elementor-element elementor-element-b91bf6b elementor-section-stretched elementor-section-content-middle elementor-section-boxed elementor-section-height-default elementor-section-height-default\" data-id=\"b91bf6b\" data-element_type=\"section\" data-e-type=\"section\" data-settings=\"{&quot;stretch_section&quot;:&quot;section-stretched&quot;,&quot;background_background&quot;:&quot;classic&quot;}\">\n\t\t\t\t\t\t<div class=\"elementor-container elementor-column-gap-no\">\n\t\t\t\t\t<div class=\"elementor-column elementor-col-50 elementor-top-column elementor-element elementor-element-11471c1 news-col\" data-id=\"11471c1\" data-element_type=\"column\" data-e-type=\"column\">\n\t\t\t<div class=\"elementor-widget-wrap elementor-element-populated\">\n\t\t\t\t\t\t<div class=\"elementor-element elementor-element-cb8f356 elementor-widget elementor-widget-heading\" data-id=\"cb8f356\" data-element_type=\"widget\" data-e-type=\"widget\" data-widget_type=\"heading.default\">\n\t\t\t\t<div class=\"elementor-widget-container\">\n\t\t\t\t\t<h2 class=\"elementor-heading-title elementor-size-default\">Nyheter - Sommaren 2024<\/h2>\t\t\t\t<\/div>\n\t\t\t\t<\/div>\n\t\t\t\t<div class=\"elementor-element elementor-element-d476861 elementor-widget elementor-widget-text-editor\" data-id=\"d476861\" data-element_type=\"widget\" data-e-type=\"widget\" data-widget_type=\"text-editor.default\">\n\t\t\t\t<div class=\"elementor-widget-container\">\n\t\t\t\t\t\t\t\t\t<h2>Exempelrubrik<\/h2><p>At vero eos et accusamus et iusto odio dignissimos ducimus qui blanditiis praesentium voluptatum deleniti atque corrupti quos dolores et quas molestias excepturi sint occaecati cupiditate non provident, similique sunt in culpa qui officia deserunt mollitia animi, id est laborum et dolorum fuga. Et harum quidem rerum facilis est et expedita distinctio. Nam libero tempore, cum soluta nobis est eligendi optio cumque nihil impedit quo minus id quod maxime placeat facere possimus, omnis voluptas assumenda est, omnis dolor repellendus. Temporibus autem quibusdam et aut officiis debitis aut rerum.<\/p><p><img fetchpriority=\"high\" decoding=\"async\" class=\"aligncenter wp-image-4975 size-full\" src=\"https:\/\/lyckseledjurpark.se\/wp-content\/uploads\/2023\/02\/17558_lyckesle_097-scaled.jpg\" alt=\"S\u00e4lmatning\" width=\"2560\" height=\"1707\" srcset=\"https:\/\/lyckseledjurpark.se\/wp-content\/uploads\/2023\/02\/17558_lyckesle_097-scaled.jpg 2560w, https:\/\/lyckseledjurpark.se\/wp-content\/uploads\/2023\/02\/17558_lyckesle_097-300x200.jpg 300w, https:\/\/lyckseledjurpark.se\/wp-content\/uploads\/2023\/02\/17558_lyckesle_097-1024x683.jpg 1024w, https:\/\/lyckseledjurpark.se\/wp-content\/uploads\/2023\/02\/17558_lyckesle_097-768x512.jpg 768w, https:\/\/lyckseledjurpark.se\/wp-content\/uploads\/2023\/02\/17558_lyckesle_097-1536x1024.jpg 1536w, https:\/\/lyckseledjurpark.se\/wp-content\/uploads\/2023\/02\/17558_lyckesle_097-2048x1365.jpg 2048w, https:\/\/lyckseledjurpark.se\/wp-content\/uploads\/2023\/02\/17558_lyckesle_097-18x12.jpg 18w\" sizes=\"(max-width: 2560px) 100vw, 2560px\" \/><\/p><h2>Exempelrubrik 2<\/h2><p>At vero eos et accusamus et iusto odio dignissimos ducimus qui blanditiis praesentium voluptatum deleniti atque corrupti quos dolores et quas molestias excepturi sint occaecati cupiditate non provident, similique sunt in culpa qui officia deserunt mollitia animi, id est laborum et dolorum fuga. Et harum quidem rerum facilis est et expedita distinctio. Nam libero tempore, cum soluta nobis est eligendi optio cumque nihil impedit quo minus id quod maxime placeat facere possimus, omnis voluptas assumenda est, omnis dolor repellendus. Temporibus autem quibusdam et aut officiis debitis aut rerum<\/p>\t\t\t\t\t\t\t\t<\/div>\n\t\t\t\t<\/div>\n\t\t\t\t\t<\/div>\n\t\t<\/div>\n\t\t\t\t<div class=\"elementor-column elementor-col-50 elementor-top-column elementor-element elementor-element-97eb67e\" data-id=\"97eb67e\" data-element_type=\"column\" data-e-type=\"column\" data-settings=\"{&quot;background_background&quot;:&quot;classic&quot;}\">\n\t\t\t<div class=\"elementor-widget-wrap elementor-element-populated\">\n\t\t\t\t\t\t<div class=\"elementor-element elementor-element-012e866 img-mask elementor-widget__width-initial elementor-absolute elementor-hidden-tablet elementor-hidden-phone elementor-widget elementor-widget-image\" data-id=\"012e866\" data-element_type=\"widget\" data-e-type=\"widget\" data-settings=\"{&quot;_position&quot;:&quot;absolute&quot;}\" data-widget_type=\"image.default\">\n\t\t\t\t<div class=\"elementor-widget-container\">\n\t\t\t\t\t\t\t\t\t\t\t\t\t\t\t<img decoding=\"async\" width=\"400\" height=\"533\" src=\"https:\/\/lyckseledjurpark.se\/wp-content\/uploads\/2021\/07\/brumstugan-liten.jpg\" class=\"attachment-full size-full wp-image-3673\" alt=\"\" srcset=\"https:\/\/lyckseledjurpark.se\/wp-content\/uploads\/2021\/07\/brumstugan-liten.jpg 400w, https:\/\/lyckseledjurpark.se\/wp-content\/uploads\/2021\/07\/brumstugan-liten-225x300.jpg 225w\" sizes=\"(max-width: 400px) 100vw, 400px\" \/>\t\t\t\t\t\t\t\t\t\t\t\t\t\t\t<\/div>\n\t\t\t\t<\/div>\n\t\t\t\t\t<\/div>\n\t\t<\/div>\n\t\t\t\t\t<\/div>\n\t\t<\/section>\n\t\t\t\t<\/div>","protected":false},"excerpt":{"rendered":"<p>Nyheter &#8211; Sommaren 2024 Exempelrubrik At vero eos et accusamus et iusto odio dignissimos ducimus qui blanditiis praesentium voluptatum deleniti atque corrupti quos dolores et quas molestias excepturi sint occaecati cupiditate non provident, similique sunt in culpa qui officia deserunt mollitia animi, id est laborum et dolorum fuga. Et harum quidem rerum facilis est et [&hellip;]<\/p>\n","protected":false},"author":1,"featured_media":0,"parent":0,"menu_order":0,"comment_status":"closed","ping_status":"closed","template":"elementor_header_footer","meta":{"inline_featured_image":false,"footnotes":""},"class_list":["post-2502","page","type-page","status-publish","hentry"],"yoast_head":"<!-- This site is optimized with the Yoast SEO plugin v27.3 - https:\/\/yoast.com\/product\/yoast-seo-wordpress\/ -->\n<title>H\u00e5ll dig uppdaterad - Nyheter fr\u00e5n Lycksele Djurpark<\/title>\n<meta name=\"description\" content=\"Uppt\u00e4ck Lycksele Djurpark med nyheter, \u00f6ppettider, priser, och information om v\u00e5ra djur och aktiviteter. Perfekt f\u00f6r familjeutflykter!\" \/>\n<meta name=\"robots\" content=\"index, follow, max-snippet:-1, max-image-preview:large, max-video-preview:-1\" \/>\n<link rel=\"canonical\" href=\"https:\/\/lyckseledjurpark.se\/en\/nyheter\/\" \/>\n<meta property=\"og:locale\" content=\"en_GB\" \/>\n<meta property=\"og:type\" content=\"article\" \/>\n<meta property=\"og:title\" content=\"H\u00e5ll dig uppdaterad - Nyheter fr\u00e5n Lycksele Djurpark\" \/>\n<meta property=\"og:description\" content=\"Uppt\u00e4ck Lycksele Djurpark med nyheter, \u00f6ppettider, priser, och information om v\u00e5ra djur och aktiviteter. Perfekt f\u00f6r familjeutflykter!\" \/>\n<meta property=\"og:url\" content=\"https:\/\/lyckseledjurpark.se\/en\/nyheter\/\" \/>\n<meta property=\"og:site_name\" content=\"Lycksele Djurpark\" \/>\n<meta property=\"article:publisher\" content=\"https:\/\/www.facebook.com\/LyckseleDjurparkAB\/\" \/>\n<meta property=\"article:modified_time\" content=\"2024-10-22T08:51:26+00:00\" \/>\n<meta property=\"og:image\" content=\"https:\/\/lyckseledjurpark.se\/wp-content\/uploads\/2023\/02\/17558_lyckesle_097-scaled.jpg\" \/>\n<meta name=\"twitter:card\" content=\"summary_large_image\" \/>\n<meta name=\"twitter:label1\" content=\"Estimated reading time\" \/>\n\t<meta name=\"twitter:data1\" content=\"2 minutes\" \/>\n<script type=\"application\/ld+json\" class=\"yoast-schema-graph\">{\"@context\":\"https:\\\/\\\/schema.org\",\"@graph\":[{\"@type\":\"WebPage\",\"@id\":\"https:\\\/\\\/lyckseledjurpark.se\\\/nyheter\\\/\",\"url\":\"https:\\\/\\\/lyckseledjurpark.se\\\/nyheter\\\/\",\"name\":\"H\u00e5ll dig uppdaterad - Nyheter fr\u00e5n Lycksele Djurpark\",\"isPartOf\":{\"@id\":\"https:\\\/\\\/lyckseledjurpark.se\\\/en\\\/#website\"},\"primaryImageOfPage\":{\"@id\":\"https:\\\/\\\/lyckseledjurpark.se\\\/nyheter\\\/#primaryimage\"},\"image\":{\"@id\":\"https:\\\/\\\/lyckseledjurpark.se\\\/nyheter\\\/#primaryimage\"},\"thumbnailUrl\":\"https:\\\/\\\/lyckseledjurpark.se\\\/wp-content\\\/uploads\\\/2023\\\/02\\\/17558_lyckesle_097-scaled.jpg\",\"datePublished\":\"2020-03-06T06:15:00+00:00\",\"dateModified\":\"2024-10-22T08:51:26+00:00\",\"description\":\"Uppt\u00e4ck Lycksele Djurpark med nyheter, \u00f6ppettider, priser, och information om v\u00e5ra djur och aktiviteter. Perfekt f\u00f6r familjeutflykter!\",\"breadcrumb\":{\"@id\":\"https:\\\/\\\/lyckseledjurpark.se\\\/nyheter\\\/#breadcrumb\"},\"inLanguage\":\"en-GB\",\"potentialAction\":[{\"@type\":\"ReadAction\",\"target\":[\"https:\\\/\\\/lyckseledjurpark.se\\\/nyheter\\\/\"]}]},{\"@type\":\"ImageObject\",\"inLanguage\":\"en-GB\",\"@id\":\"https:\\\/\\\/lyckseledjurpark.se\\\/nyheter\\\/#primaryimage\",\"url\":\"https:\\\/\\\/lyckseledjurpark.se\\\/wp-content\\\/uploads\\\/2023\\\/02\\\/17558_lyckesle_097-scaled.jpg\",\"contentUrl\":\"https:\\\/\\\/lyckseledjurpark.se\\\/wp-content\\\/uploads\\\/2023\\\/02\\\/17558_lyckesle_097-scaled.jpg\"},{\"@type\":\"BreadcrumbList\",\"@id\":\"https:\\\/\\\/lyckseledjurpark.se\\\/nyheter\\\/#breadcrumb\",\"itemListElement\":[{\"@type\":\"ListItem\",\"position\":1,\"name\":\"Hem\",\"item\":\"https:\\\/\\\/lyckseledjurpark.se\\\/\"},{\"@type\":\"ListItem\",\"position\":2,\"name\":\"Nyheter\"}]},{\"@type\":\"WebSite\",\"@id\":\"https:\\\/\\\/lyckseledjurpark.se\\\/en\\\/#website\",\"url\":\"https:\\\/\\\/lyckseledjurpark.se\\\/en\\\/\",\"name\":\"Lycksele Djurpark\",\"description\":\" Sveriges Nordligaste Djurpark\",\"potentialAction\":[{\"@type\":\"SearchAction\",\"target\":{\"@type\":\"EntryPoint\",\"urlTemplate\":\"https:\\\/\\\/lyckseledjurpark.se\\\/en\\\/?s={search_term_string}\"},\"query-input\":{\"@type\":\"PropertyValueSpecification\",\"valueRequired\":true,\"valueName\":\"search_term_string\"}}],\"inLanguage\":\"en-GB\"}]}<\/script>\n<!-- \/ Yoast SEO plugin. -->","yoast_head_json":{"title":"H\u00e5ll dig uppdaterad - Nyheter fr\u00e5n Lycksele Djurpark","description":"Uppt\u00e4ck Lycksele Djurpark med nyheter, \u00f6ppettider, priser, och information om v\u00e5ra djur och aktiviteter. Perfekt f\u00f6r familjeutflykter!","robots":{"index":"index","follow":"follow","max-snippet":"max-snippet:-1","max-image-preview":"max-image-preview:large","max-video-preview":"max-video-preview:-1"},"canonical":"https:\/\/lyckseledjurpark.se\/en\/nyheter\/","og_locale":"en_GB","og_type":"article","og_title":"H\u00e5ll dig uppdaterad - Nyheter fr\u00e5n Lycksele Djurpark","og_description":"Uppt\u00e4ck Lycksele Djurpark med nyheter, \u00f6ppettider, priser, och information om v\u00e5ra djur och aktiviteter. Perfekt f\u00f6r familjeutflykter!","og_url":"https:\/\/lyckseledjurpark.se\/en\/nyheter\/","og_site_name":"Lycksele Djurpark","article_publisher":"https:\/\/www.facebook.com\/LyckseleDjurparkAB\/","article_modified_time":"2024-10-22T08:51:26+00:00","og_image":[{"url":"https:\/\/lyckseledjurpark.se\/wp-content\/uploads\/2023\/02\/17558_lyckesle_097-scaled.jpg","type":"","width":"","height":""}],"twitter_card":"summary_large_image","twitter_misc":{"Estimated reading time":"2 minutes"},"schema":{"@context":"https:\/\/schema.org","@graph":[{"@type":"WebPage","@id":"https:\/\/lyckseledjurpark.se\/nyheter\/","url":"https:\/\/lyckseledjurpark.se\/nyheter\/","name":"H\u00e5ll dig uppdaterad - Nyheter fr\u00e5n Lycksele Djurpark","isPartOf":{"@id":"https:\/\/lyckseledjurpark.se\/en\/#website"},"primaryImageOfPage":{"@id":"https:\/\/lyckseledjurpark.se\/nyheter\/#primaryimage"},"image":{"@id":"https:\/\/lyckseledjurpark.se\/nyheter\/#primaryimage"},"thumbnailUrl":"https:\/\/lyckseledjurpark.se\/wp-content\/uploads\/2023\/02\/17558_lyckesle_097-scaled.jpg","datePublished":"2020-03-06T06:15:00+00:00","dateModified":"2024-10-22T08:51:26+00:00","description":"Uppt\u00e4ck Lycksele Djurpark med nyheter, \u00f6ppettider, priser, och information om v\u00e5ra djur och aktiviteter. Perfekt f\u00f6r familjeutflykter!","breadcrumb":{"@id":"https:\/\/lyckseledjurpark.se\/nyheter\/#breadcrumb"},"inLanguage":"en-GB","potentialAction":[{"@type":"ReadAction","target":["https:\/\/lyckseledjurpark.se\/nyheter\/"]}]},{"@type":"ImageObject","inLanguage":"en-GB","@id":"https:\/\/lyckseledjurpark.se\/nyheter\/#primaryimage","url":"https:\/\/lyckseledjurpark.se\/wp-content\/uploads\/2023\/02\/17558_lyckesle_097-scaled.jpg","contentUrl":"https:\/\/lyckseledjurpark.se\/wp-content\/uploads\/2023\/02\/17558_lyckesle_097-scaled.jpg"},{"@type":"BreadcrumbList","@id":"https:\/\/lyckseledjurpark.se\/nyheter\/#breadcrumb","itemListElement":[{"@type":"ListItem","position":1,"name":"Hem","item":"https:\/\/lyckseledjurpark.se\/"},{"@type":"ListItem","position":2,"name":"Nyheter"}]},{"@type":"WebSite","@id":"https:\/\/lyckseledjurpark.se\/en\/#website","url":"https:\/\/lyckseledjurpark.se\/en\/","name":"Lycksele Zoo","description":"Sveriges Nordligaste Djurpark","potentialAction":[{"@type":"SearchAction","target":{"@type":"EntryPoint","urlTemplate":"https:\/\/lyckseledjurpark.se\/en\/?s={search_term_string}"},"query-input":{"@type":"PropertyValueSpecification","valueRequired":true,"valueName":"search_term_string"}}],"inLanguage":"en-GB"}]}},"_links":{"self":[{"href":"https:\/\/lyckseledjurpark.se\/en\/wp-json\/wp\/v2\/pages\/2502","targetHints":{"allow":["GET"]}}],"collection":[{"href":"https:\/\/lyckseledjurpark.se\/en\/wp-json\/wp\/v2\/pages"}],"about":[{"href":"https:\/\/lyckseledjurpark.se\/en\/wp-json\/wp\/v2\/types\/page"}],"author":[{"embeddable":true,"href":"https:\/\/lyckseledjurpark.se\/en\/wp-json\/wp\/v2\/users\/1"}],"replies":[{"embeddable":true,"href":"https:\/\/lyckseledjurpark.se\/en\/wp-json\/wp\/v2\/comments?post=2502"}],"version-history":[{"count":36,"href":"https:\/\/lyckseledjurpark.se\/en\/wp-json\/wp\/v2\/pages\/2502\/revisions"}],"predecessor-version":[{"id":6691,"href":"https:\/\/lyckseledjurpark.se\/en\/wp-json\/wp\/v2\/pages\/2502\/revisions\/6691"}],"wp:attachment":[{"href":"https:\/\/lyckseledjurpark.se\/en\/wp-json\/wp\/v2\/media?parent=2502"}],"curies":[{"name":"wp","href":"https:\/\/api.w.org\/{rel}","templated":true}]}}