{"id":2426,"date":"2020-05-19T11:08:56","date_gmt":"2020-05-19T09:08:56","guid":{"rendered":"https:\/\/lyckseledjurpark.chillimedia.se\/?page_id=2426"},"modified":"2026-03-18T10:58:20","modified_gmt":"2026-03-18T09:58:20","slug":"oppettider-och-priser","status":"publish","type":"page","link":"https:\/\/lyckseledjurpark.se\/en\/oppettider-och-priser\/","title":{"rendered":"Opening hours &amp; prices"},"content":{"rendered":"<div data-elementor-type=\"wp-page\" data-elementor-id=\"2426\" class=\"elementor elementor-2426\" data-elementor-post-type=\"page\">\n\t\t\t\t\t\t<section class=\"elementor-section elementor-top-section elementor-element elementor-element-9bb392e elementor-section-stretched elementor-reverse-tablet elementor-section-boxed elementor-section-height-default elementor-section-height-default\" data-id=\"9bb392e\" data-element_type=\"section\" data-e-type=\"section\" id=\"pricing-tables\" data-settings=\"{&quot;stretch_section&quot;:&quot;section-stretched&quot;}\">\n\t\t\t\t\t\t<div class=\"elementor-container elementor-column-gap-no\">\n\t\t\t\t\t<div class=\"elementor-column elementor-col-33 elementor-top-column elementor-element elementor-element-4449ad1\" data-id=\"4449ad1\" data-element_type=\"column\" data-e-type=\"column\">\n\t\t\t<div class=\"elementor-widget-wrap elementor-element-populated\">\n\t\t\t\t\t\t<div class=\"elementor-element elementor-element-698114c elementor-hidden-tablet elementor-hidden-mobile elementor-widget elementor-widget-image\" data-id=\"698114c\" data-element_type=\"widget\" data-e-type=\"widget\" data-widget_type=\"image.default\">\n\t\t\t\t<div class=\"elementor-widget-container\">\n\t\t\t\t\t\t\t\t\t\t\t\t\t\t\t<img fetchpriority=\"high\" decoding=\"async\" width=\"980\" height=\"654\" src=\"https:\/\/lyckseledjurpark.se\/wp-content\/uploads\/2020\/03\/17558_lycksele_280-scaled-1-1024x683.jpg\" class=\"attachment-large size-large wp-image-6379\" alt=\"\" srcset=\"https:\/\/lyckseledjurpark.se\/wp-content\/uploads\/2020\/03\/17558_lycksele_280-scaled-1-1024x683.jpg 1024w, https:\/\/lyckseledjurpark.se\/wp-content\/uploads\/2020\/03\/17558_lycksele_280-scaled-1-300x200.jpg 300w, https:\/\/lyckseledjurpark.se\/wp-content\/uploads\/2020\/03\/17558_lycksele_280-scaled-1-768x512.jpg 768w, https:\/\/lyckseledjurpark.se\/wp-content\/uploads\/2020\/03\/17558_lycksele_280-scaled-1-1536x1024.jpg 1536w, https:\/\/lyckseledjurpark.se\/wp-content\/uploads\/2020\/03\/17558_lycksele_280-scaled-1-2048x1366.jpg 2048w, https:\/\/lyckseledjurpark.se\/wp-content\/uploads\/2020\/03\/17558_lycksele_280-scaled-1-18x12.jpg 18w\" sizes=\"(max-width: 980px) 100vw, 980px\" \/>\t\t\t\t\t\t\t\t\t\t\t\t\t\t\t<\/div>\n\t\t\t\t<\/div>\n\t\t\t\t\t<\/div>\n\t\t<\/div>\n\t\t\t\t<div class=\"elementor-column elementor-col-66 elementor-top-column elementor-element elementor-element-18f1598\" data-id=\"18f1598\" data-element_type=\"column\" data-e-type=\"column\">\n\t\t\t<div class=\"elementor-widget-wrap elementor-element-populated\">\n\t\t\t\t\t\t<div class=\"elementor-element elementor-element-8bd1e41 elementor-tabs-alignment-stretch elementor-tabs-view-horizontal elementor-widget elementor-widget-tabs\" data-id=\"8bd1e41\" data-element_type=\"widget\" data-e-type=\"widget\" data-widget_type=\"tabs.default\">\n\t\t\t\t<div class=\"elementor-widget-container\">\n\t\t\t\t\t\t\t<div class=\"elementor-tabs\">\n\t\t\t<div class=\"elementor-tabs-wrapper\" role=\"tablist\" >\n\t\t\t\t\t\t\t\t\t<div id=\"elementor-tab-title-1461\" class=\"elementor-tab-title elementor-tab-desktop-title\" aria-selected=\"true\" data-tab=\"1\" role=\"tab\" tabindex=\"0\" aria-controls=\"elementor-tab-content-1461\" aria-expanded=\"false\">L\u00e5gs\u00e4song 2026<\/div>\n\t\t\t\t\t\t\t\t\t<div id=\"elementor-tab-title-1462\" class=\"elementor-tab-title elementor-tab-desktop-title\" aria-selected=\"false\" data-tab=\"2\" role=\"tab\" tabindex=\"-1\" aria-controls=\"elementor-tab-content-1462\" aria-expanded=\"false\">H\u00f6gs\u00e4song 2026<\/div>\n\t\t\t\t\t\t\t<\/div>\n\t\t\t<div class=\"elementor-tabs-content-wrapper\" role=\"tablist\" aria-orientation=\"vertical\">\n\t\t\t\t\t\t\t\t\t<div class=\"elementor-tab-title elementor-tab-mobile-title\" aria-selected=\"true\" data-tab=\"1\" role=\"tab\" tabindex=\"0\" aria-controls=\"elementor-tab-content-1461\" aria-expanded=\"false\">L\u00e5gs\u00e4song 2026<\/div>\n\t\t\t\t\t<div id=\"elementor-tab-content-1461\" class=\"elementor-tab-content elementor-clearfix\" data-tab=\"1\" role=\"tabpanel\" aria-labelledby=\"elementor-tab-title-1461\" tabindex=\"0\" hidden=\"false\"><h3>\u00d6ppet f\u00f6r bokning<\/h3><table style=\"color: #5f5f5f; font-family: Ubuntu, sans-serif; font-size: 16px;\" border=\"0\" width=\"100%\" cellspacing=\"0\" cellpadding=\"0\"><tbody><tr><td>1 januari till 30 maj<\/td><td>endast mot bokning<\/td><\/tr><tr><td>31 maj till 13 juni<\/td><td>10:00 &#8211; 16:00<\/td><\/tr><tr><td>11 augusti till 17 augusti<\/td><td>10:00-16:00 ( entr\u00e9n st\u00e4nger 15:00 )<\/td><\/tr><tr><td>18 augusti till 1 december<\/td><td>endast mot bokning<\/td><\/tr><\/tbody><\/table><div class=\"open-for-booking\"><div class=\"elementToProof\"><b>\u00d6ppen f\u00f6r bokning<\/b><\/div><div class=\"elementToProof\">\u00a0<\/div><div class=\"elementToProof\">Du visste v\u00e4l att du alltid \u00e4r v\u00e4lkommen att bes\u00f6ka djurparken? Ring eller mejla oss s\u00e5 bokar vi in en tid och sl\u00e4pper in er n\u00e4r det passar!<\/div><div class=\"elementToProof\"><span style=\"color: #101924;\">\u00a0<\/span><\/div><div class=\"elementToProof\"><span style=\"color: #101924;\">G\u00e4rna 2 dagar i god tid, senast lunch fredag f\u00f6re aktuell helg. Insl\u00e4ppstiden p\u00e5 helgen under l\u00e5gs\u00e4song \u00e4r kl 11, <\/span><span style=\"color: #101924;\">under veckorna enligt \u00f6verenskommelse.<\/span><\/div><div class=\"elementToProof\">\u00a0<\/div><div class=\"elementToProof\">Fiket \u00f6ppnar inte f\u00f6rens den 31a maj &#8211; s\u00e5 ta g\u00e4rna med egen fikakorg och s\u00e4tt er i n\u00e5got av v\u00e5ra fina vindskydd!<\/div><div class=\"elementToProof\">\u00a0<\/div><div class=\"elementToProof\">Prislistan ser ut som nedan, endast kortbetalning.<\/div><div class=\"elementToProof\">\u00a0<\/div><div class=\"elementToProof\"><b>V\u00e4lkomna att m\u00f6ta v\u00e5ren med djuren!<\/b><\/div><\/div><h3>Prices<\/h3><p><span style=\"color: #000000; font-family: Viga, HelveticaNeue-Light, 'Helvetica Neue Light', 'Helvetica Neue', Helvetica, Arial, 'Lucida Grande', sans-serif; font-size: 1.2em;\">L\u00e5gs\u00e4song, 1 jan \u2013 13 jun, 11 aug \u2013 1 dec.<\/span><\/p><table border=\"0\" width=\"100%\" cellspacing=\"0\" cellpadding=\"0\"><tbody><tr><td>Adult<\/td><td>215:-<\/td><\/tr><tr><td>Adult, 2 days<\/td><td>320:-<\/td><\/tr><tr><td>Adult, group of 10 people<\/td><td>185:-<\/td><\/tr><tr><td>Adult, annual pass<\/td><td>750:-<\/td><\/tr><tr><td>Retired &gt; 65 years of age<\/td><td>200:-<\/td><\/tr><tr><td>Retired &gt; 65 years of age, 2 days<\/td><td>300:-<\/td><\/tr><tr><td>Children 3-17 years of age<\/td><td>150:-<\/td><\/tr><tr><td>Children 3-17 years of age, 2 days<\/td><td>225:-<\/td><\/tr><tr><td>Children, group of 10 people (also leaders)<\/td><td>140:-<\/td><\/tr><tr><td>Child, annual pass<\/td><td>570:-<\/td><\/tr><tr><td>Children 0-2 years of age (in keeper's company)<\/td><td>Free<\/td><\/tr><tr><td>Children 0-2 years of age (children's group eg preschool children)<\/td><td>70:-<\/td><\/tr><\/tbody><\/table><h3>Guide<\/h3><p><span style=\"font-family: Ubuntu;\">850 SEK\/hour excl. VAT (Weekend 1050 SEK\/hour exkl. VAT)<\/span><\/p><\/div>\n\t\t\t\t\t\t\t\t\t<div class=\"elementor-tab-title elementor-tab-mobile-title\" aria-selected=\"false\" data-tab=\"2\" role=\"tab\" tabindex=\"-1\" aria-controls=\"elementor-tab-content-1462\" aria-expanded=\"false\">H\u00f6gs\u00e4song 2026<\/div>\n\t\t\t\t\t<div id=\"elementor-tab-content-1462\" class=\"elementor-tab-content elementor-clearfix\" data-tab=\"2\" role=\"tabpanel\" aria-labelledby=\"elementor-tab-title-1462\" tabindex=\"0\" hidden=\"hidden\"><h3>Opening hours<\/h3><table style=\"color: #5f5f5f; font-family: Ubuntu, sans-serif; font-size: 16px;\" border=\"0\" width=\"100%\" cellspacing=\"0\" cellpadding=\"0\"><tbody><tr><td>14 juni till 10 augusti (insl\u00e4ppet st\u00e4nger kl. 16.00)<\/td><td>10.00-17.00<\/td><\/tr><\/tbody><\/table><h3>Prices<\/h3><p><span style=\"color: #000000; font-family: Viga, HelveticaNeue-Light, 'Helvetica Neue Light', 'Helvetica Neue', Helvetica, Arial, 'Lucida Grande', sans-serif; font-size: 1.2em;\">H\u00f6gs\u00e4song, 14 jun &#8211; 10 aug (kl 10.00 \u2013 17.00)<\/span><span style=\"color: #000000;\">\u00a0<\/span><\/p><table border=\"0\" width=\"100%\" cellspacing=\"0\" cellpadding=\"0\"><tbody><tr><td>Adult<\/td><td>350:-<\/td><\/tr><tr><td>Adult, 2 days<\/td><td>525:-<\/td><\/tr><tr><td>Adult, group of 10 people<\/td><td>320:-<\/td><\/tr><tr><td>Adult, annual pass<\/td><td>750:-<\/td><\/tr><tr><td>Retired &gt; 65 years of age<\/td><td>260:-<\/td><\/tr><tr><td>Retired &gt; 65 years of age, 2 days<\/td><td>390:-<\/td><\/tr><tr><td>Children 3-17 years of age<\/td><td>270:-<\/td><\/tr><tr><td>Children 3-17 years of age, 2 days<\/td><td>405:-<\/td><\/tr><tr><td>Children, group of 10 people (also leaders)<\/td><td>200:-<\/td><\/tr><tr><td>Child, annual pass<\/td><td>570:-<\/td><\/tr><tr><td>Children 0-2 years of age (in keeper's company)<\/td><td>Free<\/td><\/tr><tr><td>Children 0-2 years of age (children's group eg preschool children)<\/td><td>70:-<\/td><\/tr><\/tbody><\/table><p><span style=\"font-family: Ubuntu;\">After having visited the restaurant you must enter through the Zoo's entrance again. Make sure to save your receipt since it is your ticket.<\/span><\/p><h3>Guide<\/h3><p><span style=\"font-family: Ubuntu;\">850 SEK\/hour excl. VAT (Weekend 1050 SEK\/hour exkl. VAT)<\/span><\/p><h3>Guidad t\u00e5gtur runt parken (15 jun -11 aug)<\/h3><p><span style=\"font-family: Ubuntu;\">40:-\/person, grupp om 10 pers<\/span>, 35:-\/person<\/p><h3>Gratis Aktiviteter (15 jun -11 aug)<\/h3><p><span style=\"font-family: Ubuntu;\">Grist\u00e5g, nauticjet, bungee run, hinderbana, karuseller m.m. (ej guidad t\u00e5gtur)<\/span><\/p><\/div>\n\t\t\t\t\t\t\t<\/div>\n\t\t<\/div>\n\t\t\t\t\t\t<\/div>\n\t\t\t\t<\/div>\n\t\t\t\t\t<\/div>\n\t\t<\/div>\n\t\t\t\t\t<\/div>\n\t\t<\/section>\n\t\t\t\t<\/div>","protected":false},"excerpt":{"rendered":"<p>L\u00e5gs\u00e4song 2026 H\u00f6gs\u00e4song 2026 L\u00e5gs\u00e4song 2026 \u00d6ppet f\u00f6r bokning 1 januari till 30 maj endast mot bokning 31 maj till 13 juni 10:00 &#8211; 16:00 11 augusti till 17 augusti 10:00-16:00 ( entr\u00e9n st\u00e4nger 15:00 ) 18 augusti till 1 december endast mot bokning \u00d6ppen f\u00f6r bokning\u00a0Du visste v\u00e4l att du alltid \u00e4r v\u00e4lkommen att [&hellip;]<\/p>\n","protected":false},"author":1,"featured_media":0,"parent":0,"menu_order":0,"comment_status":"closed","ping_status":"closed","template":"elementor_header_footer","meta":{"inline_featured_image":false,"footnotes":""},"class_list":["post-2426","page","type-page","status-publish","hentry"],"yoast_head":"<!-- This site is optimized with the Yoast SEO plugin v27.3 - https:\/\/yoast.com\/product\/yoast-seo-wordpress\/ -->\n<title>\u00d6ppettider och priser - Planera ditt bes\u00f6k till Lycksele Djurpark<\/title>\n<meta name=\"description\" content=\"\u00d6ppettider och priser f\u00f6r Lycksele Djurpark 2024, med information om l\u00e5gs\u00e4song och h\u00f6gs\u00e4song samt biljettpriser f\u00f6r vuxna, barn och grupper.\" \/>\n<meta name=\"robots\" content=\"index, follow, max-snippet:-1, max-image-preview:large, max-video-preview:-1\" \/>\n<link rel=\"canonical\" href=\"https:\/\/lyckseledjurpark.se\/en\/oppettider-och-priser\/\" \/>\n<meta property=\"og:locale\" content=\"en_GB\" \/>\n<meta property=\"og:type\" content=\"article\" \/>\n<meta property=\"og:title\" content=\"\u00d6ppettider och priser - Planera ditt bes\u00f6k till Lycksele Djurpark\" \/>\n<meta property=\"og:description\" content=\"\u00d6ppettider och priser f\u00f6r Lycksele Djurpark 2024, med information om l\u00e5gs\u00e4song och h\u00f6gs\u00e4song samt biljettpriser f\u00f6r vuxna, barn och grupper.\" \/>\n<meta property=\"og:url\" content=\"https:\/\/lyckseledjurpark.se\/en\/oppettider-och-priser\/\" \/>\n<meta property=\"og:site_name\" content=\"Lycksele Djurpark\" \/>\n<meta property=\"article:publisher\" content=\"https:\/\/www.facebook.com\/LyckseleDjurparkAB\/\" \/>\n<meta property=\"article:modified_time\" content=\"2026-03-18T09:58:20+00:00\" \/>\n<meta property=\"og:image\" content=\"https:\/\/lyckseledjurpark.se\/wp-content\/uploads\/2020\/03\/17558_lycksele_280-scaled-1.jpg\" \/>\n\t<meta property=\"og:image:width\" content=\"2560\" \/>\n\t<meta property=\"og:image:height\" content=\"1707\" \/>\n\t<meta property=\"og:image:type\" content=\"image\/jpeg\" \/>\n<meta name=\"twitter:card\" content=\"summary_large_image\" \/>\n<meta name=\"twitter:label1\" content=\"Estimated reading time\" \/>\n\t<meta name=\"twitter:data1\" content=\"2 minutes\" \/>\n<script type=\"application\/ld+json\" class=\"yoast-schema-graph\">{\"@context\":\"https:\\\/\\\/schema.org\",\"@graph\":[{\"@type\":\"WebPage\",\"@id\":\"https:\\\/\\\/lyckseledjurpark.se\\\/oppettider-och-priser\\\/\",\"url\":\"https:\\\/\\\/lyckseledjurpark.se\\\/oppettider-och-priser\\\/\",\"name\":\"\u00d6ppettider och priser - Planera ditt bes\u00f6k till Lycksele Djurpark\",\"isPartOf\":{\"@id\":\"https:\\\/\\\/lyckseledjurpark.se\\\/en\\\/#website\"},\"primaryImageOfPage\":{\"@id\":\"https:\\\/\\\/lyckseledjurpark.se\\\/oppettider-och-priser\\\/#primaryimage\"},\"image\":{\"@id\":\"https:\\\/\\\/lyckseledjurpark.se\\\/oppettider-och-priser\\\/#primaryimage\"},\"thumbnailUrl\":\"https:\\\/\\\/lyckseledjurpark.se\\\/wp-content\\\/uploads\\\/2020\\\/03\\\/17558_lycksele_280-scaled-1-1024x683.jpg\",\"datePublished\":\"2020-05-19T09:08:56+00:00\",\"dateModified\":\"2026-03-18T09:58:20+00:00\",\"description\":\"\u00d6ppettider och priser f\u00f6r Lycksele Djurpark 2024, med information om l\u00e5gs\u00e4song och h\u00f6gs\u00e4song samt biljettpriser f\u00f6r vuxna, barn och grupper.\",\"breadcrumb\":{\"@id\":\"https:\\\/\\\/lyckseledjurpark.se\\\/oppettider-och-priser\\\/#breadcrumb\"},\"inLanguage\":\"en-GB\",\"potentialAction\":[{\"@type\":\"ReadAction\",\"target\":[\"https:\\\/\\\/lyckseledjurpark.se\\\/oppettider-och-priser\\\/\"]}]},{\"@type\":\"ImageObject\",\"inLanguage\":\"en-GB\",\"@id\":\"https:\\\/\\\/lyckseledjurpark.se\\\/oppettider-och-priser\\\/#primaryimage\",\"url\":\"https:\\\/\\\/lyckseledjurpark.se\\\/wp-content\\\/uploads\\\/2020\\\/03\\\/17558_lycksele_280-scaled-1-1024x683.jpg\",\"contentUrl\":\"https:\\\/\\\/lyckseledjurpark.se\\\/wp-content\\\/uploads\\\/2020\\\/03\\\/17558_lycksele_280-scaled-1-1024x683.jpg\"},{\"@type\":\"BreadcrumbList\",\"@id\":\"https:\\\/\\\/lyckseledjurpark.se\\\/oppettider-och-priser\\\/#breadcrumb\",\"itemListElement\":[{\"@type\":\"ListItem\",\"position\":1,\"name\":\"Hem\",\"item\":\"https:\\\/\\\/lyckseledjurpark.se\\\/\"},{\"@type\":\"ListItem\",\"position\":2,\"name\":\"\u00d6ppettider och priser\"}]},{\"@type\":\"WebSite\",\"@id\":\"https:\\\/\\\/lyckseledjurpark.se\\\/en\\\/#website\",\"url\":\"https:\\\/\\\/lyckseledjurpark.se\\\/en\\\/\",\"name\":\"Lycksele Djurpark\",\"description\":\" Sveriges Nordligaste Djurpark\",\"potentialAction\":[{\"@type\":\"SearchAction\",\"target\":{\"@type\":\"EntryPoint\",\"urlTemplate\":\"https:\\\/\\\/lyckseledjurpark.se\\\/en\\\/?s={search_term_string}\"},\"query-input\":{\"@type\":\"PropertyValueSpecification\",\"valueRequired\":true,\"valueName\":\"search_term_string\"}}],\"inLanguage\":\"en-GB\"}]}<\/script>\n<!-- \/ Yoast SEO plugin. -->","yoast_head_json":{"title":"\u00d6ppettider och priser - Planera ditt bes\u00f6k till Lycksele Djurpark","description":"\u00d6ppettider och priser f\u00f6r Lycksele Djurpark 2024, med information om l\u00e5gs\u00e4song och h\u00f6gs\u00e4song samt biljettpriser f\u00f6r vuxna, barn och grupper.","robots":{"index":"index","follow":"follow","max-snippet":"max-snippet:-1","max-image-preview":"max-image-preview:large","max-video-preview":"max-video-preview:-1"},"canonical":"https:\/\/lyckseledjurpark.se\/en\/oppettider-och-priser\/","og_locale":"en_GB","og_type":"article","og_title":"\u00d6ppettider och priser - Planera ditt bes\u00f6k till Lycksele Djurpark","og_description":"\u00d6ppettider och priser f\u00f6r Lycksele Djurpark 2024, med information om l\u00e5gs\u00e4song och h\u00f6gs\u00e4song samt biljettpriser f\u00f6r vuxna, barn och grupper.","og_url":"https:\/\/lyckseledjurpark.se\/en\/oppettider-och-priser\/","og_site_name":"Lycksele Djurpark","article_publisher":"https:\/\/www.facebook.com\/LyckseleDjurparkAB\/","article_modified_time":"2026-03-18T09:58:20+00:00","og_image":[{"width":2560,"height":1707,"url":"https:\/\/lyckseledjurpark.se\/wp-content\/uploads\/2020\/03\/17558_lycksele_280-scaled-1.jpg","type":"image\/jpeg"}],"twitter_card":"summary_large_image","twitter_misc":{"Estimated reading time":"2 minutes"},"schema":{"@context":"https:\/\/schema.org","@graph":[{"@type":"WebPage","@id":"https:\/\/lyckseledjurpark.se\/oppettider-och-priser\/","url":"https:\/\/lyckseledjurpark.se\/oppettider-och-priser\/","name":"\u00d6ppettider och priser - Planera ditt bes\u00f6k till Lycksele Djurpark","isPartOf":{"@id":"https:\/\/lyckseledjurpark.se\/en\/#website"},"primaryImageOfPage":{"@id":"https:\/\/lyckseledjurpark.se\/oppettider-och-priser\/#primaryimage"},"image":{"@id":"https:\/\/lyckseledjurpark.se\/oppettider-och-priser\/#primaryimage"},"thumbnailUrl":"https:\/\/lyckseledjurpark.se\/wp-content\/uploads\/2020\/03\/17558_lycksele_280-scaled-1-1024x683.jpg","datePublished":"2020-05-19T09:08:56+00:00","dateModified":"2026-03-18T09:58:20+00:00","description":"\u00d6ppettider och priser f\u00f6r Lycksele Djurpark 2024, med information om l\u00e5gs\u00e4song och h\u00f6gs\u00e4song samt biljettpriser f\u00f6r vuxna, barn och grupper.","breadcrumb":{"@id":"https:\/\/lyckseledjurpark.se\/oppettider-och-priser\/#breadcrumb"},"inLanguage":"en-GB","potentialAction":[{"@type":"ReadAction","target":["https:\/\/lyckseledjurpark.se\/oppettider-och-priser\/"]}]},{"@type":"ImageObject","inLanguage":"en-GB","@id":"https:\/\/lyckseledjurpark.se\/oppettider-och-priser\/#primaryimage","url":"https:\/\/lyckseledjurpark.se\/wp-content\/uploads\/2020\/03\/17558_lycksele_280-scaled-1-1024x683.jpg","contentUrl":"https:\/\/lyckseledjurpark.se\/wp-content\/uploads\/2020\/03\/17558_lycksele_280-scaled-1-1024x683.jpg"},{"@type":"BreadcrumbList","@id":"https:\/\/lyckseledjurpark.se\/oppettider-och-priser\/#breadcrumb","itemListElement":[{"@type":"ListItem","position":1,"name":"Hem","item":"https:\/\/lyckseledjurpark.se\/"},{"@type":"ListItem","position":2,"name":"\u00d6ppettider och priser"}]},{"@type":"WebSite","@id":"https:\/\/lyckseledjurpark.se\/en\/#website","url":"https:\/\/lyckseledjurpark.se\/en\/","name":"Lycksele Zoo","description":"Sveriges Nordligaste Djurpark","potentialAction":[{"@type":"SearchAction","target":{"@type":"EntryPoint","urlTemplate":"https:\/\/lyckseledjurpark.se\/en\/?s={search_term_string}"},"query-input":{"@type":"PropertyValueSpecification","valueRequired":true,"valueName":"search_term_string"}}],"inLanguage":"en-GB"}]}},"_links":{"self":[{"href":"https:\/\/lyckseledjurpark.se\/en\/wp-json\/wp\/v2\/pages\/2426","targetHints":{"allow":["GET"]}}],"collection":[{"href":"https:\/\/lyckseledjurpark.se\/en\/wp-json\/wp\/v2\/pages"}],"about":[{"href":"https:\/\/lyckseledjurpark.se\/en\/wp-json\/wp\/v2\/types\/page"}],"author":[{"embeddable":true,"href":"https:\/\/lyckseledjurpark.se\/en\/wp-json\/wp\/v2\/users\/1"}],"replies":[{"embeddable":true,"href":"https:\/\/lyckseledjurpark.se\/en\/wp-json\/wp\/v2\/comments?post=2426"}],"version-history":[{"count":387,"href":"https:\/\/lyckseledjurpark.se\/en\/wp-json\/wp\/v2\/pages\/2426\/revisions"}],"predecessor-version":[{"id":7053,"href":"https:\/\/lyckseledjurpark.se\/en\/wp-json\/wp\/v2\/pages\/2426\/revisions\/7053"}],"wp:attachment":[{"href":"https:\/\/lyckseledjurpark.se\/en\/wp-json\/wp\/v2\/media?parent=2426"}],"curies":[{"name":"wp","href":"https:\/\/api.w.org\/{rel}","templated":true}]}}