{"id":2240,"date":"2020-05-19T14:58:52","date_gmt":"2020-05-19T12:58:52","guid":{"rendered":"https:\/\/lyckseledjurpark.chillimedia.se\/?page_id=2240"},"modified":"2023-05-26T14:00:27","modified_gmt":"2023-05-26T12:00:27","slug":"digital-djurpark","status":"publish","type":"page","link":"https:\/\/lyckseledjurpark.se\/en\/digital-djurpark\/","title":{"rendered":"Digital Djurpark"},"content":{"rendered":"<div data-elementor-type=\"wp-page\" data-elementor-id=\"2240\" class=\"elementor elementor-2240\" data-elementor-post-type=\"page\">\n\t\t\t\t\t\t<section class=\"elementor-section elementor-top-section elementor-element elementor-element-1e36e2e3 elementor-section-stretched map-adj elementor-section-boxed elementor-section-height-default elementor-section-height-default\" data-id=\"1e36e2e3\" data-element_type=\"section\" data-e-type=\"section\" data-settings=\"{&quot;stretch_section&quot;:&quot;section-stretched&quot;,&quot;background_background&quot;:&quot;classic&quot;}\">\n\t\t\t\t\t\t<div class=\"elementor-container elementor-column-gap-no\">\n\t\t\t\t\t<div class=\"elementor-column elementor-col-100 elementor-top-column elementor-element elementor-element-3dd5ae79\" data-id=\"3dd5ae79\" data-element_type=\"column\" data-e-type=\"column\">\n\t\t\t<div class=\"elementor-widget-wrap elementor-element-populated\">\n\t\t\t\t\t\t<div class=\"elementor-element elementor-element-4ebdd9f3 elementor-widget elementor-widget-heading\" data-id=\"4ebdd9f3\" data-element_type=\"widget\" data-e-type=\"widget\" data-widget_type=\"heading.default\">\n\t\t\t\t<div class=\"elementor-widget-container\">\n\t\t\t\t\t<h5 class=\"elementor-heading-title elementor-size-default\">I samarbete med Ume\u00e5 universitet<\/h5>\t\t\t\t<\/div>\n\t\t\t\t<\/div>\n\t\t\t\t<div class=\"elementor-element elementor-element-56196555 elementor-widget elementor-widget-heading\" data-id=\"56196555\" data-element_type=\"widget\" data-e-type=\"widget\" data-widget_type=\"heading.default\">\n\t\t\t\t<div class=\"elementor-widget-container\">\n\t\t\t\t\t<h2 class=\"elementor-heading-title elementor-size-default\">Den digitala djurparken!<\/h2>\t\t\t\t<\/div>\n\t\t\t\t<\/div>\n\t\t\t\t<div class=\"elementor-element elementor-element-cd9eff8 elementor-view-default elementor-widget elementor-widget-icon\" data-id=\"cd9eff8\" data-element_type=\"widget\" data-e-type=\"widget\" data-widget_type=\"icon.default\">\n\t\t\t\t<div class=\"elementor-widget-container\">\n\t\t\t\t\t\t\t<div class=\"elementor-icon-wrapper\">\n\t\t\t<div class=\"elementor-icon\">\n\t\t\t<i aria-hidden=\"true\" class=\"winwood-icon- winwood-icon-title-decor\"><\/i>\t\t\t<\/div>\n\t\t<\/div>\n\t\t\t\t\t\t<\/div>\n\t\t\t\t<\/div>\n\t\t\t\t<section class=\"elementor-section elementor-inner-section elementor-element elementor-element-73fb54c0 elementor-section-boxed elementor-section-height-default elementor-section-height-default\" data-id=\"73fb54c0\" data-element_type=\"section\" data-e-type=\"section\" data-settings=\"{&quot;background_background&quot;:&quot;classic&quot;}\">\n\t\t\t\t\t\t<div class=\"elementor-container elementor-column-gap-default\">\n\t\t\t\t\t<div class=\"elementor-column elementor-col-50 elementor-inner-column elementor-element elementor-element-65ed5e19\" data-id=\"65ed5e19\" data-element_type=\"column\" data-e-type=\"column\">\n\t\t\t<div class=\"elementor-widget-wrap elementor-element-populated\">\n\t\t\t\t\t\t<div class=\"elementor-element elementor-element-558de1b img-mask elementor-widget elementor-widget-image\" data-id=\"558de1b\" data-element_type=\"widget\" data-e-type=\"widget\" data-widget_type=\"image.default\">\n\t\t\t\t<div class=\"elementor-widget-container\">\n\t\t\t\t\t\t\t\t\t\t\t\t\t\t\t<img fetchpriority=\"high\" decoding=\"async\" width=\"830\" height=\"632\" src=\"https:\/\/lyckseledjurpark.se\/wp-content\/uploads\/2020\/06\/digital-djurpark-830x632-1.jpg\" class=\"attachment-full size-full wp-image-3162\" alt=\"\" srcset=\"https:\/\/lyckseledjurpark.se\/wp-content\/uploads\/2020\/06\/digital-djurpark-830x632-1.jpg 830w, https:\/\/lyckseledjurpark.se\/wp-content\/uploads\/2020\/06\/digital-djurpark-830x632-1-300x228.jpg 300w, https:\/\/lyckseledjurpark.se\/wp-content\/uploads\/2020\/06\/digital-djurpark-830x632-1-768x585.jpg 768w\" sizes=\"(max-width: 830px) 100vw, 830px\" \/>\t\t\t\t\t\t\t\t\t\t\t\t\t\t\t<\/div>\n\t\t\t\t<\/div>\n\t\t\t\t\t<\/div>\n\t\t<\/div>\n\t\t\t\t<div class=\"elementor-column elementor-col-50 elementor-inner-column elementor-element elementor-element-6adac5fc\" data-id=\"6adac5fc\" data-element_type=\"column\" data-e-type=\"column\">\n\t\t\t<div class=\"elementor-widget-wrap elementor-element-populated\">\n\t\t\t\t\t\t<div class=\"elementor-element elementor-element-70fc7e4b elementor-widget elementor-widget-heading\" data-id=\"70fc7e4b\" data-element_type=\"widget\" data-e-type=\"widget\" data-widget_type=\"heading.default\">\n\t\t\t\t<div class=\"elementor-widget-container\">\n\t\t\t\t\t<h2 class=\"elementor-heading-title elementor-size-default\">V\u00e4lj djur<\/h2>\t\t\t\t<\/div>\n\t\t\t\t<\/div>\n\t\t\t\t<div class=\"elementor-element elementor-element-541f09ed elementor-widget__width-auto elementor-icon-list--layout-traditional elementor-widget elementor-widget-winwood-number-list\" data-id=\"541f09ed\" data-element_type=\"widget\" data-e-type=\"widget\" data-widget_type=\"winwood-number-list.default\">\n\t\t\t\t<div class=\"elementor-widget-container\">\n\t\t\t\t\t        <ul class=\"elementor-icon-list-items\">\n                            <li class=\"elementor-icon-list-item\">\n                    <a href=\"#\">                                            <div class=\"number-list\">\n                            <span class=\"number\">1<\/span>\n                        <\/div>\n                    \n                    <span class=\"elementor-number-list-text\">Bj\u00f6rn<\/span>\n                    <\/a>                <\/li>\n                            <li class=\"elementor-icon-list-item\">\n                    <a href=\"#\">                                            <div class=\"number-list\">\n                            <span class=\"number\">2<\/span>\n                        <\/div>\n                    \n                    <span class=\"elementor-number-list-text\">Wolverine<\/span>\n                    <\/a>                <\/li>\n                            <li class=\"elementor-icon-list-item\">\n                    <a href=\"#\">                                            <div class=\"number-list\">\n                            <span class=\"number\">3<\/span>\n                        <\/div>\n                    \n                    <span class=\"elementor-number-list-text\">Lynx<\/span>\n                    <\/a>                <\/li>\n                            <li class=\"elementor-icon-list-item\">\n                    <a href=\"#\">                                            <div class=\"number-list\">\n                            <span class=\"number\">4<\/span>\n                        <\/div>\n                    \n                    <span class=\"elementor-number-list-text\">Red Fox<\/span>\n                    <\/a>                <\/li>\n                            <li class=\"elementor-icon-list-item\">\n                    <a href=\"#\">                                            <div class=\"number-list\">\n                            <span class=\"number\">5<\/span>\n                        <\/div>\n                    \n                    <span class=\"elementor-number-list-text\">Wolf<\/span>\n                    <\/a>                <\/li>\n                    <\/ul>\n        \t\t\t\t<\/div>\n\t\t\t\t<\/div>\n\t\t\t\t<div class=\"elementor-element elementor-element-4f697720 elementor-widget__width-auto elementor-icon-list--layout-traditional elementor-widget elementor-widget-winwood-number-list\" data-id=\"4f697720\" data-element_type=\"widget\" data-e-type=\"widget\" data-widget_type=\"winwood-number-list.default\">\n\t\t\t\t<div class=\"elementor-widget-container\">\n\t\t\t\t\t        <ul class=\"elementor-icon-list-items\">\n                            <li class=\"elementor-icon-list-item\">\n                    <a href=\"#\">                                            <div class=\"number-list\">\n                            <span class=\"number\">9<\/span>\n                        <\/div>\n                    \n                    <span class=\"elementor-number-list-text\">Forest Reindeer<\/span>\n                    <\/a>                <\/li>\n                            <li class=\"elementor-icon-list-item\">\n                    <a href=\"#\">                                            <div class=\"number-list\">\n                            <span class=\"number\">10<\/span>\n                        <\/div>\n                    \n                    <span class=\"elementor-number-list-text\">Gute Sheep<\/span>\n                    <\/a>                <\/li>\n                            <li class=\"elementor-icon-list-item\">\n                    <a href=\"#\">                                            <div class=\"number-list\">\n                            <span class=\"number\">11<\/span>\n                        <\/div>\n                    \n                    <span class=\"elementor-number-list-text\">Gray Seal<\/span>\n                    <\/a>                <\/li>\n                            <li class=\"elementor-icon-list-item\">\n                    <a href=\"#\">                                            <div class=\"number-list\">\n                            <span class=\"number\">12<\/span>\n                        <\/div>\n                    \n                    <span class=\"elementor-number-list-text\">Fallow Deer<\/span>\n                    <\/a>                <\/li>\n                            <li class=\"elementor-icon-list-item\">\n                    <a href=\"#\">                                            <div class=\"number-list\">\n                            <span class=\"number\">13<\/span>\n                        <\/div>\n                    \n                    <span class=\"elementor-number-list-text\">Red Deer<\/span>\n                    <\/a>                <\/li>\n                    <\/ul>\n        \t\t\t\t<\/div>\n\t\t\t\t<\/div>\n\t\t\t\t\t<\/div>\n\t\t<\/div>\n\t\t\t\t\t<\/div>\n\t\t<\/section>\n\t\t\t\t\t<\/div>\n\t\t<\/div>\n\t\t\t\t\t<\/div>\n\t\t<\/section>\n\t\t\t\t<\/div>","protected":false},"excerpt":{"rendered":"<p>I samarbete med Ume\u00e5 universitet Den digitala djurparken! V\u00e4lj djur 1 Bj\u00f6rn 2 J\u00e4rv 3 Lodjur 4 R\u00f6dr\u00e4v 5 Varg 9 Skogsvildren 10 Gutef\u00e5r 11 Gr\u00e5s\u00e4l 12 Dovhjort 13 Kronhjort<\/p>","protected":false},"author":1,"featured_media":0,"parent":0,"menu_order":0,"comment_status":"closed","ping_status":"closed","template":"","meta":{"inline_featured_image":false,"footnotes":""},"class_list":["post-2240","page","type-page","status-publish","hentry"],"yoast_head":"<!-- This site is optimized with the Yoast SEO plugin v27.3 - https:\/\/yoast.com\/product\/yoast-seo-wordpress\/ -->\n<title>Digital Djurpark - Lycksele Djurpark<\/title>\n<meta name=\"robots\" content=\"index, follow, max-snippet:-1, max-image-preview:large, max-video-preview:-1\" \/>\n<link rel=\"canonical\" href=\"https:\/\/lyckseledjurpark.se\/en\/digital-djurpark\/\" \/>\n<meta property=\"og:locale\" content=\"en_GB\" \/>\n<meta property=\"og:type\" content=\"article\" \/>\n<meta property=\"og:title\" content=\"Digital Djurpark - Lycksele Djurpark\" \/>\n<meta property=\"og:description\" content=\"I samarbete med Ume\u00e5 universitet Den digitala djurparken! V\u00e4lj djur 1 Bj\u00f6rn 2 J\u00e4rv 3 Lodjur 4 R\u00f6dr\u00e4v 5 Varg 9 Skogsvildren 10 Gutef\u00e5r 11 Gr\u00e5s\u00e4l 12 Dovhjort 13 Kronhjort\" \/>\n<meta property=\"og:url\" content=\"https:\/\/lyckseledjurpark.se\/en\/digital-djurpark\/\" \/>\n<meta property=\"og:site_name\" content=\"Lycksele Djurpark\" \/>\n<meta property=\"article:publisher\" content=\"https:\/\/www.facebook.com\/LyckseleDjurparkAB\/\" \/>\n<meta property=\"article:modified_time\" content=\"2023-05-26T12:00:27+00:00\" \/>\n<meta property=\"og:image\" content=\"http:\/\/media.lyckseledjurpark.se\/2020\/06\/digital-djurpark-830x632-1.jpg\" \/>\n<meta name=\"twitter:card\" content=\"summary_large_image\" \/>\n<script type=\"application\/ld+json\" class=\"yoast-schema-graph\">{\"@context\":\"https:\\\/\\\/schema.org\",\"@graph\":[{\"@type\":\"WebPage\",\"@id\":\"https:\\\/\\\/lyckseledjurpark.se\\\/digital-djurpark\\\/\",\"url\":\"https:\\\/\\\/lyckseledjurpark.se\\\/digital-djurpark\\\/\",\"name\":\"Digital Djurpark - Lycksele Djurpark\",\"isPartOf\":{\"@id\":\"https:\\\/\\\/lyckseledjurpark.se\\\/en\\\/#website\"},\"primaryImageOfPage\":{\"@id\":\"https:\\\/\\\/lyckseledjurpark.se\\\/digital-djurpark\\\/#primaryimage\"},\"image\":{\"@id\":\"https:\\\/\\\/lyckseledjurpark.se\\\/digital-djurpark\\\/#primaryimage\"},\"thumbnailUrl\":\"http:\\\/\\\/media.lyckseledjurpark.se\\\/2020\\\/06\\\/digital-djurpark-830x632-1.jpg\",\"datePublished\":\"2020-05-19T12:58:52+00:00\",\"dateModified\":\"2023-05-26T12:00:27+00:00\",\"breadcrumb\":{\"@id\":\"https:\\\/\\\/lyckseledjurpark.se\\\/digital-djurpark\\\/#breadcrumb\"},\"inLanguage\":\"en-GB\",\"potentialAction\":[{\"@type\":\"ReadAction\",\"target\":[\"https:\\\/\\\/lyckseledjurpark.se\\\/digital-djurpark\\\/\"]}]},{\"@type\":\"ImageObject\",\"inLanguage\":\"en-GB\",\"@id\":\"https:\\\/\\\/lyckseledjurpark.se\\\/digital-djurpark\\\/#primaryimage\",\"url\":\"http:\\\/\\\/media.lyckseledjurpark.se\\\/2020\\\/06\\\/digital-djurpark-830x632-1.jpg\",\"contentUrl\":\"http:\\\/\\\/media.lyckseledjurpark.se\\\/2020\\\/06\\\/digital-djurpark-830x632-1.jpg\"},{\"@type\":\"BreadcrumbList\",\"@id\":\"https:\\\/\\\/lyckseledjurpark.se\\\/digital-djurpark\\\/#breadcrumb\",\"itemListElement\":[{\"@type\":\"ListItem\",\"position\":1,\"name\":\"Hem\",\"item\":\"https:\\\/\\\/lyckseledjurpark.se\\\/\"},{\"@type\":\"ListItem\",\"position\":2,\"name\":\"Digital Djurpark\"}]},{\"@type\":\"WebSite\",\"@id\":\"https:\\\/\\\/lyckseledjurpark.se\\\/en\\\/#website\",\"url\":\"https:\\\/\\\/lyckseledjurpark.se\\\/en\\\/\",\"name\":\"Lycksele Djurpark\",\"description\":\" Sveriges Nordligaste Djurpark\",\"potentialAction\":[{\"@type\":\"SearchAction\",\"target\":{\"@type\":\"EntryPoint\",\"urlTemplate\":\"https:\\\/\\\/lyckseledjurpark.se\\\/en\\\/?s={search_term_string}\"},\"query-input\":{\"@type\":\"PropertyValueSpecification\",\"valueRequired\":true,\"valueName\":\"search_term_string\"}}],\"inLanguage\":\"en-GB\"}]}<\/script>\n<!-- \/ Yoast SEO plugin. -->","yoast_head_json":{"title":"Digital Djurpark - Lycksele Djurpark","robots":{"index":"index","follow":"follow","max-snippet":"max-snippet:-1","max-image-preview":"max-image-preview:large","max-video-preview":"max-video-preview:-1"},"canonical":"https:\/\/lyckseledjurpark.se\/en\/digital-djurpark\/","og_locale":"en_GB","og_type":"article","og_title":"Digital Djurpark - Lycksele Djurpark","og_description":"I samarbete med Ume\u00e5 universitet Den digitala djurparken! V\u00e4lj djur 1 Bj\u00f6rn 2 J\u00e4rv 3 Lodjur 4 R\u00f6dr\u00e4v 5 Varg 9 Skogsvildren 10 Gutef\u00e5r 11 Gr\u00e5s\u00e4l 12 Dovhjort 13 Kronhjort","og_url":"https:\/\/lyckseledjurpark.se\/en\/digital-djurpark\/","og_site_name":"Lycksele Djurpark","article_publisher":"https:\/\/www.facebook.com\/LyckseleDjurparkAB\/","article_modified_time":"2023-05-26T12:00:27+00:00","og_image":[{"url":"http:\/\/media.lyckseledjurpark.se\/2020\/06\/digital-djurpark-830x632-1.jpg","type":"","width":"","height":""}],"twitter_card":"summary_large_image","schema":{"@context":"https:\/\/schema.org","@graph":[{"@type":"WebPage","@id":"https:\/\/lyckseledjurpark.se\/digital-djurpark\/","url":"https:\/\/lyckseledjurpark.se\/digital-djurpark\/","name":"Digital Djurpark - Lycksele Djurpark","isPartOf":{"@id":"https:\/\/lyckseledjurpark.se\/en\/#website"},"primaryImageOfPage":{"@id":"https:\/\/lyckseledjurpark.se\/digital-djurpark\/#primaryimage"},"image":{"@id":"https:\/\/lyckseledjurpark.se\/digital-djurpark\/#primaryimage"},"thumbnailUrl":"http:\/\/media.lyckseledjurpark.se\/2020\/06\/digital-djurpark-830x632-1.jpg","datePublished":"2020-05-19T12:58:52+00:00","dateModified":"2023-05-26T12:00:27+00:00","breadcrumb":{"@id":"https:\/\/lyckseledjurpark.se\/digital-djurpark\/#breadcrumb"},"inLanguage":"en-GB","potentialAction":[{"@type":"ReadAction","target":["https:\/\/lyckseledjurpark.se\/digital-djurpark\/"]}]},{"@type":"ImageObject","inLanguage":"en-GB","@id":"https:\/\/lyckseledjurpark.se\/digital-djurpark\/#primaryimage","url":"http:\/\/media.lyckseledjurpark.se\/2020\/06\/digital-djurpark-830x632-1.jpg","contentUrl":"http:\/\/media.lyckseledjurpark.se\/2020\/06\/digital-djurpark-830x632-1.jpg"},{"@type":"BreadcrumbList","@id":"https:\/\/lyckseledjurpark.se\/digital-djurpark\/#breadcrumb","itemListElement":[{"@type":"ListItem","position":1,"name":"Hem","item":"https:\/\/lyckseledjurpark.se\/"},{"@type":"ListItem","position":2,"name":"Digital Djurpark"}]},{"@type":"WebSite","@id":"https:\/\/lyckseledjurpark.se\/en\/#website","url":"https:\/\/lyckseledjurpark.se\/en\/","name":"Lycksele Zoo","description":"Sveriges Nordligaste Djurpark","potentialAction":[{"@type":"SearchAction","target":{"@type":"EntryPoint","urlTemplate":"https:\/\/lyckseledjurpark.se\/en\/?s={search_term_string}"},"query-input":{"@type":"PropertyValueSpecification","valueRequired":true,"valueName":"search_term_string"}}],"inLanguage":"en-GB"}]}},"_links":{"self":[{"href":"https:\/\/lyckseledjurpark.se\/en\/wp-json\/wp\/v2\/pages\/2240","targetHints":{"allow":["GET"]}}],"collection":[{"href":"https:\/\/lyckseledjurpark.se\/en\/wp-json\/wp\/v2\/pages"}],"about":[{"href":"https:\/\/lyckseledjurpark.se\/en\/wp-json\/wp\/v2\/types\/page"}],"author":[{"embeddable":true,"href":"https:\/\/lyckseledjurpark.se\/en\/wp-json\/wp\/v2\/users\/1"}],"replies":[{"embeddable":true,"href":"https:\/\/lyckseledjurpark.se\/en\/wp-json\/wp\/v2\/comments?post=2240"}],"version-history":[{"count":9,"href":"https:\/\/lyckseledjurpark.se\/en\/wp-json\/wp\/v2\/pages\/2240\/revisions"}],"predecessor-version":[{"id":3170,"href":"https:\/\/lyckseledjurpark.se\/en\/wp-json\/wp\/v2\/pages\/2240\/revisions\/3170"}],"wp:attachment":[{"href":"https:\/\/lyckseledjurpark.se\/en\/wp-json\/wp\/v2\/media?parent=2240"}],"curies":[{"name":"wp","href":"https:\/\/api.w.org\/{rel}","templated":true}]}}