{"id":2219,"date":"2020-05-19T14:34:42","date_gmt":"2020-05-19T12:34:42","guid":{"rendered":"https:\/\/lyckseledjurpark.chillimedia.se\/?page_id=2219"},"modified":"2026-03-12T09:16:09","modified_gmt":"2026-03-12T08:16:09","slug":"brum-brums-gard","status":"publish","type":"page","link":"https:\/\/lyckseledjurpark.se\/en\/brum-brums-gard\/","title":{"rendered":"Brum-Brums farm"},"content":{"rendered":"<div data-elementor-type=\"wp-page\" data-elementor-id=\"2219\" class=\"elementor elementor-2219\" data-elementor-post-type=\"page\">\n\t\t\t\t\t\t<section class=\"elementor-section elementor-top-section elementor-element elementor-element-68c939c6 elementor-section-stretched elementor-reverse-tablet elementor-reverse-mobile elementor-section-boxed elementor-section-height-default elementor-section-height-default\" data-id=\"68c939c6\" data-element_type=\"section\" data-e-type=\"section\" data-settings=\"{&quot;stretch_section&quot;:&quot;section-stretched&quot;}\">\n\t\t\t\t\t\t<div class=\"elementor-container elementor-column-gap-no\">\n\t\t\t\t\t<div class=\"elementor-column elementor-col-33 elementor-top-column elementor-element elementor-element-55a1f954\" data-id=\"55a1f954\" data-element_type=\"column\" data-e-type=\"column\">\n\t\t\t<div class=\"elementor-widget-wrap elementor-element-populated\">\n\t\t\t\t\t\t<div class=\"elementor-element elementor-element-aee4a12 img-mask elementor-widget elementor-widget-image\" data-id=\"aee4a12\" data-element_type=\"widget\" data-e-type=\"widget\" data-widget_type=\"image.default\">\n\t\t\t\t<div class=\"elementor-widget-container\">\n\t\t\t\t\t\t\t\t\t\t\t\t\t\t\t<img fetchpriority=\"high\" decoding=\"async\" width=\"630\" height=\"630\" src=\"https:\/\/lyckseledjurpark.se\/wp-content\/uploads\/2020\/06\/barnens-dp-630x630-1.jpg\" class=\"attachment-full size-full wp-image-3199\" alt=\"Barnens djurpark\" srcset=\"https:\/\/lyckseledjurpark.se\/wp-content\/uploads\/2020\/06\/barnens-dp-630x630-1.jpg 630w, https:\/\/lyckseledjurpark.se\/wp-content\/uploads\/2020\/06\/barnens-dp-630x630-1-300x300.jpg 300w, https:\/\/lyckseledjurpark.se\/wp-content\/uploads\/2020\/06\/barnens-dp-630x630-1-150x150.jpg 150w\" sizes=\"(max-width: 630px) 100vw, 630px\" \/>\t\t\t\t\t\t\t\t\t\t\t\t\t\t\t<\/div>\n\t\t\t\t<\/div>\n\t\t\t\t\t<\/div>\n\t\t<\/div>\n\t\t\t\t<div class=\"elementor-column elementor-col-66 elementor-top-column elementor-element elementor-element-347c7824\" data-id=\"347c7824\" data-element_type=\"column\" data-e-type=\"column\">\n\t\t\t<div class=\"elementor-widget-wrap elementor-element-populated\">\n\t\t\t\t\t\t<div class=\"elementor-element elementor-element-48722859 elementor-widget elementor-widget-heading\" data-id=\"48722859\" data-element_type=\"widget\" data-e-type=\"widget\" data-widget_type=\"heading.default\">\n\t\t\t\t<div class=\"elementor-widget-container\">\n\t\t\t\t\t<h2 class=\"elementor-heading-title elementor-size-default\">Visit Brum-brums farm! <\/h2>\t\t\t\t<\/div>\n\t\t\t\t<\/div>\n\t\t\t\t<div class=\"elementor-element elementor-element-568f227 elementor-widget elementor-widget-html\" data-id=\"568f227\" data-element_type=\"widget\" data-e-type=\"widget\" data-widget_type=\"html.default\">\n\t\t\t\t<div class=\"elementor-widget-container\">\n\t\t\t\t\t<h3>During our low season, the animals are moved into the stable since it's too cold outside during the winter. <\/h3>\n\n<p>Under v\u00e5r h\u00f6gs\u00e4song kan du p\u00e5 Brum-Brums g\u00e5rd verkligen komma i n\u00e4rkontakt med husdjuren. Du kan g\u00e5 in till djuren och t.ex. klappa en get. Brum-Brums g\u00e5rd \u00e4r anpassad f\u00f6r dig med funktionsvariation.<\/p>\n\n<p>There are also lots of other activities. You can climb in the spider web, run a race against an \"animal\" (race track), or jump as far as an animal.<\/p>\n\n<p>At Brum-Brums farm you can find the following animals: goats, rabbits, chickens, pigs and guinea pigs.<\/p><br>\t\t\t\t<\/div>\n\t\t\t\t<\/div>\n\t\t\t\t<div class=\"elementor-element elementor-element-5974a4e elementor-invisible elementor-widget elementor-widget-gallery\" data-id=\"5974a4e\" data-element_type=\"widget\" data-e-type=\"widget\" data-settings=\"{&quot;columns&quot;:2,&quot;gap&quot;:{&quot;unit&quot;:&quot;px&quot;,&quot;size&quot;:12,&quot;sizes&quot;:[]},&quot;aspect_ratio&quot;:&quot;16:9&quot;,&quot;_animation&quot;:&quot;fadeIn&quot;,&quot;lazyload&quot;:&quot;yes&quot;,&quot;gallery_layout&quot;:&quot;grid&quot;,&quot;columns_tablet&quot;:2,&quot;columns_mobile&quot;:1,&quot;gap_tablet&quot;:{&quot;unit&quot;:&quot;px&quot;,&quot;size&quot;:10,&quot;sizes&quot;:[]},&quot;gap_mobile&quot;:{&quot;unit&quot;:&quot;px&quot;,&quot;size&quot;:10,&quot;sizes&quot;:[]},&quot;link_to&quot;:&quot;file&quot;,&quot;overlay_background&quot;:&quot;yes&quot;,&quot;content_hover_animation&quot;:&quot;fade-in&quot;}\" data-widget_type=\"gallery.default\">\n\t\t\t\t<div class=\"elementor-widget-container\">\n\t\t\t\t\t\t\t<div class=\"elementor-gallery__container\">\n\t\t\t\t\t\t\t<a class=\"e-gallery-item elementor-gallery-item elementor-animated-content\" href=\"https:\/\/lyckseledjurpark.se\/wp-content\/uploads\/2020\/03\/Barnensdjurpark-1.jpg\" data-elementor-open-lightbox=\"yes\" data-elementor-lightbox-slideshow=\"5974a4e\" data-elementor-lightbox-title=\"Barnens djurpark\" data-e-action-hash=\"#elementor-action%3Aaction%3Dlightbox%26settings%3DeyJpZCI6MjkwNiwidXJsIjoiaHR0cHM6XC9cL2x5Y2tzZWxlZGp1cnBhcmsuc2VcL3dwLWNvbnRlbnRcL3VwbG9hZHNcLzIwMjBcLzAzXC9CYXJuZW5zZGp1cnBhcmstMS5qcGciLCJzbGlkZXNob3ciOiI1OTc0YTRlIn0%3D\">\n\t\t\t\t\t<div class=\"e-gallery-image elementor-gallery-item__image\" data-thumbnail=\"https:\/\/lyckseledjurpark.se\/wp-content\/uploads\/2020\/03\/Barnensdjurpark-1.jpg\" data-width=\"650\" data-height=\"325\" aria-label=\"\" role=\"img\" ><\/div>\n\t\t\t\t\t\t\t\t\t\t\t<div class=\"elementor-gallery-item__overlay\"><\/div>\n\t\t\t\t\t\t\t\t\t\t\t\t\t\t<\/a>\n\t\t\t\t\t\t\t<a class=\"e-gallery-item elementor-gallery-item elementor-animated-content\" href=\"https:\/\/lyckseledjurpark.se\/wp-content\/uploads\/2020\/03\/20210702_082439-scaled-e1683715657775.jpg\" data-elementor-open-lightbox=\"yes\" data-elementor-lightbox-slideshow=\"5974a4e\" data-elementor-lightbox-title=\"Barnensdjurpark-2\" data-e-action-hash=\"#elementor-action%3Aaction%3Dlightbox%26settings%3DeyJpZCI6NTMzNywidXJsIjoiaHR0cHM6XC9cL2x5Y2tzZWxlZGp1cnBhcmsuc2VcL3dwLWNvbnRlbnRcL3VwbG9hZHNcLzIwMjBcLzAzXC8yMDIxMDcwMl8wODI0Mzktc2NhbGVkLWUxNjgzNzE1NjU3Nzc1LmpwZyIsInNsaWRlc2hvdyI6IjU5NzRhNGUifQ%3D%3D\">\n\t\t\t\t\t<div class=\"e-gallery-image elementor-gallery-item__image\" data-thumbnail=\"https:\/\/lyckseledjurpark.se\/wp-content\/uploads\/2020\/03\/20210702_082439-scaled-e1683715657775.jpg\" data-width=\"650\" data-height=\"325\" aria-label=\"\" role=\"img\" ><\/div>\n\t\t\t\t\t\t\t\t\t\t\t<div class=\"elementor-gallery-item__overlay\"><\/div>\n\t\t\t\t\t\t\t\t\t\t\t\t\t\t<\/a>\n\t\t\t\t\t<\/div>\n\t\t\t\t\t<\/div>\n\t\t\t\t<\/div>\n\t\t\t\t\t<\/div>\n\t\t<\/div>\n\t\t\t\t\t<\/div>\n\t\t<\/section>\n\t\t\t\t<\/div>","protected":false},"excerpt":{"rendered":"<p>Bes\u00f6k Brum-Brums g\u00e5rd! Under v\u00e5r l\u00e5gs\u00e4song flyttar djuren i stallet eftersom det \u00e4r f\u00f6r kallt ute under vintern. Under v\u00e5r h\u00f6gs\u00e4song kan du p\u00e5 Brum-Brums g\u00e5rd verkligen komma i n\u00e4rkontakt med husdjuren. Du kan g\u00e5 in till djuren och t.ex. klappa en get. Brum-Brums g\u00e5rd \u00e4r anpassad f\u00f6r dig med funktionsvariation. Det finns ocks\u00e5 en [&hellip;]<\/p>\n","protected":false},"author":1,"featured_media":0,"parent":0,"menu_order":0,"comment_status":"closed","ping_status":"closed","template":"elementor_header_footer","meta":{"inline_featured_image":false,"footnotes":""},"class_list":["post-2219","page","type-page","status-publish","hentry"],"yoast_head":"<!-- This site is optimized with the Yoast SEO plugin v27.3 - https:\/\/yoast.com\/product\/yoast-seo-wordpress\/ -->\n<title>Bes\u00f6k Brum-Brums g\u00e5rd och alla djur p\u00e5 Lycksele Djurpark<\/title>\n<meta name=\"description\" content=\"Bes\u00f6k Brum-Brums g\u00e5rd och upplev husdjuren p\u00e5 n\u00e4rmare h\u00e5ll under vintern. Klappa djuren och delta i roliga aktiviteter tillsammans.\" \/>\n<meta name=\"robots\" content=\"index, follow, max-snippet:-1, max-image-preview:large, max-video-preview:-1\" \/>\n<link rel=\"canonical\" href=\"https:\/\/lyckseledjurpark.se\/en\/brum-brums-gard\/\" \/>\n<meta property=\"og:locale\" content=\"en_GB\" \/>\n<meta property=\"og:type\" content=\"article\" \/>\n<meta property=\"og:title\" content=\"Bes\u00f6k Brum-Brums g\u00e5rd och alla djur p\u00e5 Lycksele Djurpark\" \/>\n<meta property=\"og:description\" content=\"Bes\u00f6k Brum-Brums g\u00e5rd och upplev husdjuren p\u00e5 n\u00e4rmare h\u00e5ll under vintern. Klappa djuren och delta i roliga aktiviteter tillsammans.\" \/>\n<meta property=\"og:url\" content=\"https:\/\/lyckseledjurpark.se\/en\/brum-brums-gard\/\" \/>\n<meta property=\"og:site_name\" content=\"Lycksele Djurpark\" \/>\n<meta property=\"article:publisher\" content=\"https:\/\/www.facebook.com\/LyckseleDjurparkAB\/\" \/>\n<meta property=\"article:modified_time\" content=\"2026-03-12T08:16:09+00:00\" \/>\n<meta property=\"og:image\" content=\"https:\/\/lyckseledjurpark.se\/wp-content\/uploads\/2020\/06\/barnens-dp-630x630-1.jpg\" \/>\n\t<meta property=\"og:image:width\" content=\"630\" \/>\n\t<meta property=\"og:image:height\" content=\"630\" \/>\n\t<meta property=\"og:image:type\" content=\"image\/jpeg\" \/>\n<meta name=\"twitter:card\" content=\"summary_large_image\" \/>\n<meta name=\"twitter:label1\" content=\"Estimated reading time\" \/>\n\t<meta name=\"twitter:data1\" content=\"1 minute\" \/>\n<script type=\"application\/ld+json\" class=\"yoast-schema-graph\">{\"@context\":\"https:\\\/\\\/schema.org\",\"@graph\":[{\"@type\":\"WebPage\",\"@id\":\"https:\\\/\\\/lyckseledjurpark.se\\\/brum-brums-gard\\\/\",\"url\":\"https:\\\/\\\/lyckseledjurpark.se\\\/brum-brums-gard\\\/\",\"name\":\"Bes\u00f6k Brum-Brums g\u00e5rd och alla djur p\u00e5 Lycksele Djurpark\",\"isPartOf\":{\"@id\":\"https:\\\/\\\/lyckseledjurpark.se\\\/en\\\/#website\"},\"primaryImageOfPage\":{\"@id\":\"https:\\\/\\\/lyckseledjurpark.se\\\/brum-brums-gard\\\/#primaryimage\"},\"image\":{\"@id\":\"https:\\\/\\\/lyckseledjurpark.se\\\/brum-brums-gard\\\/#primaryimage\"},\"thumbnailUrl\":\"https:\\\/\\\/lyckseledjurpark.se\\\/wp-content\\\/uploads\\\/2020\\\/06\\\/barnens-dp-630x630-1.jpg\",\"datePublished\":\"2020-05-19T12:34:42+00:00\",\"dateModified\":\"2026-03-12T08:16:09+00:00\",\"description\":\"Bes\u00f6k Brum-Brums g\u00e5rd och upplev husdjuren p\u00e5 n\u00e4rmare h\u00e5ll under vintern. Klappa djuren och delta i roliga aktiviteter tillsammans.\",\"breadcrumb\":{\"@id\":\"https:\\\/\\\/lyckseledjurpark.se\\\/brum-brums-gard\\\/#breadcrumb\"},\"inLanguage\":\"en-GB\",\"potentialAction\":[{\"@type\":\"ReadAction\",\"target\":[\"https:\\\/\\\/lyckseledjurpark.se\\\/brum-brums-gard\\\/\"]}]},{\"@type\":\"ImageObject\",\"inLanguage\":\"en-GB\",\"@id\":\"https:\\\/\\\/lyckseledjurpark.se\\\/brum-brums-gard\\\/#primaryimage\",\"url\":\"https:\\\/\\\/lyckseledjurpark.se\\\/wp-content\\\/uploads\\\/2020\\\/06\\\/barnens-dp-630x630-1.jpg\",\"contentUrl\":\"https:\\\/\\\/lyckseledjurpark.se\\\/wp-content\\\/uploads\\\/2020\\\/06\\\/barnens-dp-630x630-1.jpg\"},{\"@type\":\"BreadcrumbList\",\"@id\":\"https:\\\/\\\/lyckseledjurpark.se\\\/brum-brums-gard\\\/#breadcrumb\",\"itemListElement\":[{\"@type\":\"ListItem\",\"position\":1,\"name\":\"Hem\",\"item\":\"https:\\\/\\\/lyckseledjurpark.se\\\/\"},{\"@type\":\"ListItem\",\"position\":2,\"name\":\"Brum-Brums g\u00e5rd\"}]},{\"@type\":\"WebSite\",\"@id\":\"https:\\\/\\\/lyckseledjurpark.se\\\/en\\\/#website\",\"url\":\"https:\\\/\\\/lyckseledjurpark.se\\\/en\\\/\",\"name\":\"Lycksele Djurpark\",\"description\":\" Sveriges Nordligaste Djurpark\",\"potentialAction\":[{\"@type\":\"SearchAction\",\"target\":{\"@type\":\"EntryPoint\",\"urlTemplate\":\"https:\\\/\\\/lyckseledjurpark.se\\\/en\\\/?s={search_term_string}\"},\"query-input\":{\"@type\":\"PropertyValueSpecification\",\"valueRequired\":true,\"valueName\":\"search_term_string\"}}],\"inLanguage\":\"en-GB\"}]}<\/script>\n<!-- \/ Yoast SEO plugin. -->","yoast_head_json":{"title":"Bes\u00f6k Brum-Brums g\u00e5rd och alla djur p\u00e5 Lycksele Djurpark","description":"Bes\u00f6k Brum-Brums g\u00e5rd och upplev husdjuren p\u00e5 n\u00e4rmare h\u00e5ll under vintern. Klappa djuren och delta i roliga aktiviteter tillsammans.","robots":{"index":"index","follow":"follow","max-snippet":"max-snippet:-1","max-image-preview":"max-image-preview:large","max-video-preview":"max-video-preview:-1"},"canonical":"https:\/\/lyckseledjurpark.se\/en\/brum-brums-gard\/","og_locale":"en_GB","og_type":"article","og_title":"Bes\u00f6k Brum-Brums g\u00e5rd och alla djur p\u00e5 Lycksele Djurpark","og_description":"Bes\u00f6k Brum-Brums g\u00e5rd och upplev husdjuren p\u00e5 n\u00e4rmare h\u00e5ll under vintern. Klappa djuren och delta i roliga aktiviteter tillsammans.","og_url":"https:\/\/lyckseledjurpark.se\/en\/brum-brums-gard\/","og_site_name":"Lycksele Djurpark","article_publisher":"https:\/\/www.facebook.com\/LyckseleDjurparkAB\/","article_modified_time":"2026-03-12T08:16:09+00:00","og_image":[{"width":630,"height":630,"url":"https:\/\/lyckseledjurpark.se\/wp-content\/uploads\/2020\/06\/barnens-dp-630x630-1.jpg","type":"image\/jpeg"}],"twitter_card":"summary_large_image","twitter_misc":{"Estimated reading time":"1 minute"},"schema":{"@context":"https:\/\/schema.org","@graph":[{"@type":"WebPage","@id":"https:\/\/lyckseledjurpark.se\/brum-brums-gard\/","url":"https:\/\/lyckseledjurpark.se\/brum-brums-gard\/","name":"Bes\u00f6k Brum-Brums g\u00e5rd och alla djur p\u00e5 Lycksele Djurpark","isPartOf":{"@id":"https:\/\/lyckseledjurpark.se\/en\/#website"},"primaryImageOfPage":{"@id":"https:\/\/lyckseledjurpark.se\/brum-brums-gard\/#primaryimage"},"image":{"@id":"https:\/\/lyckseledjurpark.se\/brum-brums-gard\/#primaryimage"},"thumbnailUrl":"https:\/\/lyckseledjurpark.se\/wp-content\/uploads\/2020\/06\/barnens-dp-630x630-1.jpg","datePublished":"2020-05-19T12:34:42+00:00","dateModified":"2026-03-12T08:16:09+00:00","description":"Bes\u00f6k Brum-Brums g\u00e5rd och upplev husdjuren p\u00e5 n\u00e4rmare h\u00e5ll under vintern. Klappa djuren och delta i roliga aktiviteter tillsammans.","breadcrumb":{"@id":"https:\/\/lyckseledjurpark.se\/brum-brums-gard\/#breadcrumb"},"inLanguage":"en-GB","potentialAction":[{"@type":"ReadAction","target":["https:\/\/lyckseledjurpark.se\/brum-brums-gard\/"]}]},{"@type":"ImageObject","inLanguage":"en-GB","@id":"https:\/\/lyckseledjurpark.se\/brum-brums-gard\/#primaryimage","url":"https:\/\/lyckseledjurpark.se\/wp-content\/uploads\/2020\/06\/barnens-dp-630x630-1.jpg","contentUrl":"https:\/\/lyckseledjurpark.se\/wp-content\/uploads\/2020\/06\/barnens-dp-630x630-1.jpg"},{"@type":"BreadcrumbList","@id":"https:\/\/lyckseledjurpark.se\/brum-brums-gard\/#breadcrumb","itemListElement":[{"@type":"ListItem","position":1,"name":"Hem","item":"https:\/\/lyckseledjurpark.se\/"},{"@type":"ListItem","position":2,"name":"Brum-Brums g\u00e5rd"}]},{"@type":"WebSite","@id":"https:\/\/lyckseledjurpark.se\/en\/#website","url":"https:\/\/lyckseledjurpark.se\/en\/","name":"Lycksele Zoo","description":"Sveriges Nordligaste Djurpark","potentialAction":[{"@type":"SearchAction","target":{"@type":"EntryPoint","urlTemplate":"https:\/\/lyckseledjurpark.se\/en\/?s={search_term_string}"},"query-input":{"@type":"PropertyValueSpecification","valueRequired":true,"valueName":"search_term_string"}}],"inLanguage":"en-GB"}]}},"_links":{"self":[{"href":"https:\/\/lyckseledjurpark.se\/en\/wp-json\/wp\/v2\/pages\/2219","targetHints":{"allow":["GET"]}}],"collection":[{"href":"https:\/\/lyckseledjurpark.se\/en\/wp-json\/wp\/v2\/pages"}],"about":[{"href":"https:\/\/lyckseledjurpark.se\/en\/wp-json\/wp\/v2\/types\/page"}],"author":[{"embeddable":true,"href":"https:\/\/lyckseledjurpark.se\/en\/wp-json\/wp\/v2\/users\/1"}],"replies":[{"embeddable":true,"href":"https:\/\/lyckseledjurpark.se\/en\/wp-json\/wp\/v2\/comments?post=2219"}],"version-history":[{"count":46,"href":"https:\/\/lyckseledjurpark.se\/en\/wp-json\/wp\/v2\/pages\/2219\/revisions"}],"predecessor-version":[{"id":7039,"href":"https:\/\/lyckseledjurpark.se\/en\/wp-json\/wp\/v2\/pages\/2219\/revisions\/7039"}],"wp:attachment":[{"href":"https:\/\/lyckseledjurpark.se\/en\/wp-json\/wp\/v2\/media?parent=2219"}],"curies":[{"name":"wp","href":"https:\/\/api.w.org\/{rel}","templated":true}]}}