{"id":2215,"date":"2020-05-19T14:28:07","date_gmt":"2020-05-19T12:28:07","guid":{"rendered":"https:\/\/lyckseledjurpark.chillimedia.se\/?page_id=2215"},"modified":"2024-10-22T16:49:10","modified_gmt":"2024-10-22T14:49:10","slug":"leklandet","status":"publish","type":"page","link":"https:\/\/lyckseledjurpark.se\/en\/leklandet\/","title":{"rendered":"Playground"},"content":{"rendered":"<div data-elementor-type=\"wp-page\" data-elementor-id=\"2215\" class=\"elementor elementor-2215\" data-elementor-post-type=\"page\">\n\t\t\t\t\t\t<section class=\"elementor-section elementor-top-section elementor-element elementor-element-76476ada elementor-section-stretched elementor-reverse-tablet elementor-reverse-mobile elementor-section-boxed elementor-section-height-default elementor-section-height-default\" data-id=\"76476ada\" data-element_type=\"section\" data-e-type=\"section\" data-settings=\"{&quot;stretch_section&quot;:&quot;section-stretched&quot;}\">\n\t\t\t\t\t\t<div class=\"elementor-container elementor-column-gap-no\">\n\t\t\t\t\t<div class=\"elementor-column elementor-col-33 elementor-top-column elementor-element elementor-element-2cb002c7\" data-id=\"2cb002c7\" data-element_type=\"column\" data-e-type=\"column\">\n\t\t\t<div class=\"elementor-widget-wrap elementor-element-populated\">\n\t\t\t\t\t\t<div class=\"elementor-element elementor-element-456ffbd7 img-mask animated-slow elementor-invisible elementor-widget elementor-widget-image\" data-id=\"456ffbd7\" data-element_type=\"widget\" data-e-type=\"widget\" data-settings=\"{&quot;_animation&quot;:&quot;fadeIn&quot;}\" data-widget_type=\"image.default\">\n\t\t\t\t<div class=\"elementor-widget-container\">\n\t\t\t\t\t\t\t\t\t\t\t\t\t\t\t<img fetchpriority=\"high\" decoding=\"async\" width=\"650\" height=\"650\" src=\"https:\/\/lyckseledjurpark.se\/wp-content\/uploads\/2020\/03\/lyckseledjurpark-webb_38square.jpg\" class=\"attachment-full size-full wp-image-6345\" alt=\"\" srcset=\"https:\/\/lyckseledjurpark.se\/wp-content\/uploads\/2020\/03\/lyckseledjurpark-webb_38square.jpg 650w, https:\/\/lyckseledjurpark.se\/wp-content\/uploads\/2020\/03\/lyckseledjurpark-webb_38square-300x300.jpg 300w, https:\/\/lyckseledjurpark.se\/wp-content\/uploads\/2020\/03\/lyckseledjurpark-webb_38square-150x150.jpg 150w, https:\/\/lyckseledjurpark.se\/wp-content\/uploads\/2020\/03\/lyckseledjurpark-webb_38square-12x12.jpg 12w\" sizes=\"(max-width: 650px) 100vw, 650px\" \/>\t\t\t\t\t\t\t\t\t\t\t\t\t\t\t<\/div>\n\t\t\t\t<\/div>\n\t\t\t\t\t<\/div>\n\t\t<\/div>\n\t\t\t\t<div class=\"elementor-column elementor-col-66 elementor-top-column elementor-element elementor-element-37511293\" data-id=\"37511293\" data-element_type=\"column\" data-e-type=\"column\">\n\t\t\t<div class=\"elementor-widget-wrap elementor-element-populated\">\n\t\t\t\t\t\t<div class=\"elementor-element elementor-element-41074e18 elementor-widget elementor-widget-heading\" data-id=\"41074e18\" data-element_type=\"widget\" data-e-type=\"widget\" data-widget_type=\"heading.default\">\n\t\t\t\t<div class=\"elementor-widget-container\">\n\t\t\t\t\t<h2 class=\"elementor-heading-title elementor-size-default\">Playground<\/h2>\t\t\t\t<\/div>\n\t\t\t\t<\/div>\n\t\t\t\t<div class=\"elementor-element elementor-element-9690b48 elementor-widget elementor-widget-html\" data-id=\"9690b48\" data-element_type=\"widget\" data-e-type=\"widget\" data-widget_type=\"html.default\">\n\t\t\t\t<div class=\"elementor-widget-container\">\n\t\t\t\t\t15 juni-11 augusti kl. 11.00-16.30. <br><br>\nFor children, the whole park is a big adventure, but perhaps they will remember the playground the most. Here Brum-Brums playground, carousels, bungee run, obstacle course, water play with rafts and more can be found.<br><br>\n\n\t\t\t\t<\/div>\n\t\t\t\t<\/div>\n\t\t\t\t<div class=\"elementor-element elementor-element-096ea2a elementor-invisible elementor-widget elementor-widget-gallery\" data-id=\"096ea2a\" data-element_type=\"widget\" data-e-type=\"widget\" data-settings=\"{&quot;gap&quot;:{&quot;unit&quot;:&quot;px&quot;,&quot;size&quot;:13,&quot;sizes&quot;:[]},&quot;_animation&quot;:&quot;fadeInUp&quot;,&quot;columns&quot;:2,&quot;lazyload&quot;:&quot;yes&quot;,&quot;gallery_layout&quot;:&quot;grid&quot;,&quot;columns_tablet&quot;:2,&quot;columns_mobile&quot;:1,&quot;gap_tablet&quot;:{&quot;unit&quot;:&quot;px&quot;,&quot;size&quot;:10,&quot;sizes&quot;:[]},&quot;gap_mobile&quot;:{&quot;unit&quot;:&quot;px&quot;,&quot;size&quot;:10,&quot;sizes&quot;:[]},&quot;link_to&quot;:&quot;file&quot;,&quot;aspect_ratio&quot;:&quot;3:2&quot;,&quot;overlay_background&quot;:&quot;yes&quot;,&quot;content_hover_animation&quot;:&quot;fade-in&quot;}\" data-widget_type=\"gallery.default\">\n\t\t\t\t<div class=\"elementor-widget-container\">\n\t\t\t\t\t\t\t<div class=\"elementor-gallery__container\">\n\t\t\t\t\t\t\t<a class=\"e-gallery-item elementor-gallery-item elementor-animated-content\" href=\"https:\/\/lyckseledjurpark.se\/wp-content\/uploads\/2023\/05\/20230522_121243-scaled-e1716889589268.jpg\" data-elementor-open-lightbox=\"yes\" data-elementor-lightbox-slideshow=\"096ea2a\" data-elementor-lightbox-title=\"lyckoland-6\" data-e-action-hash=\"#elementor-action%3Aaction%3Dlightbox%26settings%3DeyJpZCI6NTM0NiwidXJsIjoiaHR0cHM6XC9cL2x5Y2tzZWxlZGp1cnBhcmsuc2VcL3dwLWNvbnRlbnRcL3VwbG9hZHNcLzIwMjNcLzA1XC8yMDIzMDUyMl8xMjEyNDMtc2NhbGVkLWUxNzE2ODg5NTg5MjY4LmpwZyIsInNsaWRlc2hvdyI6IjA5NmVhMmEifQ%3D%3D\">\n\t\t\t\t\t<div class=\"e-gallery-image elementor-gallery-item__image\" data-thumbnail=\"https:\/\/lyckseledjurpark.se\/wp-content\/uploads\/2023\/05\/20230522_121243-scaled-e1716889589268.jpg\" data-width=\"650\" data-height=\"325\" aria-label=\"\" role=\"img\" ><\/div>\n\t\t\t\t\t\t\t\t\t\t\t<div class=\"elementor-gallery-item__overlay\"><\/div>\n\t\t\t\t\t\t\t\t\t\t\t\t\t\t<\/a>\n\t\t\t\t\t\t\t<a class=\"e-gallery-item elementor-gallery-item elementor-animated-content\" href=\"https:\/\/lyckseledjurpark.se\/wp-content\/uploads\/2024\/05\/lyckseledjurpark-webb_49rectangle.jpg\" data-elementor-open-lightbox=\"yes\" data-elementor-lightbox-slideshow=\"096ea2a\" data-elementor-lightbox-title=\"lyckseledjurpark-webb_49rectangle\" data-e-action-hash=\"#elementor-action%3Aaction%3Dlightbox%26settings%3DeyJpZCI6NjM1MSwidXJsIjoiaHR0cHM6XC9cL2x5Y2tzZWxlZGp1cnBhcmsuc2VcL3dwLWNvbnRlbnRcL3VwbG9hZHNcLzIwMjRcLzA1XC9seWNrc2VsZWRqdXJwYXJrLXdlYmJfNDlyZWN0YW5nbGUuanBnIiwic2xpZGVzaG93IjoiMDk2ZWEyYSJ9\">\n\t\t\t\t\t<div class=\"e-gallery-image elementor-gallery-item__image\" data-thumbnail=\"https:\/\/lyckseledjurpark.se\/wp-content\/uploads\/2024\/05\/lyckseledjurpark-webb_49rectangle.jpg\" data-width=\"650\" data-height=\"325\" aria-label=\"\" role=\"img\" ><\/div>\n\t\t\t\t\t\t\t\t\t\t\t<div class=\"elementor-gallery-item__overlay\"><\/div>\n\t\t\t\t\t\t\t\t\t\t\t\t\t\t<\/a>\n\t\t\t\t\t\t\t<a class=\"e-gallery-item elementor-gallery-item elementor-animated-content\" href=\"https:\/\/lyckseledjurpark.se\/wp-content\/uploads\/2024\/05\/lyckseledjurpark-webb_47rectangle.jpg\" data-elementor-open-lightbox=\"yes\" data-elementor-lightbox-slideshow=\"096ea2a\" data-elementor-lightbox-title=\"lyckseledjurpark-webb_47rectangle\" data-e-action-hash=\"#elementor-action%3Aaction%3Dlightbox%26settings%3DeyJpZCI6NjM1MCwidXJsIjoiaHR0cHM6XC9cL2x5Y2tzZWxlZGp1cnBhcmsuc2VcL3dwLWNvbnRlbnRcL3VwbG9hZHNcLzIwMjRcLzA1XC9seWNrc2VsZWRqdXJwYXJrLXdlYmJfNDdyZWN0YW5nbGUuanBnIiwic2xpZGVzaG93IjoiMDk2ZWEyYSJ9\">\n\t\t\t\t\t<div class=\"e-gallery-image elementor-gallery-item__image\" data-thumbnail=\"https:\/\/lyckseledjurpark.se\/wp-content\/uploads\/2024\/05\/lyckseledjurpark-webb_47rectangle.jpg\" data-width=\"650\" data-height=\"325\" aria-label=\"\" role=\"img\" ><\/div>\n\t\t\t\t\t\t\t\t\t\t\t<div class=\"elementor-gallery-item__overlay\"><\/div>\n\t\t\t\t\t\t\t\t\t\t\t\t\t\t<\/a>\n\t\t\t\t\t\t\t<a class=\"e-gallery-item elementor-gallery-item elementor-animated-content\" href=\"https:\/\/lyckseledjurpark.se\/wp-content\/uploads\/2024\/05\/lyckseledjurpark-webb_50rectangle.jpg\" data-elementor-open-lightbox=\"yes\" data-elementor-lightbox-slideshow=\"096ea2a\" data-elementor-lightbox-title=\"lyckseledjurpark-webb_50rectangle\" data-e-action-hash=\"#elementor-action%3Aaction%3Dlightbox%26settings%3DeyJpZCI6NjM1MywidXJsIjoiaHR0cHM6XC9cL2x5Y2tzZWxlZGp1cnBhcmsuc2VcL3dwLWNvbnRlbnRcL3VwbG9hZHNcLzIwMjRcLzA1XC9seWNrc2VsZWRqdXJwYXJrLXdlYmJfNTByZWN0YW5nbGUuanBnIiwic2xpZGVzaG93IjoiMDk2ZWEyYSJ9\">\n\t\t\t\t\t<div class=\"e-gallery-image elementor-gallery-item__image\" data-thumbnail=\"https:\/\/lyckseledjurpark.se\/wp-content\/uploads\/2024\/05\/lyckseledjurpark-webb_50rectangle.jpg\" data-width=\"650\" data-height=\"325\" aria-label=\"\" role=\"img\" ><\/div>\n\t\t\t\t\t\t\t\t\t\t\t<div class=\"elementor-gallery-item__overlay\"><\/div>\n\t\t\t\t\t\t\t\t\t\t\t\t\t\t<\/a>\n\t\t\t\t\t<\/div>\n\t\t\t\t\t<\/div>\n\t\t\t\t<\/div>\n\t\t\t\t\t<\/div>\n\t\t<\/div>\n\t\t\t\t\t<\/div>\n\t\t<\/section>\n\t\t\t\t<\/div>","protected":false},"excerpt":{"rendered":"<p>Leklandet 15 juni-11 augusti kl. 11.00-16.30. F\u00f6r barnen \u00e4r hela parken ett stort \u00e4ventyr, men kanske \u00e4r det \u00e4nd\u00e5 Leklandet som de minns mest. H\u00e4r finns Brum-Brums lekland, karuseller, bungee run, hinderbana, kl\u00e4ttertorn, studslandskap, trampb\u00e5tar, ankdamm, linbana, vattenlek med flottar och mycket annat.<\/p>","protected":false},"author":1,"featured_media":0,"parent":0,"menu_order":0,"comment_status":"closed","ping_status":"closed","template":"elementor_header_footer","meta":{"inline_featured_image":false,"footnotes":""},"class_list":["post-2215","page","type-page","status-publish","hentry"],"yoast_head":"<!-- This site is optimized with the Yoast SEO plugin v27.3 - https:\/\/yoast.com\/product\/yoast-seo-wordpress\/ -->\n<title>V\u00e4lkommen till leklandet - Roliga \u00e4ventyr p\u00e5 Lycksele Djurpark<\/title>\n<meta name=\"description\" content=\"Leklandet p\u00e5 Lycksele Djurpark erbjuder barn ett \u00e4ventyr med karuseller, hinderbanor, vattenlek och mycket mer.\" \/>\n<meta name=\"robots\" content=\"index, follow, max-snippet:-1, max-image-preview:large, max-video-preview:-1\" \/>\n<link rel=\"canonical\" href=\"https:\/\/lyckseledjurpark.se\/en\/leklandet\/\" \/>\n<meta property=\"og:locale\" content=\"en_GB\" \/>\n<meta property=\"og:type\" content=\"article\" \/>\n<meta property=\"og:title\" content=\"V\u00e4lkommen till leklandet - Roliga \u00e4ventyr p\u00e5 Lycksele Djurpark\" \/>\n<meta property=\"og:description\" content=\"Leklandet p\u00e5 Lycksele Djurpark erbjuder barn ett \u00e4ventyr med karuseller, hinderbanor, vattenlek och mycket mer.\" \/>\n<meta property=\"og:url\" content=\"https:\/\/lyckseledjurpark.se\/en\/leklandet\/\" \/>\n<meta property=\"og:site_name\" content=\"Lycksele Djurpark\" \/>\n<meta property=\"article:publisher\" content=\"https:\/\/www.facebook.com\/LyckseleDjurparkAB\/\" \/>\n<meta property=\"article:modified_time\" content=\"2024-10-22T14:49:10+00:00\" \/>\n<meta property=\"og:image\" content=\"https:\/\/lyckseledjurpark.se\/wp-content\/uploads\/2020\/03\/lyckseledjurpark-webb_38square.jpg\" \/>\n\t<meta property=\"og:image:width\" content=\"650\" \/>\n\t<meta property=\"og:image:height\" content=\"650\" \/>\n\t<meta property=\"og:image:type\" content=\"image\/jpeg\" \/>\n<meta name=\"twitter:card\" content=\"summary_large_image\" \/>\n<meta name=\"twitter:label1\" content=\"Estimated reading time\" \/>\n\t<meta name=\"twitter:data1\" content=\"1 minute\" \/>\n<script type=\"application\/ld+json\" class=\"yoast-schema-graph\">{\"@context\":\"https:\\\/\\\/schema.org\",\"@graph\":[{\"@type\":\"WebPage\",\"@id\":\"https:\\\/\\\/lyckseledjurpark.se\\\/leklandet\\\/\",\"url\":\"https:\\\/\\\/lyckseledjurpark.se\\\/leklandet\\\/\",\"name\":\"V\u00e4lkommen till leklandet - Roliga \u00e4ventyr p\u00e5 Lycksele Djurpark\",\"isPartOf\":{\"@id\":\"https:\\\/\\\/lyckseledjurpark.se\\\/en\\\/#website\"},\"primaryImageOfPage\":{\"@id\":\"https:\\\/\\\/lyckseledjurpark.se\\\/leklandet\\\/#primaryimage\"},\"image\":{\"@id\":\"https:\\\/\\\/lyckseledjurpark.se\\\/leklandet\\\/#primaryimage\"},\"thumbnailUrl\":\"https:\\\/\\\/lyckseledjurpark.se\\\/wp-content\\\/uploads\\\/2020\\\/03\\\/lyckseledjurpark-webb_38square.jpg\",\"datePublished\":\"2020-05-19T12:28:07+00:00\",\"dateModified\":\"2024-10-22T14:49:10+00:00\",\"description\":\"Leklandet p\u00e5 Lycksele Djurpark erbjuder barn ett \u00e4ventyr med karuseller, hinderbanor, vattenlek och mycket mer.\",\"breadcrumb\":{\"@id\":\"https:\\\/\\\/lyckseledjurpark.se\\\/leklandet\\\/#breadcrumb\"},\"inLanguage\":\"en-GB\",\"potentialAction\":[{\"@type\":\"ReadAction\",\"target\":[\"https:\\\/\\\/lyckseledjurpark.se\\\/leklandet\\\/\"]}]},{\"@type\":\"ImageObject\",\"inLanguage\":\"en-GB\",\"@id\":\"https:\\\/\\\/lyckseledjurpark.se\\\/leklandet\\\/#primaryimage\",\"url\":\"https:\\\/\\\/lyckseledjurpark.se\\\/wp-content\\\/uploads\\\/2020\\\/03\\\/lyckseledjurpark-webb_38square.jpg\",\"contentUrl\":\"https:\\\/\\\/lyckseledjurpark.se\\\/wp-content\\\/uploads\\\/2020\\\/03\\\/lyckseledjurpark-webb_38square.jpg\"},{\"@type\":\"BreadcrumbList\",\"@id\":\"https:\\\/\\\/lyckseledjurpark.se\\\/leklandet\\\/#breadcrumb\",\"itemListElement\":[{\"@type\":\"ListItem\",\"position\":1,\"name\":\"Hem\",\"item\":\"https:\\\/\\\/lyckseledjurpark.se\\\/\"},{\"@type\":\"ListItem\",\"position\":2,\"name\":\"Leklandet\"}]},{\"@type\":\"WebSite\",\"@id\":\"https:\\\/\\\/lyckseledjurpark.se\\\/en\\\/#website\",\"url\":\"https:\\\/\\\/lyckseledjurpark.se\\\/en\\\/\",\"name\":\"Lycksele Djurpark\",\"description\":\" Sveriges Nordligaste Djurpark\",\"potentialAction\":[{\"@type\":\"SearchAction\",\"target\":{\"@type\":\"EntryPoint\",\"urlTemplate\":\"https:\\\/\\\/lyckseledjurpark.se\\\/en\\\/?s={search_term_string}\"},\"query-input\":{\"@type\":\"PropertyValueSpecification\",\"valueRequired\":true,\"valueName\":\"search_term_string\"}}],\"inLanguage\":\"en-GB\"}]}<\/script>\n<!-- \/ Yoast SEO plugin. -->","yoast_head_json":{"title":"V\u00e4lkommen till leklandet - Roliga \u00e4ventyr p\u00e5 Lycksele Djurpark","description":"Leklandet p\u00e5 Lycksele Djurpark erbjuder barn ett \u00e4ventyr med karuseller, hinderbanor, vattenlek och mycket mer.","robots":{"index":"index","follow":"follow","max-snippet":"max-snippet:-1","max-image-preview":"max-image-preview:large","max-video-preview":"max-video-preview:-1"},"canonical":"https:\/\/lyckseledjurpark.se\/en\/leklandet\/","og_locale":"en_GB","og_type":"article","og_title":"V\u00e4lkommen till leklandet - Roliga \u00e4ventyr p\u00e5 Lycksele Djurpark","og_description":"Leklandet p\u00e5 Lycksele Djurpark erbjuder barn ett \u00e4ventyr med karuseller, hinderbanor, vattenlek och mycket mer.","og_url":"https:\/\/lyckseledjurpark.se\/en\/leklandet\/","og_site_name":"Lycksele Djurpark","article_publisher":"https:\/\/www.facebook.com\/LyckseleDjurparkAB\/","article_modified_time":"2024-10-22T14:49:10+00:00","og_image":[{"width":650,"height":650,"url":"https:\/\/lyckseledjurpark.se\/wp-content\/uploads\/2020\/03\/lyckseledjurpark-webb_38square.jpg","type":"image\/jpeg"}],"twitter_card":"summary_large_image","twitter_misc":{"Estimated reading time":"1 minute"},"schema":{"@context":"https:\/\/schema.org","@graph":[{"@type":"WebPage","@id":"https:\/\/lyckseledjurpark.se\/leklandet\/","url":"https:\/\/lyckseledjurpark.se\/leklandet\/","name":"V\u00e4lkommen till leklandet - Roliga \u00e4ventyr p\u00e5 Lycksele Djurpark","isPartOf":{"@id":"https:\/\/lyckseledjurpark.se\/en\/#website"},"primaryImageOfPage":{"@id":"https:\/\/lyckseledjurpark.se\/leklandet\/#primaryimage"},"image":{"@id":"https:\/\/lyckseledjurpark.se\/leklandet\/#primaryimage"},"thumbnailUrl":"https:\/\/lyckseledjurpark.se\/wp-content\/uploads\/2020\/03\/lyckseledjurpark-webb_38square.jpg","datePublished":"2020-05-19T12:28:07+00:00","dateModified":"2024-10-22T14:49:10+00:00","description":"Leklandet p\u00e5 Lycksele Djurpark erbjuder barn ett \u00e4ventyr med karuseller, hinderbanor, vattenlek och mycket mer.","breadcrumb":{"@id":"https:\/\/lyckseledjurpark.se\/leklandet\/#breadcrumb"},"inLanguage":"en-GB","potentialAction":[{"@type":"ReadAction","target":["https:\/\/lyckseledjurpark.se\/leklandet\/"]}]},{"@type":"ImageObject","inLanguage":"en-GB","@id":"https:\/\/lyckseledjurpark.se\/leklandet\/#primaryimage","url":"https:\/\/lyckseledjurpark.se\/wp-content\/uploads\/2020\/03\/lyckseledjurpark-webb_38square.jpg","contentUrl":"https:\/\/lyckseledjurpark.se\/wp-content\/uploads\/2020\/03\/lyckseledjurpark-webb_38square.jpg"},{"@type":"BreadcrumbList","@id":"https:\/\/lyckseledjurpark.se\/leklandet\/#breadcrumb","itemListElement":[{"@type":"ListItem","position":1,"name":"Hem","item":"https:\/\/lyckseledjurpark.se\/"},{"@type":"ListItem","position":2,"name":"Leklandet"}]},{"@type":"WebSite","@id":"https:\/\/lyckseledjurpark.se\/en\/#website","url":"https:\/\/lyckseledjurpark.se\/en\/","name":"Lycksele Zoo","description":"Sveriges Nordligaste Djurpark","potentialAction":[{"@type":"SearchAction","target":{"@type":"EntryPoint","urlTemplate":"https:\/\/lyckseledjurpark.se\/en\/?s={search_term_string}"},"query-input":{"@type":"PropertyValueSpecification","valueRequired":true,"valueName":"search_term_string"}}],"inLanguage":"en-GB"}]}},"_links":{"self":[{"href":"https:\/\/lyckseledjurpark.se\/en\/wp-json\/wp\/v2\/pages\/2215","targetHints":{"allow":["GET"]}}],"collection":[{"href":"https:\/\/lyckseledjurpark.se\/en\/wp-json\/wp\/v2\/pages"}],"about":[{"href":"https:\/\/lyckseledjurpark.se\/en\/wp-json\/wp\/v2\/types\/page"}],"author":[{"embeddable":true,"href":"https:\/\/lyckseledjurpark.se\/en\/wp-json\/wp\/v2\/users\/1"}],"replies":[{"embeddable":true,"href":"https:\/\/lyckseledjurpark.se\/en\/wp-json\/wp\/v2\/comments?post=2215"}],"version-history":[{"count":92,"href":"https:\/\/lyckseledjurpark.se\/en\/wp-json\/wp\/v2\/pages\/2215\/revisions"}],"predecessor-version":[{"id":6730,"href":"https:\/\/lyckseledjurpark.se\/en\/wp-json\/wp\/v2\/pages\/2215\/revisions\/6730"}],"wp:attachment":[{"href":"https:\/\/lyckseledjurpark.se\/en\/wp-json\/wp\/v2\/media?parent=2215"}],"curies":[{"name":"wp","href":"https:\/\/api.w.org\/{rel}","templated":true}]}}