{"id":2187,"date":"2020-05-19T11:08:56","date_gmt":"2020-05-19T09:08:56","guid":{"rendered":"https:\/\/lyckseledjurpark.chillimedia.se\/?page_id=2187"},"modified":"2024-10-22T10:52:23","modified_gmt":"2024-10-22T08:52:23","slug":"om-oss","status":"publish","type":"page","link":"https:\/\/lyckseledjurpark.se\/en\/om-oss\/","title":{"rendered":"About us"},"content":{"rendered":"<div data-elementor-type=\"wp-page\" data-elementor-id=\"2187\" class=\"elementor elementor-2187\" data-elementor-post-type=\"page\">\n\t\t\t\t\t\t<section class=\"elementor-section elementor-top-section elementor-element elementor-element-9bb392e elementor-section-stretched elementor-reverse-tablet elementor-reverse-mobile elementor-section-boxed elementor-section-height-default elementor-section-height-default\" data-id=\"9bb392e\" data-element_type=\"section\" data-e-type=\"section\" data-settings=\"{&quot;stretch_section&quot;:&quot;section-stretched&quot;}\">\n\t\t\t\t\t\t<div class=\"elementor-container elementor-column-gap-no\">\n\t\t\t\t\t<div class=\"elementor-column elementor-col-50 elementor-top-column elementor-element elementor-element-4449ad1\" data-id=\"4449ad1\" data-element_type=\"column\" data-e-type=\"column\">\n\t\t\t<div class=\"elementor-widget-wrap elementor-element-populated\">\n\t\t\t\t\t\t<div class=\"elementor-element elementor-element-abffd7b img-mask elementor-widget elementor-widget-image\" data-id=\"abffd7b\" data-element_type=\"widget\" data-e-type=\"widget\" data-widget_type=\"image.default\">\n\t\t\t\t<div class=\"elementor-widget-container\">\n\t\t\t\t\t\t\t\t\t\t\t\t\t\t\t<img fetchpriority=\"high\" decoding=\"async\" width=\"630\" height=\"630\" src=\"https:\/\/lyckseledjurpark.se\/wp-content\/uploads\/2020\/06\/om-oss-630x630-1.jpg\" class=\"attachment-full size-full wp-image-3046\" alt=\"Om oss\" srcset=\"https:\/\/lyckseledjurpark.se\/wp-content\/uploads\/2020\/06\/om-oss-630x630-1.jpg 630w, https:\/\/lyckseledjurpark.se\/wp-content\/uploads\/2020\/06\/om-oss-630x630-1-300x300.jpg 300w, https:\/\/lyckseledjurpark.se\/wp-content\/uploads\/2020\/06\/om-oss-630x630-1-150x150.jpg 150w\" sizes=\"(max-width: 630px) 100vw, 630px\" \/>\t\t\t\t\t\t\t\t\t\t\t\t\t\t\t<\/div>\n\t\t\t\t<\/div>\n\t\t\t\t\t<\/div>\n\t\t<\/div>\n\t\t\t\t<div class=\"elementor-column elementor-col-50 elementor-top-column elementor-element elementor-element-18f1598\" data-id=\"18f1598\" data-element_type=\"column\" data-e-type=\"column\">\n\t\t\t<div class=\"elementor-widget-wrap elementor-element-populated\">\n\t\t\t\t\t\t<div class=\"elementor-element elementor-element-2944f0e elementor-widget elementor-widget-heading\" data-id=\"2944f0e\" data-element_type=\"widget\" data-e-type=\"widget\" data-widget_type=\"heading.default\">\n\t\t\t\t<div class=\"elementor-widget-container\">\n\t\t\t\t\t<h2 class=\"elementor-heading-title elementor-size-default\">About Lycksele Zoo <\/h2>\t\t\t\t<\/div>\n\t\t\t\t<\/div>\n\t\t\t\t<div class=\"elementor-element elementor-element-9056a14 elementor-widget elementor-widget-text-editor\" data-id=\"9056a14\" data-element_type=\"widget\" data-e-type=\"widget\" data-widget_type=\"text-editor.default\">\n\t\t\t\t<div class=\"elementor-widget-container\">\n\t\t\t\t\t\t\t\t\tLycksele Zoo is Sweden's northernmost Zoo and specializes in Nordic animals. Lycksele Zoo was founded in 1959 by Holger Lithner. It started with a small collection of animals at Gammplatsen. The zoo moved to Br\u00e4nnberget in 1966, where it has developed into Norrland's largest tourist facility. The zoo is run by Lycksele municipality.\t\t\t\t\t\t\t\t<\/div>\n\t\t\t\t<\/div>\n\t\t\t\t\t<\/div>\n\t\t<\/div>\n\t\t\t\t\t<\/div>\n\t\t<\/section>\n\t\t\t\t<\/div>","protected":false},"excerpt":{"rendered":"<p>Om Lycksele Djurpark Lycksele djurpark \u00e4r Sveriges nordligaste och specialiserad p\u00e5 nordiska djur. Lycksele djurpark grundades 1959 av Holger Lithner. Det b\u00f6rjade med en liten djursamling p\u00e5 Gammplatsen. Djurparken flyttade till Br\u00e4nnberget 1966 d\u00e4r den har utvecklats till norrlands st\u00f6rsta\u00a0 turistanl\u00e4ggning. Djurparken drivs av\u00a0Lycksele kommun.<\/p>","protected":false},"author":1,"featured_media":0,"parent":0,"menu_order":0,"comment_status":"closed","ping_status":"closed","template":"elementor_header_footer","meta":{"inline_featured_image":false,"footnotes":""},"class_list":["post-2187","page","type-page","status-publish","hentry"],"yoast_head":"<!-- This site is optimized with the Yoast SEO plugin v27.3 - https:\/\/yoast.com\/product\/yoast-seo-wordpress\/ -->\n<title>Om oss - V\u00e5r historia och v\u00e5rt uppdrag p\u00e5 Lycksele Djurpark<\/title>\n<meta name=\"description\" content=\"Lycksele Djurpark \u00e4r Sveriges nordligaste djurpark, specialiserad p\u00e5 nordiska djur. Uppt\u00e4ck \u00f6ppettider, priser och parkens historia.\" \/>\n<meta name=\"robots\" content=\"index, follow, max-snippet:-1, max-image-preview:large, max-video-preview:-1\" \/>\n<link rel=\"canonical\" href=\"https:\/\/lyckseledjurpark.se\/en\/om-oss\/\" \/>\n<meta property=\"og:locale\" content=\"en_GB\" \/>\n<meta property=\"og:type\" content=\"article\" \/>\n<meta property=\"og:title\" content=\"Om oss - V\u00e5r historia och v\u00e5rt uppdrag p\u00e5 Lycksele Djurpark\" \/>\n<meta property=\"og:description\" content=\"Lycksele Djurpark \u00e4r Sveriges nordligaste djurpark, specialiserad p\u00e5 nordiska djur. Uppt\u00e4ck \u00f6ppettider, priser och parkens historia.\" \/>\n<meta property=\"og:url\" content=\"https:\/\/lyckseledjurpark.se\/en\/om-oss\/\" \/>\n<meta property=\"og:site_name\" content=\"Lycksele Djurpark\" \/>\n<meta property=\"article:publisher\" content=\"https:\/\/www.facebook.com\/LyckseleDjurparkAB\/\" \/>\n<meta property=\"article:modified_time\" content=\"2024-10-22T08:52:23+00:00\" \/>\n<meta property=\"og:image\" content=\"https:\/\/lyckseledjurpark.se\/wp-content\/uploads\/2020\/06\/om-oss-630x630-1.jpg\" \/>\n<meta name=\"twitter:card\" content=\"summary_large_image\" \/>\n<meta name=\"twitter:label1\" content=\"Estimated reading time\" \/>\n\t<meta name=\"twitter:data1\" content=\"1 minute\" \/>\n<script type=\"application\/ld+json\" class=\"yoast-schema-graph\">{\"@context\":\"https:\\\/\\\/schema.org\",\"@graph\":[{\"@type\":\"WebPage\",\"@id\":\"https:\\\/\\\/lyckseledjurpark.se\\\/om-oss\\\/\",\"url\":\"https:\\\/\\\/lyckseledjurpark.se\\\/om-oss\\\/\",\"name\":\"Om oss - V\u00e5r historia och v\u00e5rt uppdrag p\u00e5 Lycksele Djurpark\",\"isPartOf\":{\"@id\":\"https:\\\/\\\/lyckseledjurpark.se\\\/en\\\/#website\"},\"primaryImageOfPage\":{\"@id\":\"https:\\\/\\\/lyckseledjurpark.se\\\/om-oss\\\/#primaryimage\"},\"image\":{\"@id\":\"https:\\\/\\\/lyckseledjurpark.se\\\/om-oss\\\/#primaryimage\"},\"thumbnailUrl\":\"https:\\\/\\\/lyckseledjurpark.se\\\/wp-content\\\/uploads\\\/2020\\\/06\\\/om-oss-630x630-1.jpg\",\"datePublished\":\"2020-05-19T09:08:56+00:00\",\"dateModified\":\"2024-10-22T08:52:23+00:00\",\"description\":\"Lycksele Djurpark \u00e4r Sveriges nordligaste djurpark, specialiserad p\u00e5 nordiska djur. Uppt\u00e4ck \u00f6ppettider, priser och parkens historia.\",\"breadcrumb\":{\"@id\":\"https:\\\/\\\/lyckseledjurpark.se\\\/om-oss\\\/#breadcrumb\"},\"inLanguage\":\"en-GB\",\"potentialAction\":[{\"@type\":\"ReadAction\",\"target\":[\"https:\\\/\\\/lyckseledjurpark.se\\\/om-oss\\\/\"]}]},{\"@type\":\"ImageObject\",\"inLanguage\":\"en-GB\",\"@id\":\"https:\\\/\\\/lyckseledjurpark.se\\\/om-oss\\\/#primaryimage\",\"url\":\"https:\\\/\\\/lyckseledjurpark.se\\\/wp-content\\\/uploads\\\/2020\\\/06\\\/om-oss-630x630-1.jpg\",\"contentUrl\":\"https:\\\/\\\/lyckseledjurpark.se\\\/wp-content\\\/uploads\\\/2020\\\/06\\\/om-oss-630x630-1.jpg\"},{\"@type\":\"BreadcrumbList\",\"@id\":\"https:\\\/\\\/lyckseledjurpark.se\\\/om-oss\\\/#breadcrumb\",\"itemListElement\":[{\"@type\":\"ListItem\",\"position\":1,\"name\":\"Hem\",\"item\":\"https:\\\/\\\/lyckseledjurpark.se\\\/\"},{\"@type\":\"ListItem\",\"position\":2,\"name\":\"Om oss\"}]},{\"@type\":\"WebSite\",\"@id\":\"https:\\\/\\\/lyckseledjurpark.se\\\/en\\\/#website\",\"url\":\"https:\\\/\\\/lyckseledjurpark.se\\\/en\\\/\",\"name\":\"Lycksele Djurpark\",\"description\":\" Sveriges Nordligaste Djurpark\",\"potentialAction\":[{\"@type\":\"SearchAction\",\"target\":{\"@type\":\"EntryPoint\",\"urlTemplate\":\"https:\\\/\\\/lyckseledjurpark.se\\\/en\\\/?s={search_term_string}\"},\"query-input\":{\"@type\":\"PropertyValueSpecification\",\"valueRequired\":true,\"valueName\":\"search_term_string\"}}],\"inLanguage\":\"en-GB\"}]}<\/script>\n<!-- \/ Yoast SEO plugin. -->","yoast_head_json":{"title":"Om oss - V\u00e5r historia och v\u00e5rt uppdrag p\u00e5 Lycksele Djurpark","description":"Lycksele Djurpark \u00e4r Sveriges nordligaste djurpark, specialiserad p\u00e5 nordiska djur. Uppt\u00e4ck \u00f6ppettider, priser och parkens historia.","robots":{"index":"index","follow":"follow","max-snippet":"max-snippet:-1","max-image-preview":"max-image-preview:large","max-video-preview":"max-video-preview:-1"},"canonical":"https:\/\/lyckseledjurpark.se\/en\/om-oss\/","og_locale":"en_GB","og_type":"article","og_title":"Om oss - V\u00e5r historia och v\u00e5rt uppdrag p\u00e5 Lycksele Djurpark","og_description":"Lycksele Djurpark \u00e4r Sveriges nordligaste djurpark, specialiserad p\u00e5 nordiska djur. Uppt\u00e4ck \u00f6ppettider, priser och parkens historia.","og_url":"https:\/\/lyckseledjurpark.se\/en\/om-oss\/","og_site_name":"Lycksele Djurpark","article_publisher":"https:\/\/www.facebook.com\/LyckseleDjurparkAB\/","article_modified_time":"2024-10-22T08:52:23+00:00","og_image":[{"url":"https:\/\/lyckseledjurpark.se\/wp-content\/uploads\/2020\/06\/om-oss-630x630-1.jpg","type":"","width":"","height":""}],"twitter_card":"summary_large_image","twitter_misc":{"Estimated reading time":"1 minute"},"schema":{"@context":"https:\/\/schema.org","@graph":[{"@type":"WebPage","@id":"https:\/\/lyckseledjurpark.se\/om-oss\/","url":"https:\/\/lyckseledjurpark.se\/om-oss\/","name":"Om oss - V\u00e5r historia och v\u00e5rt uppdrag p\u00e5 Lycksele Djurpark","isPartOf":{"@id":"https:\/\/lyckseledjurpark.se\/en\/#website"},"primaryImageOfPage":{"@id":"https:\/\/lyckseledjurpark.se\/om-oss\/#primaryimage"},"image":{"@id":"https:\/\/lyckseledjurpark.se\/om-oss\/#primaryimage"},"thumbnailUrl":"https:\/\/lyckseledjurpark.se\/wp-content\/uploads\/2020\/06\/om-oss-630x630-1.jpg","datePublished":"2020-05-19T09:08:56+00:00","dateModified":"2024-10-22T08:52:23+00:00","description":"Lycksele Djurpark \u00e4r Sveriges nordligaste djurpark, specialiserad p\u00e5 nordiska djur. Uppt\u00e4ck \u00f6ppettider, priser och parkens historia.","breadcrumb":{"@id":"https:\/\/lyckseledjurpark.se\/om-oss\/#breadcrumb"},"inLanguage":"en-GB","potentialAction":[{"@type":"ReadAction","target":["https:\/\/lyckseledjurpark.se\/om-oss\/"]}]},{"@type":"ImageObject","inLanguage":"en-GB","@id":"https:\/\/lyckseledjurpark.se\/om-oss\/#primaryimage","url":"https:\/\/lyckseledjurpark.se\/wp-content\/uploads\/2020\/06\/om-oss-630x630-1.jpg","contentUrl":"https:\/\/lyckseledjurpark.se\/wp-content\/uploads\/2020\/06\/om-oss-630x630-1.jpg"},{"@type":"BreadcrumbList","@id":"https:\/\/lyckseledjurpark.se\/om-oss\/#breadcrumb","itemListElement":[{"@type":"ListItem","position":1,"name":"Hem","item":"https:\/\/lyckseledjurpark.se\/"},{"@type":"ListItem","position":2,"name":"Om oss"}]},{"@type":"WebSite","@id":"https:\/\/lyckseledjurpark.se\/en\/#website","url":"https:\/\/lyckseledjurpark.se\/en\/","name":"Lycksele Zoo","description":"Sveriges Nordligaste Djurpark","potentialAction":[{"@type":"SearchAction","target":{"@type":"EntryPoint","urlTemplate":"https:\/\/lyckseledjurpark.se\/en\/?s={search_term_string}"},"query-input":{"@type":"PropertyValueSpecification","valueRequired":true,"valueName":"search_term_string"}}],"inLanguage":"en-GB"}]}},"_links":{"self":[{"href":"https:\/\/lyckseledjurpark.se\/en\/wp-json\/wp\/v2\/pages\/2187","targetHints":{"allow":["GET"]}}],"collection":[{"href":"https:\/\/lyckseledjurpark.se\/en\/wp-json\/wp\/v2\/pages"}],"about":[{"href":"https:\/\/lyckseledjurpark.se\/en\/wp-json\/wp\/v2\/types\/page"}],"author":[{"embeddable":true,"href":"https:\/\/lyckseledjurpark.se\/en\/wp-json\/wp\/v2\/users\/1"}],"replies":[{"embeddable":true,"href":"https:\/\/lyckseledjurpark.se\/en\/wp-json\/wp\/v2\/comments?post=2187"}],"version-history":[{"count":11,"href":"https:\/\/lyckseledjurpark.se\/en\/wp-json\/wp\/v2\/pages\/2187\/revisions"}],"predecessor-version":[{"id":6692,"href":"https:\/\/lyckseledjurpark.se\/en\/wp-json\/wp\/v2\/pages\/2187\/revisions\/6692"}],"wp:attachment":[{"href":"https:\/\/lyckseledjurpark.se\/en\/wp-json\/wp\/v2\/media?parent=2187"}],"curies":[{"name":"wp","href":"https:\/\/api.w.org\/{rel}","templated":true}]}}